{"id":1557,"date":"2022-03-25T16:25:23","date_gmt":"2022-03-25T19:25:23","guid":{"rendered":"https:\/\/eramine.eramet.com\/?page_id=1557"},"modified":"2025-07-31T13:10:34","modified_gmt":"2025-07-31T16:10:34","slug":"acerca-de-nosotros","status":"publish","type":"page","link":"https:\/\/eramine.eramet.com\/es\/eramine\/acerca-de-nosotros\/","title":{"rendered":"Acerca de nosotros"},"content":{"rendered":"<div class=\"fusion-fullwidth fullwidth-box fusion-builder-row-1 fusion-flex-container nonhundred-percent-fullwidth non-hundred-percent-height-scrolling\" style=\"--awb-border-radius-top-left:0px;--awb-border-radius-top-right:0px;--awb-border-radius-bottom-right:0px;--awb-border-radius-bottom-left:0px;--awb-flex-wrap:wrap;\" ><div class=\"fusion-builder-row fusion-row fusion-flex-align-items-flex-start fusion-flex-content-wrap\" style=\"max-width:1248px;margin-left: calc(-4% \/ 2 );margin-right: calc(-4% \/ 2 );\"><div class=\"fusion-layout-column fusion_builder_column fusion-builder-column-0 fusion_builder_column_1_1 1_1 fusion-flex-column\" style=\"--awb-bg-blend:overlay;--awb-bg-size:cover;--awb-width-large:100%;--awb-margin-top-large:0px;--awb-spacing-right-large:1.92%;--awb-margin-bottom-large:0px;--awb-spacing-left-large:1.92%;--awb-width-medium:100%;--awb-spacing-right-medium:1.92%;--awb-spacing-left-medium:1.92%;--awb-width-small:100%;--awb-spacing-right-small:1.92%;--awb-spacing-left-small:1.92%;\"><div class=\"fusion-column-wrapper fusion-flex-justify-content-flex-start fusion-content-layout-column\"><div class=\"fusion-text fusion-text-1\"><h2>Un actor relevante en la industria<\/h2>\n<p>Eramine Sudam\u00e9rica SA es una subsidiaria de <strong><a href=\"https:\/\/www.eramet.com\/\" target=\"_blank\" rel=\"noopener\">Eramet<\/a><\/strong>, un grupo minero y metal\u00fargico global franc\u00e9s. Est\u00e1 ubicada en el Salar Centenario Ratones, a 3.800 metros sobre el nivel del mar, en el departamento de Los Andes, en la provincia de Salta, Argentina.<\/p>\n<p>Las actividades de exploraci\u00f3n tuvieron inicio hace 12 a\u00f1os y a fines de 2019 comenz\u00f3 a operar nuestra planta piloto que proporciona una demostraci\u00f3n de la calidad del producto final de carbonato de litio, con m\u00e1s de un 90% de eficiencia de extracci\u00f3n directa. Actualmente, la planta de producci\u00f3n de carbonato de litio se encuentra operativa desde fines de 2024.<\/p>\n<p>El Grupo Eramet tiene una larga historia de inversi\u00f3n, procesamiento e innovaci\u00f3n, lo que lo convierte en uno de los actores claves en la miner\u00eda y la metalurgia a nivel mundial. Est\u00e1 comprometido con la creaci\u00f3n de una industria eficiente y sostenible; en ese sentido, se ha embarcado en el proceso de certificaci\u00f3n del est\u00e1ndar internacional <a href=\"https:\/\/responsiblemining.net\/\" target=\"_blank\" rel=\"noopener\"><strong>IRMA<\/strong><\/a>.<\/p>\n<p>Logros obtenidos:<\/p>\n<ul>\n<li>El Proyecto ha establecido la existencia de <a href=\"https:\/\/eramine.eramet.com\/es\/eramine-sudamerica-s-a\/our-project\/products-market\/\"><strong>reservas<\/strong> <\/a>de 1 mill\u00f3n de toneladas de Carbonato de Litio grado bater\u00eda (LCE),<\/li>\n<li>Confirm\u00f3 la <a href=\"https:\/\/eramine.eramet.com\/es\/eramine-sudamerica-s-a\/our-project\/products-market\/\"><strong>calidad del producto final de carbonato de litio<\/strong><\/a>, con un alt\u00edsimo nivel de eficiencia de extracci\u00f3n directa (&gt;90%), por nuestra Planta Piloto,<\/li>\n<li><a href=\"https:\/\/eramine.eramet.com\/es\/eramine-sudamerica-s-a\/nuestros-compromisos\/medio-ambiente\/\"><strong>Limit\u00f3 el consumo de recursos h\u00eddricos<\/strong><\/a>, gracias a una tasa de reciclaje de agua del 60%,<\/li>\n<li>Obtuvo <a href=\"https:\/\/eramine.eramet.com\/es\/eramine-sudamerica-s-a\/nuestros-compromisos\/etica-e-integridad\/dialogo-con-la-comunidad\/\"><strong>el Consentimiento Previo, Libre e Informado<\/strong><\/a> de las comunidades locales, gracias al seguimiento de un cuidadoso proceso de di\u00e1logo llevado a cabo desde el inicio por el equipo de Eramine.<\/li>\n<\/ul>\n<\/div><\/div><\/div><div class=\"fusion-layout-column fusion_builder_column fusion-builder-column-1 fusion_builder_column_1_2 1_2 fusion-flex-column KeyFigure\" style=\"--awb-padding-bottom:50px;--awb-bg-size:cover;--awb-width-large:50%;--awb-margin-top-large:0px;--awb-spacing-right-large:3.84%;--awb-margin-bottom-large:20px;--awb-spacing-left-large:3.84%;--awb-width-medium:50%;--awb-spacing-right-medium:3.84%;--awb-spacing-left-medium:3.84%;--awb-width-small:100%;--awb-spacing-right-small:1.92%;--awb-spacing-left-small:1.92%;\"><div class=\"fusion-column-wrapper fusion-column-has-shadow fusion-flex-justify-content-flex-start fusion-content-layout-column\"><i class=\"fb-icon-element-1 fb-icon-element fontawesome-icon fa-truck-loading fas circle-no\" style=\"--awb-circlecolor:#e30613;--awb-font-size:80px;--awb-align-self:center;--awb-margin-top:0px;--awb-margin-right:0px;--awb-margin-bottom:30px;--awb-margin-left:0px;\"><\/i><div class=\"fusion-text fusion-text-2\" style=\"--awb-content-alignment:center;\"><p><strong>15 mill\u00f3n<\/strong><br \/>\n<strong>de toneladas de LCE*<\/strong><\/p>\n<p>* Carbonato de Litio Grado Bater\u00eda<\/p>\n<\/div><\/div><\/div><div class=\"fusion-layout-column fusion_builder_column fusion-builder-column-2 fusion_builder_column_1_2 1_2 fusion-flex-column KeyFigure\" style=\"--awb-padding-bottom:50px;--awb-bg-size:cover;--awb-width-large:50%;--awb-margin-top-large:0px;--awb-spacing-right-large:3.84%;--awb-margin-bottom-large:20px;--awb-spacing-left-large:3.84%;--awb-width-medium:50%;--awb-spacing-right-medium:3.84%;--awb-spacing-left-medium:3.84%;--awb-width-small:100%;--awb-spacing-right-small:1.92%;--awb-spacing-left-small:1.92%;\"><div class=\"fusion-column-wrapper fusion-column-has-shadow fusion-flex-justify-content-flex-start fusion-content-layout-column\"><i class=\"fb-icon-element-2 fb-icon-element fontawesome-icon fa-tachometer-alt fas circle-no\" style=\"--awb-circlecolor:#e30613;--awb-font-size:80px;--awb-align-self:center;--awb-margin-top:0px;--awb-margin-right:0px;--awb-margin-bottom:30px;--awb-margin-left:0px;\"><\/i><div class=\"fusion-text fusion-text-3\" style=\"--awb-content-alignment:center;\"><p><strong>90%<\/strong><br \/>\nnivel de eficiencia de extracci\u00f3n directa<\/p>\n<\/div><\/div><\/div><div class=\"fusion-layout-column fusion_builder_column fusion-builder-column-3 fusion_builder_column_1_2 1_2 fusion-flex-column KeyFigure\" style=\"--awb-padding-bottom:50px;--awb-bg-size:cover;--awb-width-large:50%;--awb-margin-top-large:0px;--awb-spacing-right-large:3.84%;--awb-margin-bottom-large:20px;--awb-spacing-left-large:3.84%;--awb-width-medium:50%;--awb-spacing-right-medium:3.84%;--awb-spacing-left-medium:3.84%;--awb-width-small:100%;--awb-spacing-right-small:1.92%;--awb-spacing-left-small:1.92%;\"><div class=\"fusion-column-wrapper fusion-column-has-shadow fusion-flex-justify-content-flex-start fusion-content-layout-column\"><i class=\"fb-icon-element-3 fb-icon-element fontawesome-icon fa-tint fas circle-no\" style=\"--awb-circlecolor:#e30613;--awb-font-size:80px;--awb-align-self:center;--awb-margin-top:0px;--awb-margin-right:0px;--awb-margin-bottom:30px;--awb-margin-left:0px;\"><\/i><div class=\"fusion-text fusion-text-4\" style=\"--awb-content-alignment:center;\"><p><strong>60%<\/strong><br \/>\nde reciclaje de agua<\/p>\n<\/div><\/div><\/div><div class=\"fusion-layout-column fusion_builder_column fusion-builder-column-4 fusion_builder_column_1_2 1_2 fusion-flex-column KeyFigure\" style=\"--awb-padding-bottom:50px;--awb-bg-size:cover;--awb-width-large:50%;--awb-margin-top-large:0px;--awb-spacing-right-large:3.84%;--awb-margin-bottom-large:20px;--awb-spacing-left-large:3.84%;--awb-width-medium:50%;--awb-spacing-right-medium:3.84%;--awb-spacing-left-medium:3.84%;--awb-width-small:100%;--awb-spacing-right-small:1.92%;--awb-spacing-left-small:1.92%;\"><div class=\"fusion-column-wrapper fusion-column-has-shadow fusion-flex-justify-content-flex-start fusion-content-layout-column\"><i class=\"fb-icon-element-4 fb-icon-element fontawesome-icon fa-check-circle fas circle-no\" style=\"--awb-circlecolor:#e30613;--awb-font-size:80px;--awb-align-self:center;--awb-margin-top:0px;--awb-margin-right:0px;--awb-margin-bottom:30px;--awb-margin-left:0px;\"><\/i><div class=\"fusion-text fusion-text-5\" style=\"--awb-content-alignment:center;\"><p><strong>2020<\/strong><br \/>\nse obtuvo Consentimiento Previo, Libre e Informado<\/p>\n<\/div><\/div><\/div><div class=\"fusion-layout-column fusion_builder_column fusion-builder-column-5 fusion_builder_column_1_1 1_1 fusion-flex-column\" style=\"--awb-bg-blend:overlay;--awb-bg-size:cover;--awb-width-large:100%;--awb-margin-top-large:0px;--awb-spacing-right-large:1.92%;--awb-margin-bottom-large:0px;--awb-spacing-left-large:1.92%;--awb-width-medium:100%;--awb-spacing-right-medium:1.92%;--awb-spacing-left-medium:1.92%;--awb-width-small:100%;--awb-spacing-right-small:1.92%;--awb-spacing-left-small:1.92%;\"><div class=\"fusion-column-wrapper fusion-flex-justify-content-flex-start fusion-content-layout-column\"><div class=\"fusion-text fusion-text-6\"><p>En 2022 Eramine reinici\u00f3 la construcci\u00f3n de la planta de producci\u00f3n de carbonato de litio y adecuaciones al campamento minero.<\/p>\n<p>Con una inversi\u00f3n aproximada de US$870 millones, la producci\u00f3n se prev\u00e9 para noviembre de 2024, logrando una capacidad de producci\u00f3n de 24.000 toneladas por a\u00f1o, involucrando a m\u00e1s de 500 empleados para operaciones y proyectos.<\/p>\n<\/div><\/div><\/div><\/div><\/div>\n","protected":false},"excerpt":{"rendered":"","protected":false},"author":4,"featured_media":3094,"parent":1548,"menu_order":1,"comment_status":"closed","ping_status":"closed","template":"","meta":{"footnotes":""},"class_list":["post-1557","page","type-page","status-publish","has-post-thumbnail","hentry"],"yoast_head":"<!-- This site is optimized with the Yoast SEO plugin v26.8 - https:\/\/yoast.com\/product\/yoast-seo-wordpress\/ -->\n<title>Acerca de nosotros - Eramet Eramine<\/title>\n<meta name=\"robots\" content=\"index, follow, max-snippet:-1, max-image-preview:large, max-video-preview:-1\" \/>\n<link rel=\"canonical\" href=\"https:\/\/eramine.eramet.com\/en\/eramine\/about-us\/\" \/>\n<meta property=\"og:locale\" content=\"es_ES\" \/>\n<meta property=\"og:type\" content=\"article\" \/>\n<meta property=\"og:title\" content=\"Acerca de nosotros - Eramet Eramine\" \/>\n<meta property=\"og:url\" content=\"https:\/\/eramine.eramet.com\/en\/eramine\/about-us\/\" \/>\n<meta property=\"og:site_name\" content=\"Eramet Eramine\" \/>\n<meta property=\"article:modified_time\" content=\"2025-07-31T16:10:34+00:00\" \/>\n<meta property=\"og:image\" content=\"https:\/\/eramine.eramet.com\/wp-content\/uploads\/sites\/10\/2025\/07\/Evento-Eramine-1.jpg\" \/>\n\t<meta property=\"og:image:width\" content=\"2048\" \/>\n\t<meta property=\"og:image:height\" content=\"1367\" \/>\n\t<meta property=\"og:image:type\" content=\"image\/jpeg\" \/>\n<meta name=\"twitter:card\" content=\"summary_large_image\" \/>\n<meta name=\"twitter:label1\" content=\"Tiempo de lectura\" \/>\n\t<meta name=\"twitter:data1\" content=\"2 minutos\" \/>\n<script type=\"application\/ld+json\" class=\"yoast-schema-graph\">{\"@context\":\"https:\/\/schema.org\",\"@graph\":[{\"@type\":\"WebPage\",\"@id\":\"https:\/\/eramine.eramet.com\/en\/eramine\/about-us\/\",\"url\":\"https:\/\/eramine.eramet.com\/en\/eramine\/about-us\/\",\"name\":\"Acerca de nosotros - Eramet Eramine\",\"isPartOf\":{\"@id\":\"https:\/\/eramine.eramet.com\/es\/#website\"},\"primaryImageOfPage\":{\"@id\":\"https:\/\/eramine.eramet.com\/en\/eramine\/about-us\/#primaryimage\"},\"image\":{\"@id\":\"https:\/\/eramine.eramet.com\/en\/eramine\/about-us\/#primaryimage\"},\"thumbnailUrl\":\"https:\/\/eramine.eramet.com\/wp-content\/uploads\/sites\/10\/2025\/07\/Evento-Eramine-1.jpg\",\"datePublished\":\"2022-03-25T19:25:23+00:00\",\"dateModified\":\"2025-07-31T16:10:34+00:00\",\"breadcrumb\":{\"@id\":\"https:\/\/eramine.eramet.com\/en\/eramine\/about-us\/#breadcrumb\"},\"inLanguage\":\"es\",\"potentialAction\":[{\"@type\":\"ReadAction\",\"target\":[\"https:\/\/eramine.eramet.com\/en\/eramine\/about-us\/\"]}]},{\"@type\":\"ImageObject\",\"inLanguage\":\"es\",\"@id\":\"https:\/\/eramine.eramet.com\/en\/eramine\/about-us\/#primaryimage\",\"url\":\"https:\/\/eramine.eramet.com\/wp-content\/uploads\/sites\/10\/2025\/07\/Evento-Eramine-1.jpg\",\"contentUrl\":\"https:\/\/eramine.eramet.com\/wp-content\/uploads\/sites\/10\/2025\/07\/Evento-Eramine-1.jpg\",\"width\":2048,\"height\":1367,\"caption\":\"Todos los derechos reservados\"},{\"@type\":\"BreadcrumbList\",\"@id\":\"https:\/\/eramine.eramet.com\/en\/eramine\/about-us\/#breadcrumb\",\"itemListElement\":[{\"@type\":\"ListItem\",\"position\":1,\"name\":\"Home\",\"item\":\"https:\/\/eramine.eramet.com\/en\/\"},{\"@type\":\"ListItem\",\"position\":2,\"name\":\"Eramine\",\"item\":\"https:\/\/eramine.eramet.com\/en\/\"},{\"@type\":\"ListItem\",\"position\":3,\"name\":\"Acerca de nosotros\"}]},{\"@type\":\"WebSite\",\"@id\":\"https:\/\/eramine.eramet.com\/es\/#website\",\"url\":\"https:\/\/eramine.eramet.com\/es\/\",\"name\":\"Eramet Eramine\",\"description\":\"Eramet group\",\"potentialAction\":[{\"@type\":\"SearchAction\",\"target\":{\"@type\":\"EntryPoint\",\"urlTemplate\":\"https:\/\/eramine.eramet.com\/es\/?s={search_term_string}\"},\"query-input\":{\"@type\":\"PropertyValueSpecification\",\"valueRequired\":true,\"valueName\":\"search_term_string\"}}],\"inLanguage\":\"es\"}]}<\/script>\n<!-- \/ Yoast SEO plugin. -->","yoast_head_json":{"title":"Acerca de nosotros - Eramet Eramine","robots":{"index":"index","follow":"follow","max-snippet":"max-snippet:-1","max-image-preview":"max-image-preview:large","max-video-preview":"max-video-preview:-1"},"canonical":"https:\/\/eramine.eramet.com\/en\/eramine\/about-us\/","og_locale":"es_ES","og_type":"article","og_title":"Acerca de nosotros - Eramet Eramine","og_url":"https:\/\/eramine.eramet.com\/en\/eramine\/about-us\/","og_site_name":"Eramet Eramine","article_modified_time":"2025-07-31T16:10:34+00:00","og_image":[{"width":2048,"height":1367,"url":"https:\/\/eramine.eramet.com\/wp-content\/uploads\/sites\/10\/2025\/07\/Evento-Eramine-1.jpg","type":"image\/jpeg"}],"twitter_card":"summary_large_image","twitter_misc":{"Tiempo de lectura":"2 minutos"},"schema":{"@context":"https:\/\/schema.org","@graph":[{"@type":"WebPage","@id":"https:\/\/eramine.eramet.com\/en\/eramine\/about-us\/","url":"https:\/\/eramine.eramet.com\/en\/eramine\/about-us\/","name":"Acerca de nosotros - Eramet Eramine","isPartOf":{"@id":"https:\/\/eramine.eramet.com\/es\/#website"},"primaryImageOfPage":{"@id":"https:\/\/eramine.eramet.com\/en\/eramine\/about-us\/#primaryimage"},"image":{"@id":"https:\/\/eramine.eramet.com\/en\/eramine\/about-us\/#primaryimage"},"thumbnailUrl":"https:\/\/eramine.eramet.com\/wp-content\/uploads\/sites\/10\/2025\/07\/Evento-Eramine-1.jpg","datePublished":"2022-03-25T19:25:23+00:00","dateModified":"2025-07-31T16:10:34+00:00","breadcrumb":{"@id":"https:\/\/eramine.eramet.com\/en\/eramine\/about-us\/#breadcrumb"},"inLanguage":"es","potentialAction":[{"@type":"ReadAction","target":["https:\/\/eramine.eramet.com\/en\/eramine\/about-us\/"]}]},{"@type":"ImageObject","inLanguage":"es","@id":"https:\/\/eramine.eramet.com\/en\/eramine\/about-us\/#primaryimage","url":"https:\/\/eramine.eramet.com\/wp-content\/uploads\/sites\/10\/2025\/07\/Evento-Eramine-1.jpg","contentUrl":"https:\/\/eramine.eramet.com\/wp-content\/uploads\/sites\/10\/2025\/07\/Evento-Eramine-1.jpg","width":2048,"height":1367,"caption":"Todos los derechos reservados"},{"@type":"BreadcrumbList","@id":"https:\/\/eramine.eramet.com\/en\/eramine\/about-us\/#breadcrumb","itemListElement":[{"@type":"ListItem","position":1,"name":"Home","item":"https:\/\/eramine.eramet.com\/en\/"},{"@type":"ListItem","position":2,"name":"Eramine","item":"https:\/\/eramine.eramet.com\/en\/"},{"@type":"ListItem","position":3,"name":"Acerca de nosotros"}]},{"@type":"WebSite","@id":"https:\/\/eramine.eramet.com\/es\/#website","url":"https:\/\/eramine.eramet.com\/es\/","name":"Eramet Eramine","description":"Eramet group","potentialAction":[{"@type":"SearchAction","target":{"@type":"EntryPoint","urlTemplate":"https:\/\/eramine.eramet.com\/es\/?s={search_term_string}"},"query-input":{"@type":"PropertyValueSpecification","valueRequired":true,"valueName":"search_term_string"}}],"inLanguage":"es"}]}},"_links":{"self":[{"href":"https:\/\/eramine.eramet.com\/es\/wp-json\/wp\/v2\/pages\/1557","targetHints":{"allow":["GET"]}}],"collection":[{"href":"https:\/\/eramine.eramet.com\/es\/wp-json\/wp\/v2\/pages"}],"about":[{"href":"https:\/\/eramine.eramet.com\/es\/wp-json\/wp\/v2\/types\/page"}],"author":[{"embeddable":true,"href":"https:\/\/eramine.eramet.com\/es\/wp-json\/wp\/v2\/users\/4"}],"replies":[{"embeddable":true,"href":"https:\/\/eramine.eramet.com\/es\/wp-json\/wp\/v2\/comments?post=1557"}],"version-history":[{"count":18,"href":"https:\/\/eramine.eramet.com\/es\/wp-json\/wp\/v2\/pages\/1557\/revisions"}],"predecessor-version":[{"id":3096,"href":"https:\/\/eramine.eramet.com\/es\/wp-json\/wp\/v2\/pages\/1557\/revisions\/3096"}],"up":[{"embeddable":true,"href":"https:\/\/eramine.eramet.com\/es\/wp-json\/wp\/v2\/pages\/1548"}],"wp:featuredmedia":[{"embeddable":true,"href":"https:\/\/eramine.eramet.com\/es\/wp-json\/wp\/v2\/media\/3094"}],"wp:attachment":[{"href":"https:\/\/eramine.eramet.com\/es\/wp-json\/wp\/v2\/media?parent=1557"}],"curies":[{"name":"wp","href":"https:\/\/api.w.org\/{rel}","templated":true}]}}