{"id":1619,"date":"2022-10-03T13:31:07","date_gmt":"2022-10-03T16:31:07","guid":{"rendered":"https:\/\/eramine.eramet.com\/eramine-sudamerica-s-a\/acerca-de-nosotros\/nuestro-equipo\/our-culture\/"},"modified":"2024-07-03T08:34:35","modified_gmt":"2024-07-03T11:34:35","slug":"nuestra-cultura","status":"publish","type":"page","link":"https:\/\/eramine.eramet.com\/es\/eramine\/acerca-de-nosotros\/nuestro-equipo\/nuestra-cultura\/","title":{"rendered":"Nuestra cultura"},"content":{"rendered":"<div class=\"fusion-fullwidth fullwidth-box fusion-builder-row-1 fusion-flex-container nonhundred-percent-fullwidth non-hundred-percent-height-scrolling\" style=\"--awb-border-radius-top-left:0px;--awb-border-radius-top-right:0px;--awb-border-radius-bottom-right:0px;--awb-border-radius-bottom-left:0px;--awb-flex-wrap:wrap;\" ><div class=\"fusion-builder-row fusion-row fusion-flex-align-items-flex-start fusion-flex-content-wrap\" style=\"max-width:1248px;margin-left: calc(-4% \/ 2 );margin-right: calc(-4% \/ 2 );\"><div class=\"fusion-layout-column fusion_builder_column fusion-builder-column-0 fusion_builder_column_1_1 1_1 fusion-flex-column\" style=\"--awb-bg-size:cover;--awb-width-large:100%;--awb-margin-top-large:0px;--awb-spacing-right-large:1.92%;--awb-margin-bottom-large:0px;--awb-spacing-left-large:1.92%;--awb-width-medium:100%;--awb-spacing-right-medium:1.92%;--awb-spacing-left-medium:1.92%;--awb-width-small:100%;--awb-spacing-right-small:1.92%;--awb-spacing-left-small:1.92%;\"><div class=\"fusion-column-wrapper fusion-flex-justify-content-flex-start fusion-content-layout-column\"><div class=\"fusion-text fusion-text-1\"><h2>Construyendo una cultura organizacional s\u00f3lida<\/h2>\n<p>En Eramine el bienestar y desarrollo de las personas son prioridad. A lo largo de la vida del proyecto, la compa\u00f1\u00eda ha logrado construir una relaci\u00f3n de confianza y respeto mutuo entre sus equipos, subcontratistas y partes interesadas.<\/p>\n<p>La confianza, la integridad y la transparencia son los valores clave en nuestra organizaci\u00f3n.<\/p>\n<p>Nuestra <strong><a href=\"https:\/\/www.eramet.com\/sites\/default\/files\/inline-files\/Eramet%20Ethics%20Charter%20-%20EN-2020.pdf\" target=\"_blank\" rel=\"noopener\">Carta \u00c9tica<\/a><\/strong> y <strong><a href=\"https:\/\/www.eramet.com\/sites\/default\/files\/inline-files\/Eramet-Human-Rights-Policy.pdf\" target=\"_blank\" rel=\"noopener\">Pol\u00edtica de Derechos Humanos<\/a><\/strong>, donde se establecen los compromisos de Eramet, es la gu\u00eda de conducta por excelencia y todas las personas de Eramine, as\u00ed como cada uno de nuestros contratistas, adhieren expresamente a las mismas al momento de iniciar su trabajo.<\/p>\n<p>La organizaci\u00f3n implementa una estrategia que se esfuerza por comprometer, alinear e integrar a todas las personas, fomentando que ellas mismas sean las protagonistas de su propio desarrollo.<\/p>\n<\/div><\/div><\/div><\/div><\/div>\n","protected":false},"excerpt":{"rendered":"","protected":false},"author":4,"featured_media":0,"parent":1609,"menu_order":1,"comment_status":"closed","ping_status":"closed","template":"","meta":{"footnotes":""},"class_list":["post-1619","page","type-page","status-publish","hentry"],"yoast_head":"<!-- This site is optimized with the Yoast SEO plugin v26.8 - https:\/\/yoast.com\/product\/yoast-seo-wordpress\/ -->\n<title>Nuestra cultura - Eramet Eramine<\/title>\n<meta name=\"robots\" content=\"index, follow, max-snippet:-1, max-image-preview:large, max-video-preview:-1\" \/>\n<link rel=\"canonical\" href=\"https:\/\/eramine.eramet.com\/en\/eramine\/about-us\/our-team\/our-culture\/\" \/>\n<meta property=\"og:locale\" content=\"es_ES\" \/>\n<meta property=\"og:type\" content=\"article\" \/>\n<meta property=\"og:title\" content=\"Nuestra cultura - Eramet Eramine\" \/>\n<meta property=\"og:url\" content=\"https:\/\/eramine.eramet.com\/en\/eramine\/about-us\/our-team\/our-culture\/\" \/>\n<meta property=\"og:site_name\" content=\"Eramet Eramine\" \/>\n<meta property=\"article:modified_time\" content=\"2024-07-03T11:34:35+00:00\" \/>\n<meta name=\"twitter:card\" content=\"summary_large_image\" \/>\n<meta name=\"twitter:label1\" content=\"Tiempo de lectura\" \/>\n\t<meta name=\"twitter:data1\" content=\"1 minuto\" \/>\n<script type=\"application\/ld+json\" class=\"yoast-schema-graph\">{\"@context\":\"https:\/\/schema.org\",\"@graph\":[{\"@type\":\"WebPage\",\"@id\":\"https:\/\/eramine.eramet.com\/en\/eramine\/about-us\/our-team\/our-culture\/\",\"url\":\"https:\/\/eramine.eramet.com\/en\/eramine\/about-us\/our-team\/our-culture\/\",\"name\":\"Nuestra cultura - Eramet Eramine\",\"isPartOf\":{\"@id\":\"https:\/\/eramine.eramet.com\/es\/#website\"},\"datePublished\":\"2022-10-03T16:31:07+00:00\",\"dateModified\":\"2024-07-03T11:34:35+00:00\",\"breadcrumb\":{\"@id\":\"https:\/\/eramine.eramet.com\/en\/eramine\/about-us\/our-team\/our-culture\/#breadcrumb\"},\"inLanguage\":\"es\",\"potentialAction\":[{\"@type\":\"ReadAction\",\"target\":[\"https:\/\/eramine.eramet.com\/en\/eramine\/about-us\/our-team\/our-culture\/\"]}]},{\"@type\":\"BreadcrumbList\",\"@id\":\"https:\/\/eramine.eramet.com\/en\/eramine\/about-us\/our-team\/our-culture\/#breadcrumb\",\"itemListElement\":[{\"@type\":\"ListItem\",\"position\":1,\"name\":\"Home\",\"item\":\"https:\/\/eramine.eramet.com\/en\/\"},{\"@type\":\"ListItem\",\"position\":2,\"name\":\"Eramine\",\"item\":\"https:\/\/eramine.eramet.com\/en\/\"},{\"@type\":\"ListItem\",\"position\":3,\"name\":\"Acerca de nosotros\",\"item\":\"https:\/\/eramine.eramet.com\/en\/eramine\/about-us\/\"},{\"@type\":\"ListItem\",\"position\":4,\"name\":\"Nuestro equipo\",\"item\":\"https:\/\/eramine.eramet.com\/en\/eramine\/about-us\/our-team\/\"},{\"@type\":\"ListItem\",\"position\":5,\"name\":\"Nuestra cultura\"}]},{\"@type\":\"WebSite\",\"@id\":\"https:\/\/eramine.eramet.com\/es\/#website\",\"url\":\"https:\/\/eramine.eramet.com\/es\/\",\"name\":\"Eramet Eramine\",\"description\":\"Eramet group\",\"potentialAction\":[{\"@type\":\"SearchAction\",\"target\":{\"@type\":\"EntryPoint\",\"urlTemplate\":\"https:\/\/eramine.eramet.com\/es\/?s={search_term_string}\"},\"query-input\":{\"@type\":\"PropertyValueSpecification\",\"valueRequired\":true,\"valueName\":\"search_term_string\"}}],\"inLanguage\":\"es\"}]}<\/script>\n<!-- \/ Yoast SEO plugin. -->","yoast_head_json":{"title":"Nuestra cultura - Eramet Eramine","robots":{"index":"index","follow":"follow","max-snippet":"max-snippet:-1","max-image-preview":"max-image-preview:large","max-video-preview":"max-video-preview:-1"},"canonical":"https:\/\/eramine.eramet.com\/en\/eramine\/about-us\/our-team\/our-culture\/","og_locale":"es_ES","og_type":"article","og_title":"Nuestra cultura - Eramet Eramine","og_url":"https:\/\/eramine.eramet.com\/en\/eramine\/about-us\/our-team\/our-culture\/","og_site_name":"Eramet Eramine","article_modified_time":"2024-07-03T11:34:35+00:00","twitter_card":"summary_large_image","twitter_misc":{"Tiempo de lectura":"1 minuto"},"schema":{"@context":"https:\/\/schema.org","@graph":[{"@type":"WebPage","@id":"https:\/\/eramine.eramet.com\/en\/eramine\/about-us\/our-team\/our-culture\/","url":"https:\/\/eramine.eramet.com\/en\/eramine\/about-us\/our-team\/our-culture\/","name":"Nuestra cultura - Eramet Eramine","isPartOf":{"@id":"https:\/\/eramine.eramet.com\/es\/#website"},"datePublished":"2022-10-03T16:31:07+00:00","dateModified":"2024-07-03T11:34:35+00:00","breadcrumb":{"@id":"https:\/\/eramine.eramet.com\/en\/eramine\/about-us\/our-team\/our-culture\/#breadcrumb"},"inLanguage":"es","potentialAction":[{"@type":"ReadAction","target":["https:\/\/eramine.eramet.com\/en\/eramine\/about-us\/our-team\/our-culture\/"]}]},{"@type":"BreadcrumbList","@id":"https:\/\/eramine.eramet.com\/en\/eramine\/about-us\/our-team\/our-culture\/#breadcrumb","itemListElement":[{"@type":"ListItem","position":1,"name":"Home","item":"https:\/\/eramine.eramet.com\/en\/"},{"@type":"ListItem","position":2,"name":"Eramine","item":"https:\/\/eramine.eramet.com\/en\/"},{"@type":"ListItem","position":3,"name":"Acerca de nosotros","item":"https:\/\/eramine.eramet.com\/en\/eramine\/about-us\/"},{"@type":"ListItem","position":4,"name":"Nuestro equipo","item":"https:\/\/eramine.eramet.com\/en\/eramine\/about-us\/our-team\/"},{"@type":"ListItem","position":5,"name":"Nuestra cultura"}]},{"@type":"WebSite","@id":"https:\/\/eramine.eramet.com\/es\/#website","url":"https:\/\/eramine.eramet.com\/es\/","name":"Eramet Eramine","description":"Eramet group","potentialAction":[{"@type":"SearchAction","target":{"@type":"EntryPoint","urlTemplate":"https:\/\/eramine.eramet.com\/es\/?s={search_term_string}"},"query-input":{"@type":"PropertyValueSpecification","valueRequired":true,"valueName":"search_term_string"}}],"inLanguage":"es"}]}},"_links":{"self":[{"href":"https:\/\/eramine.eramet.com\/es\/wp-json\/wp\/v2\/pages\/1619","targetHints":{"allow":["GET"]}}],"collection":[{"href":"https:\/\/eramine.eramet.com\/es\/wp-json\/wp\/v2\/pages"}],"about":[{"href":"https:\/\/eramine.eramet.com\/es\/wp-json\/wp\/v2\/types\/page"}],"author":[{"embeddable":true,"href":"https:\/\/eramine.eramet.com\/es\/wp-json\/wp\/v2\/users\/4"}],"replies":[{"embeddable":true,"href":"https:\/\/eramine.eramet.com\/es\/wp-json\/wp\/v2\/comments?post=1619"}],"version-history":[{"count":8,"href":"https:\/\/eramine.eramet.com\/es\/wp-json\/wp\/v2\/pages\/1619\/revisions"}],"predecessor-version":[{"id":2366,"href":"https:\/\/eramine.eramet.com\/es\/wp-json\/wp\/v2\/pages\/1619\/revisions\/2366"}],"up":[{"embeddable":true,"href":"https:\/\/eramine.eramet.com\/es\/wp-json\/wp\/v2\/pages\/1609"}],"wp:attachment":[{"href":"https:\/\/eramine.eramet.com\/es\/wp-json\/wp\/v2\/media?parent=1619"}],"curies":[{"name":"wp","href":"https:\/\/api.w.org\/{rel}","templated":true}]}}