{"id":1628,"date":"2022-10-03T13:28:56","date_gmt":"2022-10-03T16:28:56","guid":{"rendered":"https:\/\/eramine.eramet.com\/eramine-sudamerica-s-a\/acerca-de-nosotros\/our-history\/"},"modified":"2025-03-17T11:13:00","modified_gmt":"2025-03-17T14:13:00","slug":"nuestra-historia","status":"publish","type":"page","link":"https:\/\/eramine.eramet.com\/es\/eramine\/acerca-de-nosotros\/nuestra-historia\/","title":{"rendered":"Nuestra historia"},"content":{"rendered":"<p><div class=\"fusion-fullwidth fullwidth-box fusion-builder-row-1 fusion-flex-container has-pattern-background has-mask-background nonhundred-percent-fullwidth non-hundred-percent-height-scrolling\" style=\"--awb-border-radius-top-left:0px;--awb-border-radius-top-right:0px;--awb-border-radius-bottom-right:0px;--awb-border-radius-bottom-left:0px;--awb-flex-wrap:wrap;\" ><div class=\"fusion-builder-row fusion-row fusion-flex-align-items-flex-start fusion-flex-content-wrap\" style=\"max-width:1248px;margin-left: calc(-4% \/ 2 );margin-right: calc(-4% \/ 2 );\"><div class=\"fusion-layout-column fusion_builder_column fusion-builder-column-0 fusion_builder_column_1_1 1_1 fusion-flex-column\" style=\"--awb-bg-size:cover;--awb-width-large:100%;--awb-margin-top-large:0px;--awb-spacing-right-large:1.92%;--awb-margin-bottom-large:20px;--awb-spacing-left-large:1.92%;--awb-width-medium:100%;--awb-order-medium:0;--awb-spacing-right-medium:1.92%;--awb-spacing-left-medium:1.92%;--awb-width-small:100%;--awb-order-small:0;--awb-spacing-right-small:1.92%;--awb-spacing-left-small:1.92%;\"><div class=\"fusion-column-wrapper fusion-column-has-shadow fusion-flex-justify-content-flex-start fusion-content-layout-column\"><div class=\"fusion-content-boxes content-boxes columns row fusion-columns-1 fusion-columns-total-7 fusion-content-boxes-1 content-boxes-timeline-vertical content-left content-boxes-timeline-layout content-boxes-icon-with-title fusion-delayed-animation\" style=\"--awb-hover-accent-color:#ffffff;--awb-circle-hover-accent-color:#ffffff;--awb-item-margin-bottom:40px;\" data-animation-delay=\"350\" data-animationOffset=\"top-into-view\"><div style=\"--awb-backgroundcolor:var(--awb-color6);--awb-content-padding-left:84px;\" class=\"fusion-column content-box-column content-box-column content-box-column-1 col-lg-12 col-md-12 col-sm-12 fusion-content-box-hover content-box-column-last-in-row\"><div class=\"col content-box-wrapper content-wrapper-background link-area-link-icon content-icon-wrapper-yes icon-hover-animation-none fusion-animated\" data-animationType=\"fadeIn\" data-animationDuration=\"0.25\" data-animationOffset=\"top-into-view\"><div class=\"heading heading-with-icon icon-left\" style=\"margin-top:17px;\"><div class=\"icon\" style=\"margin-top:-17px;margin-bottom:-17px;-webkit-animation-duration: 350ms;animation-duration: 350ms;\"><span style=\"height:62px;width:62px;line-height:32px;border-color:#ffffff;border-width:1px;border-style:solid;background-color:#ffffff;margin-right:20px;box-sizing:content-box;border-radius:50%;\"><i style=\"border-color:#ffffff;border-width:1px;background-color:var(--awb-color6);box-sizing:content-box;height:60px;width:60px;line-height:60px;border-radius:50%;position:relative;top:auto;left:auto;margin:0;border-radius:50%;font-size:30px;\" aria-hidden=\"true\" class=\"fontawesome-icon fa-battery-empty fas circle-yes\"><\/i><\/span><\/div><h4 class=\"content-box-heading\" style=\"--h4_typography-font-size:30px;line-height:35px;\">2010-2018<\/h4><\/div><div class=\"fusion-clearfix\"><\/div><div class=\"content-container\">\n<p>Creaci\u00f3n de Eramine Sudam\u00e9rica S.A.<\/p>\n<p>Convenio con REMSA y adjudicaci\u00f3n de t\u00edtulos mineros.<\/p>\n<p>Despu\u00e9s de a\u00f1os de exploraci\u00f3n minera, nuestros equipos confirmaron la viabilidad del proyecto.<\/p>\n<\/div><div class=\"content-box-shortcode-timeline-vertical\" style=\"border-color:#ffffff;left:82px;top:67px;-webkit-transition-duration: 350ms;animation-duration: 350ms;\"><\/div><\/div><\/div><div style=\"--awb-backgroundcolor:var(--awb-color6);--awb-content-padding-left:84px;\" class=\"fusion-column content-box-column content-box-column content-box-column-2 col-lg-12 col-md-12 col-sm-12 fusion-content-box-hover content-box-column-last-in-row\"><div class=\"col content-box-wrapper content-wrapper-background link-area-link-icon content-icon-wrapper-yes icon-hover-animation-none fusion-animated\" data-animationType=\"fadeIn\" data-animationDuration=\"0.25\" data-animationOffset=\"top-into-view\"><div class=\"heading heading-with-icon icon-left\" style=\"margin-top:17px;\"><div class=\"icon\" style=\"margin-top:-17px;margin-bottom:-17px;-webkit-animation-duration: 350ms;animation-duration: 350ms;\"><span style=\"height:62px;width:62px;line-height:32px;border-color:#ffffff;border-width:1px;border-style:solid;background-color:#ffffff;margin-right:20px;box-sizing:content-box;border-radius:50%;\"><i style=\"border-color:#ffffff;border-width:1px;background-color:var(--awb-color6);box-sizing:content-box;height:60px;width:60px;line-height:60px;border-radius:50%;position:relative;top:auto;left:auto;margin:0;border-radius:50%;font-size:30px;\" aria-hidden=\"true\" class=\"fontawesome-icon fa-battery-quarter fas circle-yes\"><\/i><\/span><\/div><h4 class=\"content-box-heading\" style=\"--h4_typography-font-size:30px;line-height:35px;\">2019-2020<\/h4><\/div><div class=\"fusion-clearfix\"><\/div><div class=\"content-container\">\n<p>Se instal\u00f3 una Planta Piloto en Centenario Ratones con dos objetivos: optimizar la producci\u00f3n de carbonato de litio a mayor escala y capacitar a nuestros equipos.<\/p>\n<p>En febrero de 2020, se llev\u00f3 a cabo la Consulta Previa, Libre e Informada, de acuerdo con el Convenio 169 de la OIT, en la que la comunidad expres\u00f3 su apoyo al proyecto.<\/p>\n<p>En abril de 2020, la pandemia mundial de Covid-19 tambi\u00e9n afect\u00f3 al proyecto y tuvo que detener su desarrollo. A pesar de esto, un s\u00f3lido equipo de personas continu\u00f3 gestionando la Planta Piloto, as\u00ed como las relaciones con las autoridades y las comunidades.<\/p>\n<\/div><div class=\"content-box-shortcode-timeline-vertical\" style=\"border-color:#ffffff;left:82px;top:67px;-webkit-transition-duration: 350ms;animation-duration: 350ms;\"><\/div><\/div><\/div><div style=\"--awb-backgroundcolor:var(--awb-color6);--awb-content-padding-left:84px;\" class=\"fusion-column content-box-column content-box-column content-box-column-3 col-lg-12 col-md-12 col-sm-12 fusion-content-box-hover content-box-column-last-in-row\"><div class=\"col content-box-wrapper content-wrapper-background link-area-link-icon content-icon-wrapper-yes icon-hover-animation-none fusion-animated\" data-animationType=\"fadeIn\" data-animationDuration=\"0.25\" data-animationOffset=\"top-into-view\"><div class=\"heading heading-with-icon icon-left\" style=\"margin-top:17px;\"><div class=\"icon\" style=\"margin-top:-17px;margin-bottom:-17px;-webkit-animation-duration: 350ms;animation-duration: 350ms;\"><span style=\"height:62px;width:62px;line-height:32px;border-color:#ffffff;border-width:1px;border-style:solid;background-color:#ffffff;margin-right:20px;box-sizing:content-box;border-radius:50%;\"><i style=\"border-color:#ffffff;border-width:1px;background-color:var(--awb-color6);box-sizing:content-box;height:60px;width:60px;line-height:60px;border-radius:50%;position:relative;top:auto;left:auto;margin:0;border-radius:50%;font-size:30px;\" aria-hidden=\"true\" class=\"fontawesome-icon fa-battery-half fas circle-yes\"><\/i><\/span><\/div><h4 class=\"content-box-heading\" style=\"--h4_typography-font-size:30px;line-height:35px;\">2021<\/h4><\/div><div class=\"fusion-clearfix\"><\/div><div class=\"content-container\">\n<p>La Planta Piloto confirm\u00f3 la calidad del producto final de carbonato de litio, con un nivel muy alto de eficiencia de extracci\u00f3n directa (superior al 90%). \u00c9sta, produce carbonato de litio grado bater\u00eda, el producto final perfecto para la industria de las bater\u00edas de veh\u00edculos el\u00e9ctricos.<\/p>\n<p>En noviembre, Eramet se asoci\u00f3 con el grupo sider\u00fargico chino Tsingshan para retomar las actividades de desarrollo y construir la planta de producci\u00f3n a escala industrial.<\/p>\n<\/div><div class=\"content-box-shortcode-timeline-vertical\" style=\"border-color:#ffffff;left:82px;top:67px;-webkit-transition-duration: 350ms;animation-duration: 350ms;\"><\/div><\/div><\/div><div style=\"--awb-backgroundcolor:var(--awb-color6);--awb-content-padding-left:84px;\" class=\"fusion-column content-box-column content-box-column content-box-column-4 col-lg-12 col-md-12 col-sm-12 fusion-content-box-hover content-box-column-last-in-row\"><div class=\"col content-box-wrapper content-wrapper-background link-area-link-icon content-icon-wrapper-yes icon-hover-animation-none fusion-animated\" data-animationType=\"fadeIn\" data-animationDuration=\"0.25\" data-animationOffset=\"top-into-view\"><div class=\"heading heading-with-icon icon-left\" style=\"margin-top:17px;\"><div class=\"icon\" style=\"margin-top:-17px;margin-bottom:-17px;-webkit-animation-duration: 350ms;animation-duration: 350ms;\"><span style=\"height:62px;width:62px;line-height:32px;border-color:#ffffff;border-width:1px;border-style:solid;background-color:#ffffff;margin-right:20px;box-sizing:content-box;border-radius:50%;\"><i style=\"border-color:#ffffff;border-width:1px;background-color:var(--awb-color6);box-sizing:content-box;height:60px;width:60px;line-height:60px;border-radius:50%;position:relative;top:auto;left:auto;margin:0;border-radius:50%;font-size:30px;\" aria-hidden=\"true\" class=\"fontawesome-icon fa-battery-three-quarters fas circle-yes\"><\/i><\/span><\/div><h4 class=\"content-box-heading\" style=\"--h4_typography-font-size:30px;line-height:35px;\">2022<\/h4><\/div><div class=\"fusion-clearfix\"><\/div><div class=\"content-container\">\n<p>Eramine lanz\u00f3 el proceso <a href=\"https:\/\/responsiblemining.net\/\" target=\"_blank\" rel=\"noopener\"><strong>IRMA<\/strong><\/a> (Est\u00e1ndar para la Miner\u00eda Responsable). Esta norma internacional est\u00e1 dise\u00f1ada para certificar las operaciones mineras responsables.<\/p>\n<p>En el primer semestre de 2022, se inici\u00f3 la fase de construcci\u00f3n de la Planta de Producci\u00f3n que tiene previsto producir en el a\u00f1o 2024, la primera tonelada de carbonato de litio grado bater\u00eda.<\/p>\n<\/div><div class=\"content-box-shortcode-timeline-vertical\" style=\"border-color:#ffffff;left:82px;top:67px;-webkit-transition-duration: 350ms;animation-duration: 350ms;\"><\/div><\/div><\/div><div style=\"--awb-backgroundcolor:var(--awb-color6);--awb-content-padding-left:84px;\" class=\"fusion-column content-box-column content-box-column content-box-column-5 col-lg-12 col-md-12 col-sm-12 fusion-content-box-hover content-box-column-last-in-row\"><div class=\"col content-box-wrapper content-wrapper-background link-area-link-icon content-icon-wrapper-yes icon-hover-animation-none fusion-animated\" data-animationType=\"fadeIn\" data-animationDuration=\"0.25\" data-animationOffset=\"top-into-view\"><div class=\"heading heading-with-icon icon-left\" style=\"margin-top:17px;\"><div class=\"icon\" style=\"margin-top:-17px;margin-bottom:-17px;-webkit-animation-duration: 350ms;animation-duration: 350ms;\"><span style=\"height:62px;width:62px;line-height:32px;border-color:#ffffff;border-width:1px;border-style:solid;background-color:#ffffff;margin-right:20px;box-sizing:content-box;border-radius:50%;\"><i style=\"border-color:#ffffff;border-width:1px;background-color:var(--awb-color6);box-sizing:content-box;height:60px;width:60px;line-height:60px;border-radius:50%;position:relative;top:auto;left:auto;margin:0;border-radius:50%;font-size:30px;\" aria-hidden=\"true\" class=\"fontawesome-icon fa-battery-three-quarters fas circle-yes\"><\/i><\/span><\/div><h4 class=\"content-box-heading\" style=\"--h4_typography-font-size:30px;line-height:35px;\">2023<\/h4><\/div><div class=\"fusion-clearfix\"><\/div><div class=\"content-container\">\n<p>La construcci\u00f3n progres\u00f3 muy r\u00e1pidamente a pesar de las duras condiciones de La Puna. En el momento \u00e1lgido de la construcci\u00f3n, hab\u00eda 1.600 trabajadores simult\u00e1neamente.<\/p>\n<\/div><div class=\"content-box-shortcode-timeline-vertical\" style=\"border-color:#ffffff;left:82px;top:67px;-webkit-transition-duration: 350ms;animation-duration: 350ms;\"><\/div><\/div><\/div><div style=\"--awb-backgroundcolor:var(--awb-color6);--awb-content-padding-left:84px;\" class=\"fusion-column content-box-column content-box-column content-box-column-6 col-lg-12 col-md-12 col-sm-12 fusion-content-box-hover content-box-column-last-in-row\"><div class=\"col content-box-wrapper content-wrapper-background link-area-link-icon content-icon-wrapper-yes icon-hover-animation-none fusion-animated\" data-animationType=\"fadeIn\" data-animationDuration=\"0.25\" data-animationOffset=\"top-into-view\"><div class=\"heading heading-with-icon icon-left\" style=\"margin-top:17px;\"><div class=\"icon\" style=\"margin-top:-17px;margin-bottom:-17px;-webkit-animation-duration: 350ms;animation-duration: 350ms;\"><span style=\"height:62px;width:62px;line-height:32px;border-color:#ffffff;border-width:1px;border-style:solid;background-color:#ffffff;margin-right:20px;box-sizing:content-box;border-radius:50%;\"><i style=\"border-color:#ffffff;border-width:1px;background-color:var(--awb-color6);box-sizing:content-box;height:60px;width:60px;line-height:60px;border-radius:50%;position:relative;top:auto;left:auto;margin:0;border-radius:50%;font-size:30px;\" aria-hidden=\"true\" class=\"fontawesome-icon fa-battery-full fas circle-yes\"><\/i><\/span><\/div><h4 class=\"content-box-heading\" style=\"--h4_typography-font-size:30px;line-height:35px;\">2024<\/h4><\/div><div class=\"fusion-clearfix\"><\/div><div class=\"content-container\">\n<p>Julio: Eramet inaugura su planta de extracci\u00f3n directa de litio en Argentina, convirti\u00e9ndose en el primer productor de litio de Argentina y la primera empresa europea en producir carbonato de litio para bater\u00edas a escala industrial.<\/p>\n<p>Octubre: Eramet recupera el 100% de las propiedades de Eramine en Argentina. Con esta adquisici\u00f3n se estima una apertura a nuevos mercados y la consolidaci\u00f3n de Eramet como la productora de litio m\u00e1s grande de Europa.<\/p>\n<p>Diciembre: Eramine realiza la producci\u00f3n de carbonato de litio equivalente (LCE) no comercial.<\/p>\n<\/div><div class=\"content-box-shortcode-timeline-vertical\" style=\"border-color:#ffffff;left:82px;top:67px;-webkit-transition-duration: 350ms;animation-duration: 350ms;\"><\/div><\/div><\/div><div style=\"--awb-backgroundcolor:var(--awb-color6);--awb-content-padding-left:84px;\" class=\"fusion-column content-box-column content-box-column content-box-column-7 col-lg-12 col-md-12 col-sm-12 fusion-content-box-hover content-box-column-last content-box-column-last-in-row\"><div class=\"col content-box-wrapper content-wrapper-background link-area-link-icon content-icon-wrapper-yes icon-hover-animation-none fusion-animated\" data-animationType=\"fadeIn\" data-animationDuration=\"0.25\" data-animationOffset=\"top-into-view\"><div class=\"heading heading-with-icon icon-left\" style=\"margin-top:17px;\"><div class=\"icon\" style=\"margin-top:-17px;margin-bottom:-17px;-webkit-animation-duration: 350ms;animation-duration: 350ms;\"><span style=\"height:62px;width:62px;line-height:32px;border-color:#ffffff;border-width:1px;border-style:solid;background-color:#ffffff;margin-right:20px;box-sizing:content-box;border-radius:50%;\"><i style=\"border-color:#ffffff;border-width:1px;background-color:var(--awb-color6);box-sizing:content-box;height:60px;width:60px;line-height:60px;border-radius:50%;position:relative;top:auto;left:auto;margin:0;border-radius:50%;font-size:30px;\" aria-hidden=\"true\" class=\"fontawesome-icon fa-battery-full fas circle-yes\"><\/i><\/span><\/div><h4 class=\"content-box-heading\" style=\"--h4_typography-font-size:30px;line-height:35px;\">2025<\/h4><\/div><div class=\"fusion-clearfix\"><\/div><div class=\"content-container\">\n<p>Febrero: Eramine realiza la primera exportaci\u00f3n de Carbonato de Litio producido en Salta.<\/p>\n<\/div><div class=\"content-box-shortcode-timeline-vertical\" style=\"border-color:#ffffff;left:82px;top:67px;-webkit-transition-duration: 350ms;animation-duration: 350ms;\"><\/div><\/div><\/div><div class=\"fusion-clearfix\"><\/div><\/div><\/div><\/div><\/div><\/div><div class=\"fusion-fullwidth fullwidth-box fusion-builder-row-2 fusion-flex-container has-pattern-background has-mask-background nonhundred-percent-fullwidth non-hundred-percent-height-scrolling\" style=\"--awb-border-radius-top-left:0px;--awb-border-radius-top-right:0px;--awb-border-radius-bottom-right:0px;--awb-border-radius-bottom-left:0px;--awb-flex-wrap:wrap;\" ><div class=\"fusion-builder-row fusion-row fusion-flex-align-items-flex-start fusion-flex-content-wrap\" style=\"max-width:1248px;margin-left: calc(-4% \/ 2 );margin-right: calc(-4% \/ 2 );\"><\/div><\/div><\/p>\n","protected":false},"excerpt":{"rendered":"","protected":false},"author":4,"featured_media":0,"parent":1557,"menu_order":5,"comment_status":"closed","ping_status":"closed","template":"","meta":{"footnotes":""},"class_list":["post-1628","page","type-page","status-publish","hentry"],"yoast_head":"<!-- This site is optimized with the Yoast SEO plugin v26.8 - https:\/\/yoast.com\/product\/yoast-seo-wordpress\/ -->\n<title>Nuestra historia - Eramet Eramine<\/title>\n<meta name=\"robots\" content=\"index, follow, max-snippet:-1, max-image-preview:large, max-video-preview:-1\" \/>\n<link rel=\"canonical\" href=\"https:\/\/eramine.eramet.com\/en\/eramine\/about-us\/our-history\/\" \/>\n<meta property=\"og:locale\" content=\"es_ES\" \/>\n<meta property=\"og:type\" content=\"article\" \/>\n<meta property=\"og:title\" content=\"Nuestra historia - Eramet Eramine\" \/>\n<meta property=\"og:url\" content=\"https:\/\/eramine.eramet.com\/en\/eramine\/about-us\/our-history\/\" \/>\n<meta property=\"og:site_name\" content=\"Eramet Eramine\" \/>\n<meta property=\"article:modified_time\" content=\"2025-03-17T14:13:00+00:00\" \/>\n<meta name=\"twitter:card\" content=\"summary_large_image\" \/>\n<meta name=\"twitter:label1\" content=\"Tiempo de lectura\" \/>\n\t<meta name=\"twitter:data1\" content=\"2 minutos\" \/>\n<script type=\"application\/ld+json\" class=\"yoast-schema-graph\">{\"@context\":\"https:\/\/schema.org\",\"@graph\":[{\"@type\":\"WebPage\",\"@id\":\"https:\/\/eramine.eramet.com\/en\/eramine\/about-us\/our-history\/\",\"url\":\"https:\/\/eramine.eramet.com\/en\/eramine\/about-us\/our-history\/\",\"name\":\"Nuestra historia - Eramet Eramine\",\"isPartOf\":{\"@id\":\"https:\/\/eramine.eramet.com\/es\/#website\"},\"datePublished\":\"2022-10-03T16:28:56+00:00\",\"dateModified\":\"2025-03-17T14:13:00+00:00\",\"breadcrumb\":{\"@id\":\"https:\/\/eramine.eramet.com\/en\/eramine\/about-us\/our-history\/#breadcrumb\"},\"inLanguage\":\"es\",\"potentialAction\":[{\"@type\":\"ReadAction\",\"target\":[\"https:\/\/eramine.eramet.com\/en\/eramine\/about-us\/our-history\/\"]}]},{\"@type\":\"BreadcrumbList\",\"@id\":\"https:\/\/eramine.eramet.com\/en\/eramine\/about-us\/our-history\/#breadcrumb\",\"itemListElement\":[{\"@type\":\"ListItem\",\"position\":1,\"name\":\"Home\",\"item\":\"https:\/\/eramine.eramet.com\/en\/\"},{\"@type\":\"ListItem\",\"position\":2,\"name\":\"Eramine\",\"item\":\"https:\/\/eramine.eramet.com\/en\/\"},{\"@type\":\"ListItem\",\"position\":3,\"name\":\"Acerca de nosotros\",\"item\":\"https:\/\/eramine.eramet.com\/en\/eramine\/about-us\/\"},{\"@type\":\"ListItem\",\"position\":4,\"name\":\"Nuestra historia\"}]},{\"@type\":\"WebSite\",\"@id\":\"https:\/\/eramine.eramet.com\/es\/#website\",\"url\":\"https:\/\/eramine.eramet.com\/es\/\",\"name\":\"Eramet Eramine\",\"description\":\"Eramet group\",\"potentialAction\":[{\"@type\":\"SearchAction\",\"target\":{\"@type\":\"EntryPoint\",\"urlTemplate\":\"https:\/\/eramine.eramet.com\/es\/?s={search_term_string}\"},\"query-input\":{\"@type\":\"PropertyValueSpecification\",\"valueRequired\":true,\"valueName\":\"search_term_string\"}}],\"inLanguage\":\"es\"}]}<\/script>\n<!-- \/ Yoast SEO plugin. -->","yoast_head_json":{"title":"Nuestra historia - Eramet Eramine","robots":{"index":"index","follow":"follow","max-snippet":"max-snippet:-1","max-image-preview":"max-image-preview:large","max-video-preview":"max-video-preview:-1"},"canonical":"https:\/\/eramine.eramet.com\/en\/eramine\/about-us\/our-history\/","og_locale":"es_ES","og_type":"article","og_title":"Nuestra historia - Eramet Eramine","og_url":"https:\/\/eramine.eramet.com\/en\/eramine\/about-us\/our-history\/","og_site_name":"Eramet Eramine","article_modified_time":"2025-03-17T14:13:00+00:00","twitter_card":"summary_large_image","twitter_misc":{"Tiempo de lectura":"2 minutos"},"schema":{"@context":"https:\/\/schema.org","@graph":[{"@type":"WebPage","@id":"https:\/\/eramine.eramet.com\/en\/eramine\/about-us\/our-history\/","url":"https:\/\/eramine.eramet.com\/en\/eramine\/about-us\/our-history\/","name":"Nuestra historia - Eramet Eramine","isPartOf":{"@id":"https:\/\/eramine.eramet.com\/es\/#website"},"datePublished":"2022-10-03T16:28:56+00:00","dateModified":"2025-03-17T14:13:00+00:00","breadcrumb":{"@id":"https:\/\/eramine.eramet.com\/en\/eramine\/about-us\/our-history\/#breadcrumb"},"inLanguage":"es","potentialAction":[{"@type":"ReadAction","target":["https:\/\/eramine.eramet.com\/en\/eramine\/about-us\/our-history\/"]}]},{"@type":"BreadcrumbList","@id":"https:\/\/eramine.eramet.com\/en\/eramine\/about-us\/our-history\/#breadcrumb","itemListElement":[{"@type":"ListItem","position":1,"name":"Home","item":"https:\/\/eramine.eramet.com\/en\/"},{"@type":"ListItem","position":2,"name":"Eramine","item":"https:\/\/eramine.eramet.com\/en\/"},{"@type":"ListItem","position":3,"name":"Acerca de nosotros","item":"https:\/\/eramine.eramet.com\/en\/eramine\/about-us\/"},{"@type":"ListItem","position":4,"name":"Nuestra historia"}]},{"@type":"WebSite","@id":"https:\/\/eramine.eramet.com\/es\/#website","url":"https:\/\/eramine.eramet.com\/es\/","name":"Eramet Eramine","description":"Eramet group","potentialAction":[{"@type":"SearchAction","target":{"@type":"EntryPoint","urlTemplate":"https:\/\/eramine.eramet.com\/es\/?s={search_term_string}"},"query-input":{"@type":"PropertyValueSpecification","valueRequired":true,"valueName":"search_term_string"}}],"inLanguage":"es"}]}},"_links":{"self":[{"href":"https:\/\/eramine.eramet.com\/es\/wp-json\/wp\/v2\/pages\/1628","targetHints":{"allow":["GET"]}}],"collection":[{"href":"https:\/\/eramine.eramet.com\/es\/wp-json\/wp\/v2\/pages"}],"about":[{"href":"https:\/\/eramine.eramet.com\/es\/wp-json\/wp\/v2\/types\/page"}],"author":[{"embeddable":true,"href":"https:\/\/eramine.eramet.com\/es\/wp-json\/wp\/v2\/users\/4"}],"replies":[{"embeddable":true,"href":"https:\/\/eramine.eramet.com\/es\/wp-json\/wp\/v2\/comments?post=1628"}],"version-history":[{"count":6,"href":"https:\/\/eramine.eramet.com\/es\/wp-json\/wp\/v2\/pages\/1628\/revisions"}],"predecessor-version":[{"id":2954,"href":"https:\/\/eramine.eramet.com\/es\/wp-json\/wp\/v2\/pages\/1628\/revisions\/2954"}],"up":[{"embeddable":true,"href":"https:\/\/eramine.eramet.com\/es\/wp-json\/wp\/v2\/pages\/1557"}],"wp:attachment":[{"href":"https:\/\/eramine.eramet.com\/es\/wp-json\/wp\/v2\/media?parent=1628"}],"curies":[{"name":"wp","href":"https:\/\/api.w.org\/{rel}","templated":true}]}}