{"id":1680,"date":"2022-10-03T13:33:56","date_gmt":"2022-10-03T16:33:56","guid":{"rendered":"https:\/\/eramine.eramet.com\/?page_id=1680"},"modified":"2025-03-17T12:02:01","modified_gmt":"2025-03-17T15:02:01","slug":"construccion","status":"publish","type":"page","link":"https:\/\/eramine.eramet.com\/es\/eramine\/our-project\/construccion\/","title":{"rendered":"Construcci\u00f3n"},"content":{"rendered":"<div class=\"fusion-fullwidth fullwidth-box fusion-builder-row-1 fusion-flex-container nonhundred-percent-fullwidth non-hundred-percent-height-scrolling\" style=\"--awb-border-radius-top-left:0px;--awb-border-radius-top-right:0px;--awb-border-radius-bottom-right:0px;--awb-border-radius-bottom-left:0px;--awb-flex-wrap:wrap;\" ><div class=\"fusion-builder-row fusion-row fusion-flex-align-items-flex-start fusion-flex-content-wrap\" style=\"max-width:1248px;margin-left: calc(-4% \/ 2 );margin-right: calc(-4% \/ 2 );\"><div class=\"fusion-layout-column fusion_builder_column fusion-builder-column-0 fusion_builder_column_1_1 1_1 fusion-flex-column\" style=\"--awb-bg-blend:overlay;--awb-bg-size:cover;--awb-width-large:100%;--awb-margin-top-large:0px;--awb-spacing-right-large:1.92%;--awb-margin-bottom-large:0px;--awb-spacing-left-large:1.92%;--awb-width-medium:100%;--awb-spacing-right-medium:1.92%;--awb-spacing-left-medium:1.92%;--awb-width-small:100%;--awb-spacing-right-small:1.92%;--awb-spacing-left-small:1.92%;\"><div class=\"fusion-column-wrapper fusion-flex-justify-content-flex-start fusion-content-layout-column\"><div class=\"fusion-text fusion-text-1\"><h2>Nuestra planta de litio en funcionamiento hacia fines de 2024<\/h2>\n<p>Despu\u00e9s de 2 a\u00f1os, la construcci\u00f3n de la planta de producci\u00f3n de carbonato de litio en el campo Centenario Ratones, est\u00e1 casi terminada.<\/p>\n<p>En julio de 2024, celebramos un paso decisivo en un proyecto que representa un enorme desaf\u00edo industrial y humano: el inicio de la puesta en marcha de la planta dise\u00f1ada para extraer litio de la salmuera del salar y procesarlo en carbonato de litio de grado para bater\u00edas, necesario para la cadena de valor de los veh\u00edculos el\u00e9ctricos.<\/p>\n<p>Sin presencia comercial previa en el pa\u00eds, hemos establecido relaciones de confianza con las autoridades y las comunidades locales. Nuestros equipos, junto con nuestros socios, superaron considerables retos log\u00edsticos, sobre todo durante la crisis de los c\u00f3vidos, en un lugar aislado y escasamente poblado.<\/p>\n<p>Construcci\u00f3n de una pista de aterrizaje, planta de compresi\u00f3n de gas a 320 km de la planta, un campamento de vida, importaci\u00f3n de equipos de m\u00e1s de 10 pa\u00edses.<\/p>\n<p>Fue una obra de gran envergadura que supuso el montaje de 5.900 toneladas de estructuras de acero.<\/p>\n<p>Con \u00e9xito hacia nuestros compromisos de seguridad: tasa total de lesiones registrables &lt;2 para unos 7 millones de horas de actividad de construcci\u00f3n para 1.600 trabajadores simult\u00e1neamente en la obra.<\/p>\n<p>La planta se encuentra entr\u00f3 en producci\u00f3n a fines de 2024 y tendr\u00e1 una capacidad de producci\u00f3n de 24.000 toneladas anuales de carbonato de litio para bater\u00edas.<\/p>\n<\/div><\/div><\/div><\/div><\/div>\n","protected":false},"excerpt":{"rendered":"","protected":false},"author":4,"featured_media":2688,"parent":1671,"menu_order":2,"comment_status":"closed","ping_status":"closed","template":"","meta":{"footnotes":""},"class_list":["post-1680","page","type-page","status-publish","has-post-thumbnail","hentry"],"yoast_head":"<!-- This site is optimized with the Yoast SEO plugin v26.8 - https:\/\/yoast.com\/product\/yoast-seo-wordpress\/ -->\n<title>Construcci\u00f3n - Eramet Eramine<\/title>\n<meta name=\"robots\" content=\"index, follow, max-snippet:-1, max-image-preview:large, max-video-preview:-1\" \/>\n<link rel=\"canonical\" href=\"https:\/\/eramine.eramet.com\/en\/eramine\/our-project\/construction\/\" \/>\n<meta property=\"og:locale\" content=\"es_ES\" \/>\n<meta property=\"og:type\" content=\"article\" \/>\n<meta property=\"og:title\" content=\"Construcci\u00f3n - Eramet Eramine\" \/>\n<meta property=\"og:url\" content=\"https:\/\/eramine.eramet.com\/en\/eramine\/our-project\/construction\/\" \/>\n<meta property=\"og:site_name\" content=\"Eramet Eramine\" \/>\n<meta property=\"article:modified_time\" content=\"2025-03-17T15:02:01+00:00\" \/>\n<meta property=\"og:image\" content=\"https:\/\/eramine.eramet.com\/wp-content\/uploads\/sites\/10\/2024\/11\/Eramine-Construction-2024.jpg\" \/>\n\t<meta property=\"og:image:width\" content=\"1280\" \/>\n\t<meta property=\"og:image:height\" content=\"720\" \/>\n\t<meta property=\"og:image:type\" content=\"image\/jpeg\" \/>\n<meta name=\"twitter:card\" content=\"summary_large_image\" \/>\n<meta name=\"twitter:label1\" content=\"Tiempo de lectura\" \/>\n\t<meta name=\"twitter:data1\" content=\"2 minutos\" \/>\n<script type=\"application\/ld+json\" class=\"yoast-schema-graph\">{\"@context\":\"https:\/\/schema.org\",\"@graph\":[{\"@type\":\"WebPage\",\"@id\":\"https:\/\/eramine.eramet.com\/en\/eramine\/our-project\/construction\/\",\"url\":\"https:\/\/eramine.eramet.com\/en\/eramine\/our-project\/construction\/\",\"name\":\"Construcci\u00f3n - Eramet Eramine\",\"isPartOf\":{\"@id\":\"https:\/\/eramine.eramet.com\/es\/#website\"},\"primaryImageOfPage\":{\"@id\":\"https:\/\/eramine.eramet.com\/en\/eramine\/our-project\/construction\/#primaryimage\"},\"image\":{\"@id\":\"https:\/\/eramine.eramet.com\/en\/eramine\/our-project\/construction\/#primaryimage\"},\"thumbnailUrl\":\"https:\/\/eramine.eramet.com\/wp-content\/uploads\/sites\/10\/2024\/11\/Eramine-Construction-2024.jpg\",\"datePublished\":\"2022-10-03T16:33:56+00:00\",\"dateModified\":\"2025-03-17T15:02:01+00:00\",\"breadcrumb\":{\"@id\":\"https:\/\/eramine.eramet.com\/en\/eramine\/our-project\/construction\/#breadcrumb\"},\"inLanguage\":\"es\",\"potentialAction\":[{\"@type\":\"ReadAction\",\"target\":[\"https:\/\/eramine.eramet.com\/en\/eramine\/our-project\/construction\/\"]}]},{\"@type\":\"ImageObject\",\"inLanguage\":\"es\",\"@id\":\"https:\/\/eramine.eramet.com\/en\/eramine\/our-project\/construction\/#primaryimage\",\"url\":\"https:\/\/eramine.eramet.com\/wp-content\/uploads\/sites\/10\/2024\/11\/Eramine-Construction-2024.jpg\",\"contentUrl\":\"https:\/\/eramine.eramet.com\/wp-content\/uploads\/sites\/10\/2024\/11\/Eramine-Construction-2024.jpg\",\"width\":1280,\"height\":720,\"caption\":\"Eramine Construction 2024\"},{\"@type\":\"BreadcrumbList\",\"@id\":\"https:\/\/eramine.eramet.com\/en\/eramine\/our-project\/construction\/#breadcrumb\",\"itemListElement\":[{\"@type\":\"ListItem\",\"position\":1,\"name\":\"Home\",\"item\":\"https:\/\/eramine.eramet.com\/en\/\"},{\"@type\":\"ListItem\",\"position\":2,\"name\":\"Eramine\",\"item\":\"https:\/\/eramine.eramet.com\/en\/\"},{\"@type\":\"ListItem\",\"position\":3,\"name\":\"Nuestra planta de producci\u00f3n de litio\",\"item\":\"https:\/\/eramine.eramet.com\/en\/eramine\/our-project\/\"},{\"@type\":\"ListItem\",\"position\":4,\"name\":\"Construcci\u00f3n\"}]},{\"@type\":\"WebSite\",\"@id\":\"https:\/\/eramine.eramet.com\/es\/#website\",\"url\":\"https:\/\/eramine.eramet.com\/es\/\",\"name\":\"Eramet Eramine\",\"description\":\"Eramet group\",\"potentialAction\":[{\"@type\":\"SearchAction\",\"target\":{\"@type\":\"EntryPoint\",\"urlTemplate\":\"https:\/\/eramine.eramet.com\/es\/?s={search_term_string}\"},\"query-input\":{\"@type\":\"PropertyValueSpecification\",\"valueRequired\":true,\"valueName\":\"search_term_string\"}}],\"inLanguage\":\"es\"}]}<\/script>\n<!-- \/ Yoast SEO plugin. -->","yoast_head_json":{"title":"Construcci\u00f3n - Eramet Eramine","robots":{"index":"index","follow":"follow","max-snippet":"max-snippet:-1","max-image-preview":"max-image-preview:large","max-video-preview":"max-video-preview:-1"},"canonical":"https:\/\/eramine.eramet.com\/en\/eramine\/our-project\/construction\/","og_locale":"es_ES","og_type":"article","og_title":"Construcci\u00f3n - Eramet Eramine","og_url":"https:\/\/eramine.eramet.com\/en\/eramine\/our-project\/construction\/","og_site_name":"Eramet Eramine","article_modified_time":"2025-03-17T15:02:01+00:00","og_image":[{"width":1280,"height":720,"url":"https:\/\/eramine.eramet.com\/wp-content\/uploads\/sites\/10\/2024\/11\/Eramine-Construction-2024.jpg","type":"image\/jpeg"}],"twitter_card":"summary_large_image","twitter_misc":{"Tiempo de lectura":"2 minutos"},"schema":{"@context":"https:\/\/schema.org","@graph":[{"@type":"WebPage","@id":"https:\/\/eramine.eramet.com\/en\/eramine\/our-project\/construction\/","url":"https:\/\/eramine.eramet.com\/en\/eramine\/our-project\/construction\/","name":"Construcci\u00f3n - Eramet Eramine","isPartOf":{"@id":"https:\/\/eramine.eramet.com\/es\/#website"},"primaryImageOfPage":{"@id":"https:\/\/eramine.eramet.com\/en\/eramine\/our-project\/construction\/#primaryimage"},"image":{"@id":"https:\/\/eramine.eramet.com\/en\/eramine\/our-project\/construction\/#primaryimage"},"thumbnailUrl":"https:\/\/eramine.eramet.com\/wp-content\/uploads\/sites\/10\/2024\/11\/Eramine-Construction-2024.jpg","datePublished":"2022-10-03T16:33:56+00:00","dateModified":"2025-03-17T15:02:01+00:00","breadcrumb":{"@id":"https:\/\/eramine.eramet.com\/en\/eramine\/our-project\/construction\/#breadcrumb"},"inLanguage":"es","potentialAction":[{"@type":"ReadAction","target":["https:\/\/eramine.eramet.com\/en\/eramine\/our-project\/construction\/"]}]},{"@type":"ImageObject","inLanguage":"es","@id":"https:\/\/eramine.eramet.com\/en\/eramine\/our-project\/construction\/#primaryimage","url":"https:\/\/eramine.eramet.com\/wp-content\/uploads\/sites\/10\/2024\/11\/Eramine-Construction-2024.jpg","contentUrl":"https:\/\/eramine.eramet.com\/wp-content\/uploads\/sites\/10\/2024\/11\/Eramine-Construction-2024.jpg","width":1280,"height":720,"caption":"Eramine Construction 2024"},{"@type":"BreadcrumbList","@id":"https:\/\/eramine.eramet.com\/en\/eramine\/our-project\/construction\/#breadcrumb","itemListElement":[{"@type":"ListItem","position":1,"name":"Home","item":"https:\/\/eramine.eramet.com\/en\/"},{"@type":"ListItem","position":2,"name":"Eramine","item":"https:\/\/eramine.eramet.com\/en\/"},{"@type":"ListItem","position":3,"name":"Nuestra planta de producci\u00f3n de litio","item":"https:\/\/eramine.eramet.com\/en\/eramine\/our-project\/"},{"@type":"ListItem","position":4,"name":"Construcci\u00f3n"}]},{"@type":"WebSite","@id":"https:\/\/eramine.eramet.com\/es\/#website","url":"https:\/\/eramine.eramet.com\/es\/","name":"Eramet Eramine","description":"Eramet group","potentialAction":[{"@type":"SearchAction","target":{"@type":"EntryPoint","urlTemplate":"https:\/\/eramine.eramet.com\/es\/?s={search_term_string}"},"query-input":{"@type":"PropertyValueSpecification","valueRequired":true,"valueName":"search_term_string"}}],"inLanguage":"es"}]}},"_links":{"self":[{"href":"https:\/\/eramine.eramet.com\/es\/wp-json\/wp\/v2\/pages\/1680","targetHints":{"allow":["GET"]}}],"collection":[{"href":"https:\/\/eramine.eramet.com\/es\/wp-json\/wp\/v2\/pages"}],"about":[{"href":"https:\/\/eramine.eramet.com\/es\/wp-json\/wp\/v2\/types\/page"}],"author":[{"embeddable":true,"href":"https:\/\/eramine.eramet.com\/es\/wp-json\/wp\/v2\/users\/4"}],"replies":[{"embeddable":true,"href":"https:\/\/eramine.eramet.com\/es\/wp-json\/wp\/v2\/comments?post=1680"}],"version-history":[{"count":8,"href":"https:\/\/eramine.eramet.com\/es\/wp-json\/wp\/v2\/pages\/1680\/revisions"}],"predecessor-version":[{"id":2964,"href":"https:\/\/eramine.eramet.com\/es\/wp-json\/wp\/v2\/pages\/1680\/revisions\/2964"}],"up":[{"embeddable":true,"href":"https:\/\/eramine.eramet.com\/es\/wp-json\/wp\/v2\/pages\/1671"}],"wp:featuredmedia":[{"embeddable":true,"href":"https:\/\/eramine.eramet.com\/es\/wp-json\/wp\/v2\/media\/2688"}],"wp:attachment":[{"href":"https:\/\/eramine.eramet.com\/es\/wp-json\/wp\/v2\/media?parent=1680"}],"curies":[{"name":"wp","href":"https:\/\/api.w.org\/{rel}","templated":true}]}}