{"id":1685,"date":"2022-10-04T13:17:39","date_gmt":"2022-10-04T16:17:39","guid":{"rendered":"https:\/\/eramine.eramet.com\/eramine-sudamerica-s-a\/our-project\/mine-plant\/"},"modified":"2025-02-18T09:56:11","modified_gmt":"2025-02-18T12:56:11","slug":"mina-y-planta","status":"publish","type":"page","link":"https:\/\/eramine.eramet.com\/es\/eramine\/our-project\/mina-y-planta\/","title":{"rendered":"Mina y planta"},"content":{"rendered":"<div class=\"fusion-fullwidth fullwidth-box fusion-builder-row-1 fusion-flex-container nonhundred-percent-fullwidth non-hundred-percent-height-scrolling\" style=\"--awb-border-radius-top-left:0px;--awb-border-radius-top-right:0px;--awb-border-radius-bottom-right:0px;--awb-border-radius-bottom-left:0px;--awb-flex-wrap:wrap;\" ><div class=\"fusion-builder-row fusion-row fusion-flex-align-items-flex-start fusion-flex-content-wrap\" style=\"max-width:1248px;margin-left: calc(-4% \/ 2 );margin-right: calc(-4% \/ 2 );\"><div class=\"fusion-layout-column fusion_builder_column fusion-builder-column-0 fusion_builder_column_1_1 1_1 fusion-flex-column\" style=\"--awb-bg-size:cover;--awb-width-large:100%;--awb-margin-top-large:0px;--awb-spacing-right-large:1.92%;--awb-margin-bottom-large:0px;--awb-spacing-left-large:1.92%;--awb-width-medium:100%;--awb-spacing-right-medium:1.92%;--awb-spacing-left-medium:1.92%;--awb-width-small:100%;--awb-spacing-right-small:1.92%;--awb-spacing-left-small:1.92%;\"><div class=\"fusion-column-wrapper fusion-flex-justify-content-flex-start fusion-content-layout-column\"><div class=\"fusion-text fusion-text-1\"><h2>Una mina y una planta<\/h2>\n<p>El proyecto se encuentra ubicado en el salar Centenario Ratones, en el departamento de los Andes, provincia de Salta, Argentina. Esta regi\u00f3n es conocida como \u201cPuna salte\u00f1a\u201d que est\u00e1 a unos 3.800 metros sobre el nivel del mar, cuenta con un clima \u00e1rido, fuertes r\u00e1fagas de viento y bajas temperaturas que pueden alcanzar los -18\u00baC.<\/p>\n<p>Un proyecto desarrollado seg\u00fan las normas m\u00e1s estrictas de la miner\u00eda sostenible, de acuerdo con la hoja de ruta de la Ley para una Miner\u00eda Positiva de Eramet.<\/p>\n<p><strong>La mina mediante bombeo<\/strong>: La salmuera que contiene el litio es un l\u00edquido que est\u00e1 atrapado a unos 400 metros bajo la superficie del suelo. Nuestro m\u00e9todo de extracci\u00f3n consiste en bombearlo con 20 pozos.<\/p>\n<p><span class=\"ui-provider gp b c d e f g h i j k l m n o p q r s t u v w x y z ab ac ae af ag ah ai aj ak\" dir=\"ltr\">Nuestra miner\u00eda se lleva a cabo a trav\u00e9s de un proceso de extracci\u00f3n de litio no convencional, a trav\u00e9s de la perforaci\u00f3n<\/span> de pozos alrededor de 400 metros de profundidad. A trav\u00e9s del proceso de bombeo, se extrae la salmuera de una ca\u00f1er\u00eda de 20 cm de di\u00e1metro, y finalmente es trasladada a la planta de producci\u00f3n con un sistema de tuber\u00edas. Todo este proceso cumple altos est\u00e1ndares de seguridad y est\u00e1n dise\u00f1ados para minimizar el impacto medioambiental.<\/p>\n<p><strong>La planta: <\/strong><span style=\"color: var(--awb-text-color); font-family: var(--awb-text-font-family); font-size: var(--awb-font-size); font-style: var(--awb-text-font-style); font-weight: var(--awb-text-font-weight); letter-spacing: var(--awb-letter-spacing); text-align: var(--awb-content-alignment); text-transform: var(--awb-text-transform); background-color: var(--awb-bg-color);\">Utilizamos un proceso de extracci\u00f3n directa desarrollado por Eramet Ideas.<br \/><\/span><span style=\"color: var(--awb-text-color); font-family: var(--awb-text-font-family); font-size: var(--awb-font-size); font-style: var(--awb-text-font-style); font-weight: var(--awb-text-font-weight); letter-spacing: var(--awb-letter-spacing); text-align: var(--awb-content-alignment); text-transform: var(--awb-text-transform); background-color: var(--awb-bg-color);\">Este proceso actualmente se llev\u00f3 a cabo en la planta piloto y logra un rendimiento superior al 90%, es decir que se recupera el 90% del litio contenido en la salmuera natural, con un per\u00edodo de procesamiento de alrededor de 7 d\u00edas, mientras que el proceso tradicional (de evaporaci\u00f3n natural en piletas) ofrece menos del 50% de rendimiento en 18 meses. Esto nos permite maximizar la eficiencia de los tiempos de procesamiento y, en consecuencia, el uso de los recursos.<\/span><span style=\"color: var(--awb-text-color); font-family: var(--awb-text-font-family); font-size: var(--awb-font-size); font-style: var(--awb-text-font-style); font-weight: var(--awb-text-font-weight); letter-spacing: var(--awb-letter-spacing); text-align: var(--awb-content-alignment); text-transform: var(--awb-text-transform); background-color: var(--awb-bg-color);\">.<\/span><\/p>\n<p>Gracias a este m\u00e9todo, Eramine puede aumentar la tasa de <a href=\"https:\/\/eramine.eramet.com\/es\/eramine-sudamerica-s-a\/our-commitments\/environment\/\"><strong>reciclaje de agua dulce<\/strong><\/a> en un 60 %. Esta es una de las innovaciones que hemos ideado para optimizar nuestro proceso con el objetivo de \u201cproducir mejor\u201d.<\/p>\n<p><strong>Eramet obtuvo 12 patentes por su proceso de extracci\u00f3n directa del litio.<\/strong><\/p>\n<h3>Una de las plantas de extracci\u00f3n directa de litio m\u00e1s avanzadas<\/h3>\n<p>La planta Centenario Fase 1 utiliza una de las tecnolog\u00edas DLE m\u00e1s avanzadas. Ha sido desarrollada durante 10 a\u00f1os en Francia por Eramet Ideas, el centro de I+D e Innovaci\u00f3n Abierta del Grupo, junto con el IFPEN (Institut Fran\u00e7ais du P\u00e9trole et des Energies Nouvelles) y Seprosys. Esta tecnolog\u00eda est\u00e1 cubierta por 12 patentes. Despu\u00e9s ha sido probada durante 5 a\u00f1os en condiciones reales en una planta piloto construida en las instalaciones de Centenario.<\/p>\n<p>El proceso de extracci\u00f3n directa de litio o DLE ha logrado una elevada tasa de recuperaci\u00f3n del litio contenido en la salmuera de aproximadamente el 90%. En comparaci\u00f3n, si utiliz\u00e1ramos el proceso tradicional de evaporaci\u00f3n natural en Centenario, la tasa de recuperaci\u00f3n ser\u00eda del 40-50%.<\/p>\n<p>La tecnolog\u00eda DLE desarrollada por Eramet es un 50% m\u00e1s eficaz que el m\u00e9todo convencional de evaporaci\u00f3n natural. Tambi\u00e9n permite reducir el plazo de producci\u00f3n a 1 semana frente a un periodo de 12 a 18 meses para el m\u00e9todo de evaporaci\u00f3n convencional.<\/p>\n<p>Desarrollado por Eramet junto con el IFPEN (Institut Fran\u00e7ais du P\u00e9trole et des Energies Nouvelles) y Seprosys, este proceso funciona esencialmente como una esponja: captura el litio contenido en las salmueras. A continuaci\u00f3n, se extrae utilizando agua salobre extra\u00edda de unos 100 m por debajo de la superficie. M\u00e1s del 60% del agua utilizada se recicla en el proceso.<\/p>\n<p>Eramet est\u00e1 modelando actualmente la reinyecci\u00f3n directa de la salmuera en los acu\u00edferos del salar Centenario-Ratones. Al mismo tiempo, los equipos de Eramet Ideas trabajan continuamente para mejorar la eficacia medioambiental del proceso, en particular reduciendo a\u00fan m\u00e1s el uso de agua.<\/p>\n<h3>Una sala de control para gestionar la planta<\/h3>\n<p>La planta se gestionar\u00e1 a trav\u00e9s de una sala de control con el equipo de supervisi\u00f3n adecuado.<\/p>\n<p>Se dispone de un equipo completo que puede gestionar la finalizaci\u00f3n de la instrumentaci\u00f3n de toda la cadena de valor para una retroalimentaci\u00f3n de datos fiable y en tiempo real que pueda utilizarse para la gesti\u00f3n directa de las operaciones, la definici\u00f3n de nuevos procesos en todo el per\u00edmetro de Eramine (desde el bombeo de la salmuera hasta la extracci\u00f3n del carbonato de litio).<\/p>\n<h3>Formaci\u00f3n de los futuros operadores en nuestra Planta Piloto en Sitio<\/h3>\n<p>La planta piloto siempre ha sido una herramienta estrat\u00e9gica para el proyecto de Eramet. Adem\u00e1s de I+D, se ha utilizado como formaci\u00f3n para futuros operarios. Durante el tiempo en que las actividades estuvieron paralizadas debido al Covid 19, un grupo de personas continu\u00f3 operando la planta piloto y esta instancia sirvi\u00f3 como entrenamiento. Sigue siendo el caso durante el periodo de construcci\u00f3n de la planta comercial.<\/p>\n<p>Una vez que la Planta de Producci\u00f3n a escala industrial est\u00e9 lista, se calcula que ser\u00e1n alrededor de 500 empleados para operaciones y proyectos.<\/p>\n<p>Conoc\u00e9 nuestro proceso de producci\u00f3n aqu\u00ed:<\/p>\n<p><div class=\"video-shortcode\"><iframe title=\"PROCESO DE PRODUCCION\" width=\"1200\" height=\"900\" src=\"https:\/\/www.youtube.com\/embed\/wVVCw790OZQ?feature=oembed\" frameborder=\"0\" allow=\"accelerometer; autoplay; clipboard-write; encrypted-media; gyroscope; picture-in-picture\" allowfullscreen><\/iframe><\/div>\n<\/p>\n<h3>Trabajando seg\u00fan las mejores normas: IRMA<\/h3>\n<p>Eramine ha iniciado el proceso de obtenci\u00f3n de la certificaci\u00f3n <a href=\"https:\/\/responsiblemining.net\/\" target=\"_blank\" rel=\"noopener\"><strong>IRMA<\/strong><\/a> (Est\u00e1ndar para la Miner\u00eda Responsable), que es la definici\u00f3n m\u00e1s integral y rigurosa del mundo sobre las buenas pr\u00e1cticas para la miner\u00eda de escala industrial, con un nivel de exigencia m\u00e1s alto que las leyes de cualquier pa\u00eds. IRMA tiene una gobernanza de m\u00faltiples partes interesadas (ONG, industria minera, sindicatos internacionales, compradores intermedios, inversores y finanzas, etc.) y abarca muchos art\u00edculos, entre ellos:<\/p>\n<ul>\n<li>Protecci\u00f3n Ambiental<\/li>\n<li>Relaciones con las Comunidades<\/li>\n<li>Derechos Humanos<\/li>\n<\/ul>\n<\/div><\/div><\/div><\/div><\/div>\n","protected":false},"excerpt":{"rendered":"","protected":false},"author":4,"featured_media":1696,"parent":1671,"menu_order":3,"comment_status":"closed","ping_status":"closed","template":"","meta":{"footnotes":""},"class_list":["post-1685","page","type-page","status-publish","has-post-thumbnail","hentry"],"yoast_head":"<!-- This site is optimized with the Yoast SEO plugin v26.8 - https:\/\/yoast.com\/product\/yoast-seo-wordpress\/ -->\n<title>Mina y planta - Eramet Eramine<\/title>\n<meta name=\"robots\" content=\"index, follow, max-snippet:-1, max-image-preview:large, max-video-preview:-1\" \/>\n<link rel=\"canonical\" href=\"https:\/\/eramine.eramet.com\/en\/eramine\/our-project\/mine-plant\/\" \/>\n<meta property=\"og:locale\" content=\"es_ES\" \/>\n<meta property=\"og:type\" content=\"article\" \/>\n<meta property=\"og:title\" content=\"Mina y planta - Eramet Eramine\" \/>\n<meta property=\"og:url\" content=\"https:\/\/eramine.eramet.com\/en\/eramine\/our-project\/mine-plant\/\" \/>\n<meta property=\"og:site_name\" content=\"Eramet Eramine\" \/>\n<meta property=\"article:modified_time\" content=\"2025-02-18T12:56:11+00:00\" \/>\n<meta property=\"og:image\" content=\"https:\/\/eramine.eramet.com\/wp-content\/uploads\/sites\/10\/2022\/11\/Mina-y-planta-4.jpg\" \/>\n\t<meta property=\"og:image:width\" content=\"1920\" \/>\n\t<meta property=\"og:image:height\" content=\"1080\" \/>\n\t<meta property=\"og:image:type\" content=\"image\/jpeg\" \/>\n<meta name=\"twitter:card\" content=\"summary_large_image\" \/>\n<meta name=\"twitter:label1\" content=\"Tiempo de lectura\" \/>\n\t<meta name=\"twitter:data1\" content=\"5 minutos\" \/>\n<script type=\"application\/ld+json\" class=\"yoast-schema-graph\">{\"@context\":\"https:\/\/schema.org\",\"@graph\":[{\"@type\":\"WebPage\",\"@id\":\"https:\/\/eramine.eramet.com\/en\/eramine\/our-project\/mine-plant\/\",\"url\":\"https:\/\/eramine.eramet.com\/en\/eramine\/our-project\/mine-plant\/\",\"name\":\"Mina y planta - Eramet Eramine\",\"isPartOf\":{\"@id\":\"https:\/\/eramine.eramet.com\/es\/#website\"},\"primaryImageOfPage\":{\"@id\":\"https:\/\/eramine.eramet.com\/en\/eramine\/our-project\/mine-plant\/#primaryimage\"},\"image\":{\"@id\":\"https:\/\/eramine.eramet.com\/en\/eramine\/our-project\/mine-plant\/#primaryimage\"},\"thumbnailUrl\":\"https:\/\/eramine.eramet.com\/wp-content\/uploads\/sites\/10\/2022\/11\/Mina-y-planta-4.jpg\",\"datePublished\":\"2022-10-04T16:17:39+00:00\",\"dateModified\":\"2025-02-18T12:56:11+00:00\",\"breadcrumb\":{\"@id\":\"https:\/\/eramine.eramet.com\/en\/eramine\/our-project\/mine-plant\/#breadcrumb\"},\"inLanguage\":\"es\",\"potentialAction\":[{\"@type\":\"ReadAction\",\"target\":[\"https:\/\/eramine.eramet.com\/en\/eramine\/our-project\/mine-plant\/\"]}]},{\"@type\":\"ImageObject\",\"inLanguage\":\"es\",\"@id\":\"https:\/\/eramine.eramet.com\/en\/eramine\/our-project\/mine-plant\/#primaryimage\",\"url\":\"https:\/\/eramine.eramet.com\/wp-content\/uploads\/sites\/10\/2022\/11\/Mina-y-planta-4.jpg\",\"contentUrl\":\"https:\/\/eramine.eramet.com\/wp-content\/uploads\/sites\/10\/2022\/11\/Mina-y-planta-4.jpg\",\"width\":1920,\"height\":1080},{\"@type\":\"BreadcrumbList\",\"@id\":\"https:\/\/eramine.eramet.com\/en\/eramine\/our-project\/mine-plant\/#breadcrumb\",\"itemListElement\":[{\"@type\":\"ListItem\",\"position\":1,\"name\":\"Home\",\"item\":\"https:\/\/eramine.eramet.com\/en\/\"},{\"@type\":\"ListItem\",\"position\":2,\"name\":\"Eramine\",\"item\":\"https:\/\/eramine.eramet.com\/en\/\"},{\"@type\":\"ListItem\",\"position\":3,\"name\":\"Nuestra planta de producci\u00f3n de litio\",\"item\":\"https:\/\/eramine.eramet.com\/en\/eramine\/our-project\/\"},{\"@type\":\"ListItem\",\"position\":4,\"name\":\"Mina y planta\"}]},{\"@type\":\"WebSite\",\"@id\":\"https:\/\/eramine.eramet.com\/es\/#website\",\"url\":\"https:\/\/eramine.eramet.com\/es\/\",\"name\":\"Eramet Eramine\",\"description\":\"Eramet group\",\"potentialAction\":[{\"@type\":\"SearchAction\",\"target\":{\"@type\":\"EntryPoint\",\"urlTemplate\":\"https:\/\/eramine.eramet.com\/es\/?s={search_term_string}\"},\"query-input\":{\"@type\":\"PropertyValueSpecification\",\"valueRequired\":true,\"valueName\":\"search_term_string\"}}],\"inLanguage\":\"es\"}]}<\/script>\n<!-- \/ Yoast SEO plugin. -->","yoast_head_json":{"title":"Mina y planta - Eramet Eramine","robots":{"index":"index","follow":"follow","max-snippet":"max-snippet:-1","max-image-preview":"max-image-preview:large","max-video-preview":"max-video-preview:-1"},"canonical":"https:\/\/eramine.eramet.com\/en\/eramine\/our-project\/mine-plant\/","og_locale":"es_ES","og_type":"article","og_title":"Mina y planta - Eramet Eramine","og_url":"https:\/\/eramine.eramet.com\/en\/eramine\/our-project\/mine-plant\/","og_site_name":"Eramet Eramine","article_modified_time":"2025-02-18T12:56:11+00:00","og_image":[{"width":1920,"height":1080,"url":"https:\/\/eramine.eramet.com\/wp-content\/uploads\/sites\/10\/2022\/11\/Mina-y-planta-4.jpg","type":"image\/jpeg"}],"twitter_card":"summary_large_image","twitter_misc":{"Tiempo de lectura":"5 minutos"},"schema":{"@context":"https:\/\/schema.org","@graph":[{"@type":"WebPage","@id":"https:\/\/eramine.eramet.com\/en\/eramine\/our-project\/mine-plant\/","url":"https:\/\/eramine.eramet.com\/en\/eramine\/our-project\/mine-plant\/","name":"Mina y planta - Eramet Eramine","isPartOf":{"@id":"https:\/\/eramine.eramet.com\/es\/#website"},"primaryImageOfPage":{"@id":"https:\/\/eramine.eramet.com\/en\/eramine\/our-project\/mine-plant\/#primaryimage"},"image":{"@id":"https:\/\/eramine.eramet.com\/en\/eramine\/our-project\/mine-plant\/#primaryimage"},"thumbnailUrl":"https:\/\/eramine.eramet.com\/wp-content\/uploads\/sites\/10\/2022\/11\/Mina-y-planta-4.jpg","datePublished":"2022-10-04T16:17:39+00:00","dateModified":"2025-02-18T12:56:11+00:00","breadcrumb":{"@id":"https:\/\/eramine.eramet.com\/en\/eramine\/our-project\/mine-plant\/#breadcrumb"},"inLanguage":"es","potentialAction":[{"@type":"ReadAction","target":["https:\/\/eramine.eramet.com\/en\/eramine\/our-project\/mine-plant\/"]}]},{"@type":"ImageObject","inLanguage":"es","@id":"https:\/\/eramine.eramet.com\/en\/eramine\/our-project\/mine-plant\/#primaryimage","url":"https:\/\/eramine.eramet.com\/wp-content\/uploads\/sites\/10\/2022\/11\/Mina-y-planta-4.jpg","contentUrl":"https:\/\/eramine.eramet.com\/wp-content\/uploads\/sites\/10\/2022\/11\/Mina-y-planta-4.jpg","width":1920,"height":1080},{"@type":"BreadcrumbList","@id":"https:\/\/eramine.eramet.com\/en\/eramine\/our-project\/mine-plant\/#breadcrumb","itemListElement":[{"@type":"ListItem","position":1,"name":"Home","item":"https:\/\/eramine.eramet.com\/en\/"},{"@type":"ListItem","position":2,"name":"Eramine","item":"https:\/\/eramine.eramet.com\/en\/"},{"@type":"ListItem","position":3,"name":"Nuestra planta de producci\u00f3n de litio","item":"https:\/\/eramine.eramet.com\/en\/eramine\/our-project\/"},{"@type":"ListItem","position":4,"name":"Mina y planta"}]},{"@type":"WebSite","@id":"https:\/\/eramine.eramet.com\/es\/#website","url":"https:\/\/eramine.eramet.com\/es\/","name":"Eramet Eramine","description":"Eramet group","potentialAction":[{"@type":"SearchAction","target":{"@type":"EntryPoint","urlTemplate":"https:\/\/eramine.eramet.com\/es\/?s={search_term_string}"},"query-input":{"@type":"PropertyValueSpecification","valueRequired":true,"valueName":"search_term_string"}}],"inLanguage":"es"}]}},"_links":{"self":[{"href":"https:\/\/eramine.eramet.com\/es\/wp-json\/wp\/v2\/pages\/1685","targetHints":{"allow":["GET"]}}],"collection":[{"href":"https:\/\/eramine.eramet.com\/es\/wp-json\/wp\/v2\/pages"}],"about":[{"href":"https:\/\/eramine.eramet.com\/es\/wp-json\/wp\/v2\/types\/page"}],"author":[{"embeddable":true,"href":"https:\/\/eramine.eramet.com\/es\/wp-json\/wp\/v2\/users\/4"}],"replies":[{"embeddable":true,"href":"https:\/\/eramine.eramet.com\/es\/wp-json\/wp\/v2\/comments?post=1685"}],"version-history":[{"count":9,"href":"https:\/\/eramine.eramet.com\/es\/wp-json\/wp\/v2\/pages\/1685\/revisions"}],"predecessor-version":[{"id":2911,"href":"https:\/\/eramine.eramet.com\/es\/wp-json\/wp\/v2\/pages\/1685\/revisions\/2911"}],"up":[{"embeddable":true,"href":"https:\/\/eramine.eramet.com\/es\/wp-json\/wp\/v2\/pages\/1671"}],"wp:featuredmedia":[{"embeddable":true,"href":"https:\/\/eramine.eramet.com\/es\/wp-json\/wp\/v2\/media\/1696"}],"wp:attachment":[{"href":"https:\/\/eramine.eramet.com\/es\/wp-json\/wp\/v2\/media?parent=1685"}],"curies":[{"name":"wp","href":"https:\/\/api.w.org\/{rel}","templated":true}]}}