{"id":1700,"date":"2022-10-03T13:35:06","date_gmt":"2022-10-03T16:35:06","guid":{"rendered":"https:\/\/eramine.eramet.com\/eramine-sudamerica-s-a\/our-project\/benefits\/"},"modified":"2025-03-17T12:17:40","modified_gmt":"2025-03-17T15:17:40","slug":"beneficios-para-el-desarrollo-local","status":"publish","type":"page","link":"https:\/\/eramine.eramet.com\/es\/eramine\/our-project\/beneficios-para-el-desarrollo-local\/","title":{"rendered":"Beneficios para el desarrollo local"},"content":{"rendered":"<p><div class=\"fusion-fullwidth fullwidth-box fusion-builder-row-1 fusion-flex-container nonhundred-percent-fullwidth non-hundred-percent-height-scrolling\" style=\"--awb-border-radius-top-left:0px;--awb-border-radius-top-right:0px;--awb-border-radius-bottom-right:0px;--awb-border-radius-bottom-left:0px;--awb-flex-wrap:wrap;\" ><div class=\"fusion-builder-row fusion-row fusion-flex-align-items-flex-start fusion-flex-content-wrap\" style=\"max-width:1248px;margin-left: calc(-4% \/ 2 );margin-right: calc(-4% \/ 2 );\"><div class=\"fusion-layout-column fusion_builder_column fusion-builder-column-0 fusion_builder_column_1_1 1_1 fusion-flex-column\" style=\"--awb-bg-blend:overlay;--awb-bg-size:cover;--awb-width-large:100%;--awb-margin-top-large:0px;--awb-spacing-right-large:1.92%;--awb-margin-bottom-large:0px;--awb-spacing-left-large:1.92%;--awb-width-medium:100%;--awb-spacing-right-medium:1.92%;--awb-spacing-left-medium:1.92%;--awb-width-small:100%;--awb-spacing-right-small:1.92%;--awb-spacing-left-small:1.92%;\"><div class=\"fusion-column-wrapper fusion-flex-justify-content-flex-start fusion-content-layout-column\"><div class=\"fusion-text fusion-text-1\"><h2>Durante la fase de exploraci\u00f3n (2010 \u2013 2022)<\/h2>\n<p>Entre 2010 a 2022, el empleo directo generado por Eramine super\u00f3 las 250 personas, sin contar subcontratistas. Adem\u00e1s, las compras de insumos y materiales se realizan a proveedores locales, en la medida en que sea posible, con el objetivo de contribuir a la econom\u00eda local.<\/p>\n<p>La planta piloto no solo se utiliz\u00f3 para desarrollar y optimizar el proceso, sino tambi\u00e9n para capacitar a los futuros empleados. Uno de los beneficios clave de esta planta es que eleva el nivel de la mano de obra y la industria locales.<\/p>\n<h2>Durante la fase de construcci\u00f3n (2022-2024)<\/h2>\n<p>El proyecto contin\u00faa teniendo impacto en la econom\u00eda de la provincia de Salta y de Argentina en t\u00e9rminos generales, debido a la contrataci\u00f3n de personas, proveedores y empresas locales.<\/p>\n<p>Hasta 1.600 trabajadores simult\u00e1neos, m\u00e1s del 80% de los cuales son de la provincia de Salta, se movilizaron para la construcci\u00f3n.<\/p>\n<p>Contribuci\u00f3n a la creaci\u00f3n de m\u00e1s de 2500 puestos de trabajo directos en la regi\u00f3n de Salta.<\/p>\n<\/div><\/div><\/div><\/div><\/div><div class=\"fusion-fullwidth fullwidth-box fusion-builder-row-2 fusion-flex-container has-pattern-background has-mask-background nonhundred-percent-fullwidth non-hundred-percent-height-scrolling\" style=\"--awb-border-radius-top-left:0px;--awb-border-radius-top-right:0px;--awb-border-radius-bottom-right:0px;--awb-border-radius-bottom-left:0px;--awb-flex-wrap:wrap;\" ><div class=\"fusion-builder-row fusion-row fusion-flex-align-items-flex-start fusion-flex-justify-content-center fusion-flex-content-wrap\" style=\"max-width:1248px;margin-left: calc(-4% \/ 2 );margin-right: calc(-4% \/ 2 );\"><div class=\"fusion-layout-column fusion_builder_column fusion-builder-column-1 fusion_builder_column_1_3 1_3 fusion-flex-column KeyFigure\" style=\"--awb-padding-bottom:50px;--awb-bg-size:cover;--awb-width-large:33.333333333333%;--awb-margin-top-large:0px;--awb-spacing-right-large:5.76%;--awb-margin-bottom-large:20px;--awb-spacing-left-large:5.76%;--awb-width-medium:33.333333333333%;--awb-spacing-right-medium:5.76%;--awb-spacing-left-medium:5.76%;--awb-width-small:100%;--awb-spacing-right-small:1.92%;--awb-spacing-left-small:1.92%;\"><div class=\"fusion-column-wrapper fusion-column-has-shadow fusion-flex-justify-content-flex-start fusion-content-layout-column\"><i class=\"fb-icon-element-1 fb-icon-element fontawesome-icon circle-no\" style=\"--awb-circlecolor:#e30613;--awb-font-size:80px;--awb-align-self:center;--awb-margin-top:0px;--awb-margin-right:0px;--awb-margin-bottom:30px;--awb-margin-left:0px;\"><\/i><div class=\"fusion-text fusion-text-2\" style=\"--awb-content-alignment:center;\"><p><strong>US$520 millones inyectados<br \/>\n<\/strong>en la econom\u00eda argentina<\/p>\n<\/div><\/div><\/div><\/div><\/div><div class=\"fusion-fullwidth fullwidth-box fusion-builder-row-3 fusion-flex-container has-pattern-background has-mask-background nonhundred-percent-fullwidth non-hundred-percent-height-scrolling\" style=\"--awb-border-radius-top-left:0px;--awb-border-radius-top-right:0px;--awb-border-radius-bottom-right:0px;--awb-border-radius-bottom-left:0px;--awb-flex-wrap:wrap;\" ><div class=\"fusion-builder-row fusion-row fusion-flex-align-items-flex-start fusion-flex-content-wrap\" style=\"max-width:1248px;margin-left: calc(-4% \/ 2 );margin-right: calc(-4% \/ 2 );\"><div class=\"fusion-layout-column fusion_builder_column fusion-builder-column-2 fusion_builder_column_1_1 1_1 fusion-flex-column\" style=\"--awb-bg-size:cover;--awb-width-large:100%;--awb-margin-top-large:0px;--awb-spacing-right-large:1.92%;--awb-margin-bottom-large:20px;--awb-spacing-left-large:1.92%;--awb-width-medium:100%;--awb-order-medium:0;--awb-spacing-right-medium:1.92%;--awb-spacing-left-medium:1.92%;--awb-width-small:100%;--awb-order-small:0;--awb-spacing-right-small:1.92%;--awb-spacing-left-small:1.92%;\"><div class=\"fusion-column-wrapper fusion-column-has-shadow fusion-flex-justify-content-flex-start fusion-content-layout-column\"><div class=\"fusion-text fusion-text-3\"><h2>En la fase de funcionamiento<\/h2>\n<p>Esta actividad industrial generar\u00e1 importantes beneficios econ\u00f3micos para Argentina (salarios, gastos locales para las necesidades operativas (bienes y servicios de proveedores locales), royalties provinciales, Impuesto sobre la Renta):<\/p>\n<ul>\n<li>160 millones de d\u00f3lares\/a\u00f1o o 3.300 millones de d\u00f3lares en los pr\u00f3ximos 20 a\u00f1os, esto se basa en los costes de producci\u00f3n y el precio de mercado del litio<\/li>\n<\/ul>\n<h2>Entre los beneficios contributivos de la RSE<\/h2>\n<p>Se pone en marcha un fuerte programa contributivo para el desarrollo local en beneficio de las comunidades y las autoridades:<\/p>\n<ul>\n<li>Di\u00e1logo con las comunidades locales: A principios de 2010, antes de comenzar los trabajos de exploraci\u00f3n del yacimiento, los equipos de Eramet han iniciado un proceso de estudio y di\u00e1logo con las comunidades locales, en particular con la comunidad de Kollas, reconocida como poblaci\u00f3n ind\u00edgena por la Constituci\u00f3n de la Provincia de Salta. Se ha llevado a cabo un procedimiento de Consentimiento Libre, Previo e Informado (CLPI) de acuerdo con las disposiciones del Convenio 169 de la OIT, que condujo a la concesi\u00f3n del consentimiento en febrero de 2020. Se sigue informando peri\u00f3dicamente a las comunidades sobre el desarrollo del proyecto y se escuchan sus consejos.<\/li>\n<\/ul>\n<h3>Eramet m\u00e1s all\u00e1 de los programas para las comunidades<\/h3>\n<p>En 2024, Eramet lanz\u00f3 en todas sus filiales el programa \u00abEramet Beyond para impactos contributivos\u00bb.<\/p>\n<p>El Grupo Eramet se compromete a participar en los grandes retos nacionales de los pa\u00edses en los que opera, promoviendo la igualdad de oportunidades y apoyando el esp\u00edritu empresarial junto a los gobiernos y los actores institucionales y econ\u00f3micos.<\/p>\n<p>Durante a\u00f1os, esto se ha reflejado en fuertes compromisos de RSC en todos nuestros pa\u00edses de operaci\u00f3n: contribuciones concretas arraigadas en las regiones y al servicio de las poblaciones locales.<\/p>\n<h4>1.200 mujeres empresarias formadas en 3 a\u00f1os<\/h4>\n<p>En Argentina, uno de los programas de Eramet Beyond se llama \u00abMujeres por el Futuro\u00bb y tiene como objetivo fomentar el esp\u00edritu empresarial femenino, empoderar a las mujeres y tener un impacto significativo en el empleo local. Nos hemos asociado con Pro Mujer, conocida por su experiencia en el empoderamiento de las mujeres y su plataforma digital Emprende, que ya ha demostrado su eficacia en otros pa\u00edses de Am\u00e9rica Latina.<\/p>\n<p>Durante 3 a\u00f1os el programa beneficiar\u00e1 a 1.200 mujeres empresarias formadas en sesiones de seis semanas. Fortalecer\u00e1 sus actividades generadoras de ingresos a largo plazo y contribuir\u00e1 al desarrollo de la econom\u00eda local.<\/p>\n<h4>Fortalecimiento de proveedores y empleo local con triple impacto<\/h4>\n<p>En 2023, Eramet intensific\u00f3 su apoyo al ecosistema empresarial local en el proyecto \u00abC\u00edrculo de Emprendedores de Triple Impacto\u00bb. Este programa se basa en tres pilares: la educaci\u00f3n a trav\u00e9s de escuelas y universidades, el refuerzo de las capacidades de los empresarios salte\u00f1os (acceso a la financiaci\u00f3n y apoyo) y la posibilidad de elegir un sector de actividad (agricultura, ganader\u00eda, etc.).<\/p>\n<p>M\u00e1s de 1.100 personas se beneficiaron de esta iniciativa.<\/p>\n<p>Otros beneficios para Argentina est\u00e1n relacionados con la tecnolog\u00eda que se est\u00e1 utilizando y los altos niveles de cualificaci\u00f3n que se est\u00e1n proporcionando a la mano de obra local:<\/p>\n<p>Eramine extrae el litio mediante el proceso m\u00e1s eficiente en cuanto a recursos.<\/p>\n<p>Transforma este recurso en Argentina, en un producto de alto valor a\u00f1adido, el carbonato de litio para bater\u00edas, con el m\u00ednimo de impurezas.<\/p>\n<p>Contribuye a que Argentina sea un actor importante en la transici\u00f3n energ\u00e9tica, para la que el litio es esencial, una transici\u00f3n que debe negociarse con \u00e9xito para preservar el equilibrio clim\u00e1tico de nuestro planeta.<\/p>\n<\/div><\/div><\/div><\/div><\/div><\/p>\n","protected":false},"excerpt":{"rendered":"","protected":false},"author":4,"featured_media":0,"parent":1671,"menu_order":4,"comment_status":"closed","ping_status":"closed","template":"","meta":{"footnotes":""},"class_list":["post-1700","page","type-page","status-publish","hentry"],"yoast_head":"<!-- This site is optimized with the Yoast SEO plugin v26.8 - https:\/\/yoast.com\/product\/yoast-seo-wordpress\/ -->\n<title>Beneficios para el desarrollo local - Eramet Eramine<\/title>\n<meta name=\"robots\" content=\"index, follow, max-snippet:-1, max-image-preview:large, max-video-preview:-1\" \/>\n<link rel=\"canonical\" href=\"https:\/\/eramine.eramet.com\/en\/eramine\/our-project\/benefits\/\" \/>\n<meta property=\"og:locale\" content=\"es_ES\" \/>\n<meta property=\"og:type\" content=\"article\" \/>\n<meta property=\"og:title\" content=\"Beneficios para el desarrollo local - Eramet Eramine\" \/>\n<meta property=\"og:url\" content=\"https:\/\/eramine.eramet.com\/en\/eramine\/our-project\/benefits\/\" \/>\n<meta property=\"og:site_name\" content=\"Eramet Eramine\" \/>\n<meta property=\"article:modified_time\" content=\"2025-03-17T15:17:40+00:00\" \/>\n<meta name=\"twitter:card\" content=\"summary_large_image\" \/>\n<meta name=\"twitter:label1\" content=\"Tiempo de lectura\" \/>\n\t<meta name=\"twitter:data1\" content=\"4 minutos\" \/>\n<script type=\"application\/ld+json\" class=\"yoast-schema-graph\">{\"@context\":\"https:\/\/schema.org\",\"@graph\":[{\"@type\":\"WebPage\",\"@id\":\"https:\/\/eramine.eramet.com\/en\/eramine\/our-project\/benefits\/\",\"url\":\"https:\/\/eramine.eramet.com\/en\/eramine\/our-project\/benefits\/\",\"name\":\"Beneficios para el desarrollo local - Eramet Eramine\",\"isPartOf\":{\"@id\":\"https:\/\/eramine.eramet.com\/es\/#website\"},\"datePublished\":\"2022-10-03T16:35:06+00:00\",\"dateModified\":\"2025-03-17T15:17:40+00:00\",\"breadcrumb\":{\"@id\":\"https:\/\/eramine.eramet.com\/en\/eramine\/our-project\/benefits\/#breadcrumb\"},\"inLanguage\":\"es\",\"potentialAction\":[{\"@type\":\"ReadAction\",\"target\":[\"https:\/\/eramine.eramet.com\/en\/eramine\/our-project\/benefits\/\"]}]},{\"@type\":\"BreadcrumbList\",\"@id\":\"https:\/\/eramine.eramet.com\/en\/eramine\/our-project\/benefits\/#breadcrumb\",\"itemListElement\":[{\"@type\":\"ListItem\",\"position\":1,\"name\":\"Home\",\"item\":\"https:\/\/eramine.eramet.com\/en\/\"},{\"@type\":\"ListItem\",\"position\":2,\"name\":\"Eramine\",\"item\":\"https:\/\/eramine.eramet.com\/en\/\"},{\"@type\":\"ListItem\",\"position\":3,\"name\":\"Nuestra planta de producci\u00f3n de litio\",\"item\":\"https:\/\/eramine.eramet.com\/en\/eramine\/our-project\/\"},{\"@type\":\"ListItem\",\"position\":4,\"name\":\"Beneficios para el desarrollo local\"}]},{\"@type\":\"WebSite\",\"@id\":\"https:\/\/eramine.eramet.com\/es\/#website\",\"url\":\"https:\/\/eramine.eramet.com\/es\/\",\"name\":\"Eramet Eramine\",\"description\":\"Eramet group\",\"potentialAction\":[{\"@type\":\"SearchAction\",\"target\":{\"@type\":\"EntryPoint\",\"urlTemplate\":\"https:\/\/eramine.eramet.com\/es\/?s={search_term_string}\"},\"query-input\":{\"@type\":\"PropertyValueSpecification\",\"valueRequired\":true,\"valueName\":\"search_term_string\"}}],\"inLanguage\":\"es\"}]}<\/script>\n<!-- \/ Yoast SEO plugin. -->","yoast_head_json":{"title":"Beneficios para el desarrollo local - Eramet Eramine","robots":{"index":"index","follow":"follow","max-snippet":"max-snippet:-1","max-image-preview":"max-image-preview:large","max-video-preview":"max-video-preview:-1"},"canonical":"https:\/\/eramine.eramet.com\/en\/eramine\/our-project\/benefits\/","og_locale":"es_ES","og_type":"article","og_title":"Beneficios para el desarrollo local - Eramet Eramine","og_url":"https:\/\/eramine.eramet.com\/en\/eramine\/our-project\/benefits\/","og_site_name":"Eramet Eramine","article_modified_time":"2025-03-17T15:17:40+00:00","twitter_card":"summary_large_image","twitter_misc":{"Tiempo de lectura":"4 minutos"},"schema":{"@context":"https:\/\/schema.org","@graph":[{"@type":"WebPage","@id":"https:\/\/eramine.eramet.com\/en\/eramine\/our-project\/benefits\/","url":"https:\/\/eramine.eramet.com\/en\/eramine\/our-project\/benefits\/","name":"Beneficios para el desarrollo local - Eramet Eramine","isPartOf":{"@id":"https:\/\/eramine.eramet.com\/es\/#website"},"datePublished":"2022-10-03T16:35:06+00:00","dateModified":"2025-03-17T15:17:40+00:00","breadcrumb":{"@id":"https:\/\/eramine.eramet.com\/en\/eramine\/our-project\/benefits\/#breadcrumb"},"inLanguage":"es","potentialAction":[{"@type":"ReadAction","target":["https:\/\/eramine.eramet.com\/en\/eramine\/our-project\/benefits\/"]}]},{"@type":"BreadcrumbList","@id":"https:\/\/eramine.eramet.com\/en\/eramine\/our-project\/benefits\/#breadcrumb","itemListElement":[{"@type":"ListItem","position":1,"name":"Home","item":"https:\/\/eramine.eramet.com\/en\/"},{"@type":"ListItem","position":2,"name":"Eramine","item":"https:\/\/eramine.eramet.com\/en\/"},{"@type":"ListItem","position":3,"name":"Nuestra planta de producci\u00f3n de litio","item":"https:\/\/eramine.eramet.com\/en\/eramine\/our-project\/"},{"@type":"ListItem","position":4,"name":"Beneficios para el desarrollo local"}]},{"@type":"WebSite","@id":"https:\/\/eramine.eramet.com\/es\/#website","url":"https:\/\/eramine.eramet.com\/es\/","name":"Eramet Eramine","description":"Eramet group","potentialAction":[{"@type":"SearchAction","target":{"@type":"EntryPoint","urlTemplate":"https:\/\/eramine.eramet.com\/es\/?s={search_term_string}"},"query-input":{"@type":"PropertyValueSpecification","valueRequired":true,"valueName":"search_term_string"}}],"inLanguage":"es"}]}},"_links":{"self":[{"href":"https:\/\/eramine.eramet.com\/es\/wp-json\/wp\/v2\/pages\/1700","targetHints":{"allow":["GET"]}}],"collection":[{"href":"https:\/\/eramine.eramet.com\/es\/wp-json\/wp\/v2\/pages"}],"about":[{"href":"https:\/\/eramine.eramet.com\/es\/wp-json\/wp\/v2\/types\/page"}],"author":[{"embeddable":true,"href":"https:\/\/eramine.eramet.com\/es\/wp-json\/wp\/v2\/users\/4"}],"replies":[{"embeddable":true,"href":"https:\/\/eramine.eramet.com\/es\/wp-json\/wp\/v2\/comments?post=1700"}],"version-history":[{"count":11,"href":"https:\/\/eramine.eramet.com\/es\/wp-json\/wp\/v2\/pages\/1700\/revisions"}],"predecessor-version":[{"id":2968,"href":"https:\/\/eramine.eramet.com\/es\/wp-json\/wp\/v2\/pages\/1700\/revisions\/2968"}],"up":[{"embeddable":true,"href":"https:\/\/eramine.eramet.com\/es\/wp-json\/wp\/v2\/pages\/1671"}],"wp:attachment":[{"href":"https:\/\/eramine.eramet.com\/es\/wp-json\/wp\/v2\/media?parent=1700"}],"curies":[{"name":"wp","href":"https:\/\/api.w.org\/{rel}","templated":true}]}}