{"id":1712,"date":"2022-10-03T13:35:38","date_gmt":"2022-10-03T16:35:38","guid":{"rendered":"https:\/\/eramine.eramet.com\/eramine-sudamerica-s-a\/our-project\/products-market\/"},"modified":"2025-03-17T12:24:50","modified_gmt":"2025-03-17T15:24:50","slug":"products-market","status":"publish","type":"page","link":"https:\/\/eramine.eramet.com\/es\/eramine\/our-project\/products-market\/","title":{"rendered":"Productos &amp; mercado"},"content":{"rendered":"<div class=\"fusion-fullwidth fullwidth-box fusion-builder-row-1 fusion-flex-container nonhundred-percent-fullwidth non-hundred-percent-height-scrolling\" style=\"--awb-border-radius-top-left:0px;--awb-border-radius-top-right:0px;--awb-border-radius-bottom-right:0px;--awb-border-radius-bottom-left:0px;--awb-flex-wrap:wrap;\" ><div class=\"fusion-builder-row fusion-row fusion-flex-align-items-flex-start fusion-flex-content-wrap\" style=\"max-width:1248px;margin-left: calc(-4% \/ 2 );margin-right: calc(-4% \/ 2 );\"><div class=\"fusion-layout-column fusion_builder_column fusion-builder-column-0 fusion_builder_column_1_2 1_2 fusion-flex-column\" style=\"--awb-bg-blend:overlay;--awb-bg-size:cover;--awb-width-large:50%;--awb-margin-top-large:0px;--awb-spacing-right-large:3.84%;--awb-margin-bottom-large:50px;--awb-spacing-left-large:3.84%;--awb-width-medium:50%;--awb-spacing-right-medium:3.84%;--awb-spacing-left-medium:3.84%;--awb-width-small:100%;--awb-spacing-right-small:1.92%;--awb-spacing-left-small:1.92%;\"><div class=\"fusion-column-wrapper fusion-flex-justify-content-flex-start fusion-content-layout-column\"><div class=\"fusion-text fusion-text-1\"><p>Eramine. est\u00e1 preparada para producir 24.000 Tn de carbonato de litio grado bater\u00eda por a\u00f1o a plena capacidad.<\/p>\n<p>Nuestra planta piloto confirm\u00f3 la calidad del producto final de carbonato de litio: un carbonato de litio apto para bater\u00edas, que cumple con las especificaciones de nuestros futuros clientes.<\/p>\n<h2>15 millones de toneladas de LCE<\/h2>\n<p>En 2020, Eramet obtuvo la certificaci\u00f3n de cumplimiento del C\u00f3digo JORC (Comit\u00e9 Conjunto de Reservas Minerales): los recursos minerales del salar Centenario-Ratones se estiman en aproximadamente 5.000 millones de metros c\u00fabicos de salmuera con un contenido promedio de litio de 407 mg\/l, el equivalente a aproximadamente 15 millones de toneladas de LCE (Carbonato de Litio Equivalente). Esta cantidad permite una tasa de producci\u00f3n de 24.000 toneladas de LCE por a\u00f1o, as\u00ed como un potencial de aumento significativo en la capacidad de producci\u00f3n en fases posteriores. El potencial a largo plazo del yacimiento se estima actualmente en m\u00e1s de 75.000 t LCE. Tras la adquisici\u00f3n de la plena propiedad de Centenario, el Grupo est\u00e1 reevaluando actualmente el alcance y el calendario \u00f3ptimo de las futuras fases de expansi\u00f3n de la capacidad.<\/p>\n<h3>Nuestro viaje a un Est\u00e1ndar de Miner\u00eda Responsable (<a href=\"https:\/\/responsiblemining.net\/\" target=\"_blank\" rel=\"noopener\">IRMA<\/a>)<\/h3>\n<p>La visi\u00f3n de IRMA es \u201cun mundo en el que la industria minera respeta los derechos humanos y las aspiraciones de las comunidades afectadas, brinda un lugar de trabajo seguro, sano y propicio, minimiza el da\u00f1o ambiental y deja legados positivos\u201d. Por ello, es la definici\u00f3n m\u00e1s integral y rigurosa del mundo sobre las buenas pr\u00e1cticas para la miner\u00eda de escala industrial, con un nivel de exigencia m\u00e1s alto que las leyes de cualquier pa\u00eds. Tiene una gobernanza de m\u00faltiples partes interesadas (ONG, industria minera, sindicatos internacionales, compradores intermedios, inversores y finanzas.<\/p>\n<p>Eramine ha iniciado el proceso de obtenci\u00f3n de la certificaci\u00f3n y la auditor\u00eda externa est\u00e1 programada para el a\u00f1o 2026.<\/p>\n<\/div><div class=\"fusion-image-element \" style=\"--awb-caption-title-font-family:var(--h2_typography-font-family);--awb-caption-title-font-weight:var(--h2_typography-font-weight);--awb-caption-title-font-style:var(--h2_typography-font-style);--awb-caption-title-size:var(--h2_typography-font-size);--awb-caption-title-transform:var(--h2_typography-text-transform);--awb-caption-title-line-height:var(--h2_typography-line-height);--awb-caption-title-letter-spacing:var(--h2_typography-letter-spacing);\"><span class=\" fusion-imageframe imageframe-none imageframe-1 hover-type-none border-radius-0\"><img decoding=\"async\" width=\"300\" height=\"31\" alt=\"IRMA - Initiative for Responsible Mining Assurance\" title=\"IRMA &#8211; logo\" src=\"https:\/\/eramine.eramet.com\/wp-content\/uploads\/sites\/10\/2022\/11\/IRMA-Logo-300x31.png\" class=\"img-responsive wp-image-1709\" srcset=\"https:\/\/eramine.eramet.com\/wp-content\/uploads\/sites\/10\/2022\/11\/IRMA-Logo-200x21.png 200w, https:\/\/eramine.eramet.com\/wp-content\/uploads\/sites\/10\/2022\/11\/IRMA-Logo-400x42.png 400w, https:\/\/eramine.eramet.com\/wp-content\/uploads\/sites\/10\/2022\/11\/IRMA-Logo-600x62.png 600w, https:\/\/eramine.eramet.com\/wp-content\/uploads\/sites\/10\/2022\/11\/IRMA-Logo.png 692w\" sizes=\"(max-width: 640px) 100vw, 600px\" \/><\/span><\/div><\/div><\/div><div class=\"fusion-layout-column fusion_builder_column fusion-builder-column-1 fusion_builder_column_1_2 1_2 fusion-flex-column\" style=\"--awb-bg-blend:overlay;--awb-bg-size:cover;--awb-width-large:50%;--awb-margin-top-large:0px;--awb-spacing-right-large:3.84%;--awb-margin-bottom-large:0px;--awb-spacing-left-large:3.84%;--awb-width-medium:50%;--awb-spacing-right-medium:3.84%;--awb-spacing-left-medium:3.84%;--awb-width-small:100%;--awb-spacing-right-small:1.92%;--awb-spacing-left-small:1.92%;\"><div class=\"fusion-column-wrapper fusion-flex-justify-content-flex-start fusion-content-layout-column\"><div class=\"fusion-image-element \" style=\"--awb-caption-title-font-family:var(--h2_typography-font-family);--awb-caption-title-font-weight:var(--h2_typography-font-weight);--awb-caption-title-font-style:var(--h2_typography-font-style);--awb-caption-title-size:var(--h2_typography-font-size);--awb-caption-title-transform:var(--h2_typography-text-transform);--awb-caption-title-line-height:var(--h2_typography-line-height);--awb-caption-title-letter-spacing:var(--h2_typography-letter-spacing);\"><span class=\" fusion-imageframe imageframe-none imageframe-2 hover-type-none\"><img decoding=\"async\" width=\"1000\" height=\"1500\" title=\"Eramet-Eramine-Lithium\" src=\"https:\/\/eramine.eramet.com\/wp-content\/uploads\/sites\/10\/2024\/11\/Eramet-Eramine-Lithium.jpg\" alt class=\"img-responsive wp-image-2700\" srcset=\"https:\/\/eramine.eramet.com\/wp-content\/uploads\/sites\/10\/2024\/11\/Eramet-Eramine-Lithium-200x300.jpg 200w, https:\/\/eramine.eramet.com\/wp-content\/uploads\/sites\/10\/2024\/11\/Eramet-Eramine-Lithium-400x600.jpg 400w, https:\/\/eramine.eramet.com\/wp-content\/uploads\/sites\/10\/2024\/11\/Eramet-Eramine-Lithium-600x900.jpg 600w, https:\/\/eramine.eramet.com\/wp-content\/uploads\/sites\/10\/2024\/11\/Eramet-Eramine-Lithium-800x1200.jpg 800w, https:\/\/eramine.eramet.com\/wp-content\/uploads\/sites\/10\/2024\/11\/Eramet-Eramine-Lithium.jpg 1000w\" sizes=\"(max-width: 640px) 100vw, 600px\" \/><\/span><\/div><\/div><\/div><div class=\"fusion-layout-column fusion_builder_column fusion-builder-column-2 fusion_builder_column_1_1 1_1 fusion-flex-column\" style=\"--awb-bg-size:cover;--awb-width-large:100%;--awb-margin-top-large:0px;--awb-spacing-right-large:1.92%;--awb-margin-bottom-large:20px;--awb-spacing-left-large:1.92%;--awb-width-medium:100%;--awb-order-medium:0;--awb-spacing-right-medium:1.92%;--awb-spacing-left-medium:1.92%;--awb-width-small:100%;--awb-order-small:0;--awb-spacing-right-small:1.92%;--awb-spacing-left-small:1.92%;\"><div class=\"fusion-column-wrapper fusion-column-has-shadow fusion-flex-justify-content-flex-start fusion-content-layout-column\"><div class=\"fusion-text fusion-text-2\"><h2>Mercado de litio<\/h2>\n<p>Junto con el n\u00edquel y el cobalto, el litio es uno de los tres componentes esenciales de las bater\u00edas de los veh\u00edculos el\u00e9ctricos, as\u00ed como de la transici\u00f3n energ\u00e9tica.<\/p>\n<p>La demanda del litio crecer\u00e1 durante los pr\u00f3ximos a\u00f1os, como todos los circuitos de carga el\u00e9ctrica y las bater\u00edas de redes inteligentes para veh\u00edculos el\u00e9ctricos, tanto como el almacenamiento de energ\u00eda renovable que requieren este metal espec\u00edfico.<\/p>\n<\/div><\/div><\/div><\/div><\/div>\n","protected":false},"excerpt":{"rendered":"","protected":false},"author":4,"featured_media":0,"parent":1671,"menu_order":5,"comment_status":"closed","ping_status":"closed","template":"","meta":{"footnotes":""},"class_list":["post-1712","page","type-page","status-publish","hentry"],"yoast_head":"<!-- This site is optimized with the Yoast SEO plugin v26.8 - https:\/\/yoast.com\/product\/yoast-seo-wordpress\/ -->\n<title>Productos &amp; mercado - Eramet Eramine<\/title>\n<meta name=\"robots\" content=\"index, follow, max-snippet:-1, max-image-preview:large, max-video-preview:-1\" \/>\n<link rel=\"canonical\" href=\"https:\/\/eramine.eramet.com\/en\/eramine\/our-project\/products-market\/\" \/>\n<meta property=\"og:locale\" content=\"es_ES\" \/>\n<meta property=\"og:type\" content=\"article\" \/>\n<meta property=\"og:title\" content=\"Productos &amp; mercado - Eramet Eramine\" \/>\n<meta property=\"og:url\" content=\"https:\/\/eramine.eramet.com\/en\/eramine\/our-project\/products-market\/\" \/>\n<meta property=\"og:site_name\" content=\"Eramet Eramine\" \/>\n<meta property=\"article:modified_time\" content=\"2025-03-17T15:24:50+00:00\" \/>\n<meta name=\"twitter:card\" content=\"summary_large_image\" \/>\n<meta name=\"twitter:label1\" content=\"Tiempo de lectura\" \/>\n\t<meta name=\"twitter:data1\" content=\"2 minutos\" \/>\n<script type=\"application\/ld+json\" class=\"yoast-schema-graph\">{\"@context\":\"https:\/\/schema.org\",\"@graph\":[{\"@type\":\"WebPage\",\"@id\":\"https:\/\/eramine.eramet.com\/en\/eramine\/our-project\/products-market\/\",\"url\":\"https:\/\/eramine.eramet.com\/en\/eramine\/our-project\/products-market\/\",\"name\":\"Productos &amp; mercado - Eramet Eramine\",\"isPartOf\":{\"@id\":\"https:\/\/eramine.eramet.com\/es\/#website\"},\"datePublished\":\"2022-10-03T16:35:38+00:00\",\"dateModified\":\"2025-03-17T15:24:50+00:00\",\"breadcrumb\":{\"@id\":\"https:\/\/eramine.eramet.com\/en\/eramine\/our-project\/products-market\/#breadcrumb\"},\"inLanguage\":\"es\",\"potentialAction\":[{\"@type\":\"ReadAction\",\"target\":[\"https:\/\/eramine.eramet.com\/en\/eramine\/our-project\/products-market\/\"]}]},{\"@type\":\"BreadcrumbList\",\"@id\":\"https:\/\/eramine.eramet.com\/en\/eramine\/our-project\/products-market\/#breadcrumb\",\"itemListElement\":[{\"@type\":\"ListItem\",\"position\":1,\"name\":\"Home\",\"item\":\"https:\/\/eramine.eramet.com\/en\/\"},{\"@type\":\"ListItem\",\"position\":2,\"name\":\"Eramine\",\"item\":\"https:\/\/eramine.eramet.com\/en\/\"},{\"@type\":\"ListItem\",\"position\":3,\"name\":\"Nuestra planta de producci\u00f3n de litio\",\"item\":\"https:\/\/eramine.eramet.com\/en\/eramine\/our-project\/\"},{\"@type\":\"ListItem\",\"position\":4,\"name\":\"Productos &amp; mercado\"}]},{\"@type\":\"WebSite\",\"@id\":\"https:\/\/eramine.eramet.com\/es\/#website\",\"url\":\"https:\/\/eramine.eramet.com\/es\/\",\"name\":\"Eramet Eramine\",\"description\":\"Eramet group\",\"potentialAction\":[{\"@type\":\"SearchAction\",\"target\":{\"@type\":\"EntryPoint\",\"urlTemplate\":\"https:\/\/eramine.eramet.com\/es\/?s={search_term_string}\"},\"query-input\":{\"@type\":\"PropertyValueSpecification\",\"valueRequired\":true,\"valueName\":\"search_term_string\"}}],\"inLanguage\":\"es\"}]}<\/script>\n<!-- \/ Yoast SEO plugin. -->","yoast_head_json":{"title":"Productos &amp; mercado - Eramet Eramine","robots":{"index":"index","follow":"follow","max-snippet":"max-snippet:-1","max-image-preview":"max-image-preview:large","max-video-preview":"max-video-preview:-1"},"canonical":"https:\/\/eramine.eramet.com\/en\/eramine\/our-project\/products-market\/","og_locale":"es_ES","og_type":"article","og_title":"Productos &amp; mercado - Eramet Eramine","og_url":"https:\/\/eramine.eramet.com\/en\/eramine\/our-project\/products-market\/","og_site_name":"Eramet Eramine","article_modified_time":"2025-03-17T15:24:50+00:00","twitter_card":"summary_large_image","twitter_misc":{"Tiempo de lectura":"2 minutos"},"schema":{"@context":"https:\/\/schema.org","@graph":[{"@type":"WebPage","@id":"https:\/\/eramine.eramet.com\/en\/eramine\/our-project\/products-market\/","url":"https:\/\/eramine.eramet.com\/en\/eramine\/our-project\/products-market\/","name":"Productos &amp; mercado - Eramet Eramine","isPartOf":{"@id":"https:\/\/eramine.eramet.com\/es\/#website"},"datePublished":"2022-10-03T16:35:38+00:00","dateModified":"2025-03-17T15:24:50+00:00","breadcrumb":{"@id":"https:\/\/eramine.eramet.com\/en\/eramine\/our-project\/products-market\/#breadcrumb"},"inLanguage":"es","potentialAction":[{"@type":"ReadAction","target":["https:\/\/eramine.eramet.com\/en\/eramine\/our-project\/products-market\/"]}]},{"@type":"BreadcrumbList","@id":"https:\/\/eramine.eramet.com\/en\/eramine\/our-project\/products-market\/#breadcrumb","itemListElement":[{"@type":"ListItem","position":1,"name":"Home","item":"https:\/\/eramine.eramet.com\/en\/"},{"@type":"ListItem","position":2,"name":"Eramine","item":"https:\/\/eramine.eramet.com\/en\/"},{"@type":"ListItem","position":3,"name":"Nuestra planta de producci\u00f3n de litio","item":"https:\/\/eramine.eramet.com\/en\/eramine\/our-project\/"},{"@type":"ListItem","position":4,"name":"Productos &amp; mercado"}]},{"@type":"WebSite","@id":"https:\/\/eramine.eramet.com\/es\/#website","url":"https:\/\/eramine.eramet.com\/es\/","name":"Eramet Eramine","description":"Eramet group","potentialAction":[{"@type":"SearchAction","target":{"@type":"EntryPoint","urlTemplate":"https:\/\/eramine.eramet.com\/es\/?s={search_term_string}"},"query-input":{"@type":"PropertyValueSpecification","valueRequired":true,"valueName":"search_term_string"}}],"inLanguage":"es"}]}},"_links":{"self":[{"href":"https:\/\/eramine.eramet.com\/es\/wp-json\/wp\/v2\/pages\/1712","targetHints":{"allow":["GET"]}}],"collection":[{"href":"https:\/\/eramine.eramet.com\/es\/wp-json\/wp\/v2\/pages"}],"about":[{"href":"https:\/\/eramine.eramet.com\/es\/wp-json\/wp\/v2\/types\/page"}],"author":[{"embeddable":true,"href":"https:\/\/eramine.eramet.com\/es\/wp-json\/wp\/v2\/users\/4"}],"replies":[{"embeddable":true,"href":"https:\/\/eramine.eramet.com\/es\/wp-json\/wp\/v2\/comments?post=1712"}],"version-history":[{"count":23,"href":"https:\/\/eramine.eramet.com\/es\/wp-json\/wp\/v2\/pages\/1712\/revisions"}],"predecessor-version":[{"id":2970,"href":"https:\/\/eramine.eramet.com\/es\/wp-json\/wp\/v2\/pages\/1712\/revisions\/2970"}],"up":[{"embeddable":true,"href":"https:\/\/eramine.eramet.com\/es\/wp-json\/wp\/v2\/pages\/1671"}],"wp:attachment":[{"href":"https:\/\/eramine.eramet.com\/es\/wp-json\/wp\/v2\/media?parent=1712"}],"curies":[{"name":"wp","href":"https:\/\/api.w.org\/{rel}","templated":true}]}}