{"id":1719,"date":"2020-10-01T15:24:06","date_gmt":"2020-10-01T18:24:06","guid":{"rendered":"https:\/\/eramine.eramet.com\/eramine-sudamerica-s-a\/our-commitments\/"},"modified":"2026-03-09T14:02:56","modified_gmt":"2026-03-09T17:02:56","slug":"nuestros-compromisos","status":"publish","type":"page","link":"https:\/\/eramine.eramet.com\/es\/eramine\/nuestros-compromisos\/","title":{"rendered":"Nuestros compromisos"},"content":{"rendered":"<div class=\"fusion-fullwidth fullwidth-box fusion-builder-row-1 fusion-flex-container nonhundred-percent-fullwidth non-hundred-percent-height-scrolling\" style=\"--awb-border-radius-top-left:0px;--awb-border-radius-top-right:0px;--awb-border-radius-bottom-right:0px;--awb-border-radius-bottom-left:0px;--awb-flex-wrap:wrap;\" ><div class=\"fusion-builder-row fusion-row fusion-flex-align-items-flex-start fusion-flex-content-wrap\" style=\"max-width:1248px;margin-left: calc(-4% \/ 2 );margin-right: calc(-4% \/ 2 );\"><div class=\"fusion-layout-column fusion_builder_column fusion-builder-column-0 fusion_builder_column_1_1 1_1 fusion-flex-column\" style=\"--awb-bg-size:cover;--awb-width-large:100%;--awb-margin-top-large:0px;--awb-spacing-right-large:1.92%;--awb-margin-bottom-large:0px;--awb-spacing-left-large:1.92%;--awb-width-medium:100%;--awb-spacing-right-medium:1.92%;--awb-spacing-left-medium:1.92%;--awb-width-small:100%;--awb-spacing-right-small:1.92%;--awb-spacing-left-small:1.92%;\"><div class=\"fusion-column-wrapper fusion-flex-justify-content-flex-start fusion-content-layout-column\"><div class=\"fusion-text fusion-text-1\"><h2>Representar nuestros valores es una responsabilidad compartida<\/h2>\n<p>Eramine Sudam\u00e9rica S.A. lleva adelante una fuerte estrategia de Responsabilidad Social Corporativa, que se basa en los <a href=\"https:\/\/www.eramet.com\/en\/csr\/objectives\" target=\"_blank\" rel=\"noopener\"><strong>13 objetivos de la hoja de ruta de RSC de Eramet<\/strong><\/a> (tomados de los Objetivos de Desarrollo Sostenible de las Naciones Unidas).<\/p>\n<p>Para cumplir con ellos, Eramine pone como centro 4 principios:<\/p>\n<ol>\n<li>Derechos humanos (\u00e9tica e integridad, anticorrupci\u00f3n)<\/li>\n<li>Seguridad (cero accidentes laborales)<\/li>\n<li>Sustentabilidad (catalizador del desarrollo local)<\/li>\n<li>Protecci\u00f3n del medio ambiente y de la biodiversidad<\/li>\n<\/ol>\n<p>Estos cuatro aspectos son fundamentales porque forman parte de la identidad de nuestra organizaci\u00f3n y deben ser comprendidos y aplicados por todas las personas que formamos parte de Eramine, ya sea como empleados directos, contratistas o partes interesadas.<\/p>\n<p>Durante la fase de construcci\u00f3n, se lanz\u00f3 el proceso de evaluaci\u00f3n <a href=\"https:\/\/responsiblemining.net\/\" target=\"_blank\" rel=\"noopener\"><strong>IRMA<\/strong><\/a> (Est\u00e1ndar para la Miner\u00eda Responsable), un reconocimiento internacional para las empresas que implementan acciones compatibles con la miner\u00eda social y ambientalmente responsable, una forma concreta de expresar el compromiso con la responsabilidad social y ambiental. La auditor\u00eda externa est\u00e1 prevista para el a\u00f1o 2023, cuenta con la gobernanza de m\u00faltiples partes interesadas (ONG, industria minera, sindicatos internacionales, compradores intermedios, inversores y finanzas, etc.) y abarca los siguientes puntos :<\/p>\n<ul>\n<li>Protecci\u00f3n del medio ambiente<\/li>\n<li>Relaciones con la comunidad<\/li>\n<li>Derechos humanos<\/li>\n<\/ul>\n<p>En 2021, Eramet incorpor\u00f3 esta misi\u00f3n a sus estatutos con el fin de reflejar su antiguo compromiso de ser una empresa comprometida, socialmente responsable y con conciencia c\u00edvica.<\/p>\n<blockquote>\n<p><strong>El prop\u00f3sito de Eramet: <\/strong><\/p>\n<p><strong>\u201c<em>Convertirnos en un referente para la transformaci\u00f3n responsable de los recursos minerales de la Tierra, para el buen vivir de todos\/as<\/em>\u201d<\/strong><\/p>\n<\/blockquote>\n<\/div><div style=\"text-align:center;\"><a class=\"fusion-button button-flat fusion-button-default-size button-default fusion-button-default button-1 fusion-button-default-span fusion-button-default-type\" style=\"--button-border-radius-top-left:0;--button-border-radius-top-right:0;--button-border-radius-bottom-right:0;--button-border-radius-bottom-left:0;\" target=\"_blank\" rel=\"noopener noreferrer\" href=\"https:\/\/www.eramet.com\/es\/grupo\/gobernanza\/codigo-y-politicas\/\"><span class=\"fusion-button-text\">C\u00f3digo y pol\u00edticas de Eramet<\/span><\/a><\/div><\/div><\/div><\/div><\/div>\n","protected":false},"excerpt":{"rendered":"","protected":false},"author":4,"featured_media":0,"parent":1548,"menu_order":3,"comment_status":"closed","ping_status":"closed","template":"","meta":{"footnotes":""},"class_list":["post-1719","page","type-page","status-publish","hentry"],"yoast_head":"<!-- This site is optimized with the Yoast SEO plugin v26.8 - https:\/\/yoast.com\/product\/yoast-seo-wordpress\/ -->\n<title>Nuestros compromisos - Eramet Eramine<\/title>\n<meta name=\"robots\" content=\"index, follow, max-snippet:-1, max-image-preview:large, max-video-preview:-1\" \/>\n<link rel=\"canonical\" href=\"https:\/\/eramine.eramet.com\/es\/eramine\/nuestros-compromisos\/\" \/>\n<meta property=\"og:locale\" content=\"es_ES\" \/>\n<meta property=\"og:type\" content=\"article\" \/>\n<meta property=\"og:title\" content=\"Nuestros compromisos - Eramet Eramine\" \/>\n<meta property=\"og:url\" content=\"https:\/\/eramine.eramet.com\/es\/eramine\/nuestros-compromisos\/\" \/>\n<meta property=\"og:site_name\" content=\"Eramet Eramine\" \/>\n<meta property=\"article:modified_time\" content=\"2026-03-09T17:02:56+00:00\" \/>\n<meta name=\"twitter:card\" content=\"summary_large_image\" \/>\n<meta name=\"twitter:label1\" content=\"Tiempo de lectura\" \/>\n\t<meta name=\"twitter:data1\" content=\"2 minutos\" \/>\n<script type=\"application\/ld+json\" class=\"yoast-schema-graph\">{\"@context\":\"https:\/\/schema.org\",\"@graph\":[{\"@type\":\"WebPage\",\"@id\":\"https:\/\/eramine.eramet.com\/es\/eramine\/nuestros-compromisos\/\",\"url\":\"https:\/\/eramine.eramet.com\/es\/eramine\/nuestros-compromisos\/\",\"name\":\"Nuestros compromisos - Eramet Eramine\",\"isPartOf\":{\"@id\":\"https:\/\/eramine.eramet.com\/es\/#website\"},\"datePublished\":\"2020-10-01T18:24:06+00:00\",\"dateModified\":\"2026-03-09T17:02:56+00:00\",\"breadcrumb\":{\"@id\":\"https:\/\/eramine.eramet.com\/es\/eramine\/nuestros-compromisos\/#breadcrumb\"},\"inLanguage\":\"es\",\"potentialAction\":[{\"@type\":\"ReadAction\",\"target\":[\"https:\/\/eramine.eramet.com\/es\/eramine\/nuestros-compromisos\/\"]}]},{\"@type\":\"BreadcrumbList\",\"@id\":\"https:\/\/eramine.eramet.com\/es\/eramine\/nuestros-compromisos\/#breadcrumb\",\"itemListElement\":[{\"@type\":\"ListItem\",\"position\":1,\"name\":\"Home\",\"item\":\"https:\/\/eramine.eramet.com\/en\/\"},{\"@type\":\"ListItem\",\"position\":2,\"name\":\"Eramine\",\"item\":\"https:\/\/eramine.eramet.com\/en\/\"},{\"@type\":\"ListItem\",\"position\":3,\"name\":\"Nuestros compromisos\"}]},{\"@type\":\"WebSite\",\"@id\":\"https:\/\/eramine.eramet.com\/es\/#website\",\"url\":\"https:\/\/eramine.eramet.com\/es\/\",\"name\":\"Eramet Eramine\",\"description\":\"Eramet group\",\"potentialAction\":[{\"@type\":\"SearchAction\",\"target\":{\"@type\":\"EntryPoint\",\"urlTemplate\":\"https:\/\/eramine.eramet.com\/es\/?s={search_term_string}\"},\"query-input\":{\"@type\":\"PropertyValueSpecification\",\"valueRequired\":true,\"valueName\":\"search_term_string\"}}],\"inLanguage\":\"es\"}]}<\/script>\n<!-- \/ Yoast SEO plugin. -->","yoast_head_json":{"title":"Nuestros compromisos - Eramet Eramine","robots":{"index":"index","follow":"follow","max-snippet":"max-snippet:-1","max-image-preview":"max-image-preview:large","max-video-preview":"max-video-preview:-1"},"canonical":"https:\/\/eramine.eramet.com\/es\/eramine\/nuestros-compromisos\/","og_locale":"es_ES","og_type":"article","og_title":"Nuestros compromisos - Eramet Eramine","og_url":"https:\/\/eramine.eramet.com\/es\/eramine\/nuestros-compromisos\/","og_site_name":"Eramet Eramine","article_modified_time":"2026-03-09T17:02:56+00:00","twitter_card":"summary_large_image","twitter_misc":{"Tiempo de lectura":"2 minutos"},"schema":{"@context":"https:\/\/schema.org","@graph":[{"@type":"WebPage","@id":"https:\/\/eramine.eramet.com\/es\/eramine\/nuestros-compromisos\/","url":"https:\/\/eramine.eramet.com\/es\/eramine\/nuestros-compromisos\/","name":"Nuestros compromisos - Eramet Eramine","isPartOf":{"@id":"https:\/\/eramine.eramet.com\/es\/#website"},"datePublished":"2020-10-01T18:24:06+00:00","dateModified":"2026-03-09T17:02:56+00:00","breadcrumb":{"@id":"https:\/\/eramine.eramet.com\/es\/eramine\/nuestros-compromisos\/#breadcrumb"},"inLanguage":"es","potentialAction":[{"@type":"ReadAction","target":["https:\/\/eramine.eramet.com\/es\/eramine\/nuestros-compromisos\/"]}]},{"@type":"BreadcrumbList","@id":"https:\/\/eramine.eramet.com\/es\/eramine\/nuestros-compromisos\/#breadcrumb","itemListElement":[{"@type":"ListItem","position":1,"name":"Home","item":"https:\/\/eramine.eramet.com\/en\/"},{"@type":"ListItem","position":2,"name":"Eramine","item":"https:\/\/eramine.eramet.com\/en\/"},{"@type":"ListItem","position":3,"name":"Nuestros compromisos"}]},{"@type":"WebSite","@id":"https:\/\/eramine.eramet.com\/es\/#website","url":"https:\/\/eramine.eramet.com\/es\/","name":"Eramet Eramine","description":"Eramet group","potentialAction":[{"@type":"SearchAction","target":{"@type":"EntryPoint","urlTemplate":"https:\/\/eramine.eramet.com\/es\/?s={search_term_string}"},"query-input":{"@type":"PropertyValueSpecification","valueRequired":true,"valueName":"search_term_string"}}],"inLanguage":"es"}]}},"_links":{"self":[{"href":"https:\/\/eramine.eramet.com\/es\/wp-json\/wp\/v2\/pages\/1719","targetHints":{"allow":["GET"]}}],"collection":[{"href":"https:\/\/eramine.eramet.com\/es\/wp-json\/wp\/v2\/pages"}],"about":[{"href":"https:\/\/eramine.eramet.com\/es\/wp-json\/wp\/v2\/types\/page"}],"author":[{"embeddable":true,"href":"https:\/\/eramine.eramet.com\/es\/wp-json\/wp\/v2\/users\/4"}],"replies":[{"embeddable":true,"href":"https:\/\/eramine.eramet.com\/es\/wp-json\/wp\/v2\/comments?post=1719"}],"version-history":[{"count":7,"href":"https:\/\/eramine.eramet.com\/es\/wp-json\/wp\/v2\/pages\/1719\/revisions"}],"predecessor-version":[{"id":3297,"href":"https:\/\/eramine.eramet.com\/es\/wp-json\/wp\/v2\/pages\/1719\/revisions\/3297"}],"up":[{"embeddable":true,"href":"https:\/\/eramine.eramet.com\/es\/wp-json\/wp\/v2\/pages\/1548"}],"wp:attachment":[{"href":"https:\/\/eramine.eramet.com\/es\/wp-json\/wp\/v2\/media?parent=1719"}],"curies":[{"name":"wp","href":"https:\/\/api.w.org\/{rel}","templated":true}]}}