{"id":1729,"date":"2022-10-03T13:38:01","date_gmt":"2022-10-03T16:38:01","guid":{"rendered":"https:\/\/eramine.eramet.com\/eramine-sudamerica-s-a\/nuestros-compromisos\/human-rights\/"},"modified":"2024-07-03T08:44:04","modified_gmt":"2024-07-03T11:44:04","slug":"derechos-humanos","status":"publish","type":"page","link":"https:\/\/eramine.eramet.com\/es\/eramine\/nuestros-compromisos\/derechos-humanos\/","title":{"rendered":"Derechos humanos"},"content":{"rendered":"<div class=\"fusion-fullwidth fullwidth-box fusion-builder-row-1 fusion-flex-container nonhundred-percent-fullwidth non-hundred-percent-height-scrolling\" style=\"--awb-border-radius-top-left:0px;--awb-border-radius-top-right:0px;--awb-border-radius-bottom-right:0px;--awb-border-radius-bottom-left:0px;--awb-flex-wrap:wrap;\" ><div class=\"fusion-builder-row fusion-row fusion-flex-align-items-flex-start fusion-flex-content-wrap\" style=\"max-width:1248px;margin-left: calc(-4% \/ 2 );margin-right: calc(-4% \/ 2 );\"><div class=\"fusion-layout-column fusion_builder_column fusion-builder-column-0 fusion_builder_column_1_1 1_1 fusion-flex-column\" style=\"--awb-bg-size:cover;--awb-width-large:100%;--awb-margin-top-large:0px;--awb-spacing-right-large:1.92%;--awb-margin-bottom-large:0px;--awb-spacing-left-large:1.92%;--awb-width-medium:100%;--awb-spacing-right-medium:1.92%;--awb-spacing-left-medium:1.92%;--awb-width-small:100%;--awb-spacing-right-small:1.92%;--awb-spacing-left-small:1.92%;\"><div class=\"fusion-column-wrapper fusion-flex-justify-content-flex-start fusion-content-layout-column\"><div class=\"fusion-text fusion-text-1\"><h2>Respetar y promover los principios fundamentales<\/h2>\n<p>Eramine Sudam\u00e9rica adhiere a la <a href=\"https:\/\/www.eramet.com\/sites\/default\/files\/inline-files\/Eramet-Human-Rights-Policy.pdf\" target=\"_blank\" rel=\"noopener\"><strong>Pol\u00edtica de Derechos Humanos de Eramet<\/strong><\/a>, que establece expl\u00edcitamente: \u201c<em>El Grupo se compromete as\u00ed a respetar y promover los principios fundamentales de los derechos humanos internacionalmente reconocidos, tal como se definen en la Carta Internacional de Derechos Humanos y los Convenios fundamentales de la Organizaci\u00f3n Internacional del Trabajo, siguiendo las recomendaciones de los Principios Rectores sobre Empresas y Derechos Humanos. La Pol\u00edtica de Derechos Humanos formaliza este compromiso y reafirma su lugar fundamental en el enfoque operativo y de gesti\u00f3n del Grupo y en sus relaciones con los grupos de inter\u00e9s. Complementa las dem\u00e1s pol\u00edticas y estatutos del Grupo y abarca a todos los empleados, socios comerciales y comunidades locales<\/em>\u201d.<\/p>\n<p>&nbsp;<\/p>\n<p style=\"text-align: center;\"><img decoding=\"async\" class=\"alignnone size-fusion-600 wp-image-1928\" src=\"https:\/\/eramine.eramet.com\/wp-content\/uploads\/sites\/10\/2022\/12\/Derechos-humanos-600x343.jpeg\" alt=\"\" width=\"600\" height=\"343\" srcset=\"https:\/\/eramine.eramet.com\/wp-content\/uploads\/sites\/10\/2022\/12\/Derechos-humanos-200x114.jpeg 200w, https:\/\/eramine.eramet.com\/wp-content\/uploads\/sites\/10\/2022\/12\/Derechos-humanos-300x171.jpeg 300w, https:\/\/eramine.eramet.com\/wp-content\/uploads\/sites\/10\/2022\/12\/Derechos-humanos-400x228.jpeg 400w, https:\/\/eramine.eramet.com\/wp-content\/uploads\/sites\/10\/2022\/12\/Derechos-humanos-600x343.jpeg 600w, https:\/\/eramine.eramet.com\/wp-content\/uploads\/sites\/10\/2022\/12\/Derechos-humanos-768x439.jpeg 768w, https:\/\/eramine.eramet.com\/wp-content\/uploads\/sites\/10\/2022\/12\/Derechos-humanos-800x457.jpeg 800w, https:\/\/eramine.eramet.com\/wp-content\/uploads\/sites\/10\/2022\/12\/Derechos-humanos-1024x585.jpeg 1024w, https:\/\/eramine.eramet.com\/wp-content\/uploads\/sites\/10\/2022\/12\/Derechos-humanos-1200x685.jpeg 1200w, https:\/\/eramine.eramet.com\/wp-content\/uploads\/sites\/10\/2022\/12\/Derechos-humanos.jpeg 1280w\" sizes=\"(max-width: 600px) 100vw, 600px\" \/><\/p>\n<\/div><\/div><\/div><\/div><\/div>\n","protected":false},"excerpt":{"rendered":"","protected":false},"author":4,"featured_media":0,"parent":1719,"menu_order":1,"comment_status":"closed","ping_status":"closed","template":"","meta":{"footnotes":""},"class_list":["post-1729","page","type-page","status-publish","hentry"],"yoast_head":"<!-- This site is optimized with the Yoast SEO plugin v26.8 - https:\/\/yoast.com\/product\/yoast-seo-wordpress\/ -->\n<title>Derechos humanos - Eramet Eramine<\/title>\n<meta name=\"robots\" content=\"index, follow, max-snippet:-1, max-image-preview:large, max-video-preview:-1\" \/>\n<link rel=\"canonical\" href=\"https:\/\/eramine.eramet.com\/es\/eramine\/nuestros-compromisos\/derechos-humanos\/\" \/>\n<meta property=\"og:locale\" content=\"es_ES\" \/>\n<meta property=\"og:type\" content=\"article\" \/>\n<meta property=\"og:title\" content=\"Derechos humanos - Eramet Eramine\" \/>\n<meta property=\"og:url\" content=\"https:\/\/eramine.eramet.com\/es\/eramine\/nuestros-compromisos\/derechos-humanos\/\" \/>\n<meta property=\"og:site_name\" content=\"Eramet Eramine\" \/>\n<meta property=\"article:modified_time\" content=\"2024-07-03T11:44:04+00:00\" \/>\n<meta property=\"og:image\" content=\"https:\/\/eramine.eramet.com\/wp-content\/uploads\/sites\/10\/2022\/12\/Derechos-humanos.jpeg\" \/>\n\t<meta property=\"og:image:width\" content=\"1280\" \/>\n\t<meta property=\"og:image:height\" content=\"731\" \/>\n\t<meta property=\"og:image:type\" content=\"image\/jpeg\" \/>\n<meta name=\"twitter:card\" content=\"summary_large_image\" \/>\n<meta name=\"twitter:label1\" content=\"Tiempo de lectura\" \/>\n\t<meta name=\"twitter:data1\" content=\"1 minuto\" \/>\n<script type=\"application\/ld+json\" class=\"yoast-schema-graph\">{\"@context\":\"https:\/\/schema.org\",\"@graph\":[{\"@type\":\"WebPage\",\"@id\":\"https:\/\/eramine.eramet.com\/es\/eramine\/nuestros-compromisos\/derechos-humanos\/\",\"url\":\"https:\/\/eramine.eramet.com\/es\/eramine\/nuestros-compromisos\/derechos-humanos\/\",\"name\":\"Derechos humanos - Eramet Eramine\",\"isPartOf\":{\"@id\":\"https:\/\/eramine.eramet.com\/es\/#website\"},\"primaryImageOfPage\":{\"@id\":\"https:\/\/eramine.eramet.com\/es\/eramine\/nuestros-compromisos\/derechos-humanos\/#primaryimage\"},\"image\":{\"@id\":\"https:\/\/eramine.eramet.com\/es\/eramine\/nuestros-compromisos\/derechos-humanos\/#primaryimage\"},\"thumbnailUrl\":\"https:\/\/eramine.eramet.com\/wp-content\/uploads\/sites\/10\/2022\/12\/Derechos-humanos-600x343.jpeg\",\"datePublished\":\"2022-10-03T16:38:01+00:00\",\"dateModified\":\"2024-07-03T11:44:04+00:00\",\"breadcrumb\":{\"@id\":\"https:\/\/eramine.eramet.com\/es\/eramine\/nuestros-compromisos\/derechos-humanos\/#breadcrumb\"},\"inLanguage\":\"es\",\"potentialAction\":[{\"@type\":\"ReadAction\",\"target\":[\"https:\/\/eramine.eramet.com\/es\/eramine\/nuestros-compromisos\/derechos-humanos\/\"]}]},{\"@type\":\"ImageObject\",\"inLanguage\":\"es\",\"@id\":\"https:\/\/eramine.eramet.com\/es\/eramine\/nuestros-compromisos\/derechos-humanos\/#primaryimage\",\"url\":\"https:\/\/eramine.eramet.com\/wp-content\/uploads\/sites\/10\/2022\/12\/Derechos-humanos-600x343.jpeg\",\"contentUrl\":\"https:\/\/eramine.eramet.com\/wp-content\/uploads\/sites\/10\/2022\/12\/Derechos-humanos-600x343.jpeg\"},{\"@type\":\"BreadcrumbList\",\"@id\":\"https:\/\/eramine.eramet.com\/es\/eramine\/nuestros-compromisos\/derechos-humanos\/#breadcrumb\",\"itemListElement\":[{\"@type\":\"ListItem\",\"position\":1,\"name\":\"Home\",\"item\":\"https:\/\/eramine.eramet.com\/en\/\"},{\"@type\":\"ListItem\",\"position\":2,\"name\":\"Eramine\",\"item\":\"https:\/\/eramine.eramet.com\/en\/\"},{\"@type\":\"ListItem\",\"position\":3,\"name\":\"Nuestros compromisos\",\"item\":\"https:\/\/eramine.eramet.com\/es\/eramine\/nuestros-compromisos\/\"},{\"@type\":\"ListItem\",\"position\":4,\"name\":\"Derechos humanos\"}]},{\"@type\":\"WebSite\",\"@id\":\"https:\/\/eramine.eramet.com\/es\/#website\",\"url\":\"https:\/\/eramine.eramet.com\/es\/\",\"name\":\"Eramet Eramine\",\"description\":\"Eramet group\",\"potentialAction\":[{\"@type\":\"SearchAction\",\"target\":{\"@type\":\"EntryPoint\",\"urlTemplate\":\"https:\/\/eramine.eramet.com\/es\/?s={search_term_string}\"},\"query-input\":{\"@type\":\"PropertyValueSpecification\",\"valueRequired\":true,\"valueName\":\"search_term_string\"}}],\"inLanguage\":\"es\"}]}<\/script>\n<!-- \/ Yoast SEO plugin. -->","yoast_head_json":{"title":"Derechos humanos - Eramet Eramine","robots":{"index":"index","follow":"follow","max-snippet":"max-snippet:-1","max-image-preview":"max-image-preview:large","max-video-preview":"max-video-preview:-1"},"canonical":"https:\/\/eramine.eramet.com\/es\/eramine\/nuestros-compromisos\/derechos-humanos\/","og_locale":"es_ES","og_type":"article","og_title":"Derechos humanos - Eramet Eramine","og_url":"https:\/\/eramine.eramet.com\/es\/eramine\/nuestros-compromisos\/derechos-humanos\/","og_site_name":"Eramet Eramine","article_modified_time":"2024-07-03T11:44:04+00:00","og_image":[{"width":1280,"height":731,"url":"https:\/\/eramine.eramet.com\/wp-content\/uploads\/sites\/10\/2022\/12\/Derechos-humanos.jpeg","type":"image\/jpeg"}],"twitter_card":"summary_large_image","twitter_misc":{"Tiempo de lectura":"1 minuto"},"schema":{"@context":"https:\/\/schema.org","@graph":[{"@type":"WebPage","@id":"https:\/\/eramine.eramet.com\/es\/eramine\/nuestros-compromisos\/derechos-humanos\/","url":"https:\/\/eramine.eramet.com\/es\/eramine\/nuestros-compromisos\/derechos-humanos\/","name":"Derechos humanos - Eramet Eramine","isPartOf":{"@id":"https:\/\/eramine.eramet.com\/es\/#website"},"primaryImageOfPage":{"@id":"https:\/\/eramine.eramet.com\/es\/eramine\/nuestros-compromisos\/derechos-humanos\/#primaryimage"},"image":{"@id":"https:\/\/eramine.eramet.com\/es\/eramine\/nuestros-compromisos\/derechos-humanos\/#primaryimage"},"thumbnailUrl":"https:\/\/eramine.eramet.com\/wp-content\/uploads\/sites\/10\/2022\/12\/Derechos-humanos-600x343.jpeg","datePublished":"2022-10-03T16:38:01+00:00","dateModified":"2024-07-03T11:44:04+00:00","breadcrumb":{"@id":"https:\/\/eramine.eramet.com\/es\/eramine\/nuestros-compromisos\/derechos-humanos\/#breadcrumb"},"inLanguage":"es","potentialAction":[{"@type":"ReadAction","target":["https:\/\/eramine.eramet.com\/es\/eramine\/nuestros-compromisos\/derechos-humanos\/"]}]},{"@type":"ImageObject","inLanguage":"es","@id":"https:\/\/eramine.eramet.com\/es\/eramine\/nuestros-compromisos\/derechos-humanos\/#primaryimage","url":"https:\/\/eramine.eramet.com\/wp-content\/uploads\/sites\/10\/2022\/12\/Derechos-humanos-600x343.jpeg","contentUrl":"https:\/\/eramine.eramet.com\/wp-content\/uploads\/sites\/10\/2022\/12\/Derechos-humanos-600x343.jpeg"},{"@type":"BreadcrumbList","@id":"https:\/\/eramine.eramet.com\/es\/eramine\/nuestros-compromisos\/derechos-humanos\/#breadcrumb","itemListElement":[{"@type":"ListItem","position":1,"name":"Home","item":"https:\/\/eramine.eramet.com\/en\/"},{"@type":"ListItem","position":2,"name":"Eramine","item":"https:\/\/eramine.eramet.com\/en\/"},{"@type":"ListItem","position":3,"name":"Nuestros compromisos","item":"https:\/\/eramine.eramet.com\/es\/eramine\/nuestros-compromisos\/"},{"@type":"ListItem","position":4,"name":"Derechos humanos"}]},{"@type":"WebSite","@id":"https:\/\/eramine.eramet.com\/es\/#website","url":"https:\/\/eramine.eramet.com\/es\/","name":"Eramet Eramine","description":"Eramet group","potentialAction":[{"@type":"SearchAction","target":{"@type":"EntryPoint","urlTemplate":"https:\/\/eramine.eramet.com\/es\/?s={search_term_string}"},"query-input":{"@type":"PropertyValueSpecification","valueRequired":true,"valueName":"search_term_string"}}],"inLanguage":"es"}]}},"_links":{"self":[{"href":"https:\/\/eramine.eramet.com\/es\/wp-json\/wp\/v2\/pages\/1729","targetHints":{"allow":["GET"]}}],"collection":[{"href":"https:\/\/eramine.eramet.com\/es\/wp-json\/wp\/v2\/pages"}],"about":[{"href":"https:\/\/eramine.eramet.com\/es\/wp-json\/wp\/v2\/types\/page"}],"author":[{"embeddable":true,"href":"https:\/\/eramine.eramet.com\/es\/wp-json\/wp\/v2\/users\/4"}],"replies":[{"embeddable":true,"href":"https:\/\/eramine.eramet.com\/es\/wp-json\/wp\/v2\/comments?post=1729"}],"version-history":[{"count":4,"href":"https:\/\/eramine.eramet.com\/es\/wp-json\/wp\/v2\/pages\/1729\/revisions"}],"predecessor-version":[{"id":2380,"href":"https:\/\/eramine.eramet.com\/es\/wp-json\/wp\/v2\/pages\/1729\/revisions\/2380"}],"up":[{"embeddable":true,"href":"https:\/\/eramine.eramet.com\/es\/wp-json\/wp\/v2\/pages\/1719"}],"wp:attachment":[{"href":"https:\/\/eramine.eramet.com\/es\/wp-json\/wp\/v2\/media?parent=1729"}],"curies":[{"name":"wp","href":"https:\/\/api.w.org\/{rel}","templated":true}]}}