{"id":1757,"date":"2022-10-03T13:41:36","date_gmt":"2022-10-03T16:41:36","guid":{"rendered":"https:\/\/eramine.eramet.com\/eramine-sudamerica-s-a\/nuestros-compromisos\/etica-e-integridad\/dialogue-with-the-community\/"},"modified":"2025-07-31T13:33:32","modified_gmt":"2025-07-31T16:33:32","slug":"dialogo-con-la-comunidad","status":"publish","type":"page","link":"https:\/\/eramine.eramet.com\/es\/eramine\/nuestros-compromisos\/etica-e-integridad\/dialogo-con-la-comunidad\/","title":{"rendered":"Di\u00e1logo con la comunidad"},"content":{"rendered":"<div class=\"fusion-fullwidth fullwidth-box fusion-builder-row-1 fusion-flex-container nonhundred-percent-fullwidth non-hundred-percent-height-scrolling\" style=\"--awb-border-radius-top-left:0px;--awb-border-radius-top-right:0px;--awb-border-radius-bottom-right:0px;--awb-border-radius-bottom-left:0px;--awb-flex-wrap:wrap;\" ><div class=\"fusion-builder-row fusion-row fusion-flex-align-items-flex-start fusion-flex-content-wrap\" style=\"max-width:1248px;margin-left: calc(-4% \/ 2 );margin-right: calc(-4% \/ 2 );\"><div class=\"fusion-layout-column fusion_builder_column fusion-builder-column-0 fusion_builder_column_1_1 1_1 fusion-flex-column\" style=\"--awb-bg-size:cover;--awb-width-large:100%;--awb-margin-top-large:0px;--awb-spacing-right-large:1.92%;--awb-margin-bottom-large:0px;--awb-spacing-left-large:1.92%;--awb-width-medium:100%;--awb-spacing-right-medium:1.92%;--awb-spacing-left-medium:1.92%;--awb-width-small:100%;--awb-spacing-right-small:1.92%;--awb-spacing-left-small:1.92%;\"><div class=\"fusion-column-wrapper fusion-flex-justify-content-flex-start fusion-content-layout-column\"><div class=\"fusion-text fusion-text-1\"><h2>Un v\u00ednculo basado en el di\u00e1logo<\/h2>\n<p>Desde el inicio de la fase de exploraci\u00f3n, en un momento en el que nadie conoc\u00eda la viabilidad econ\u00f3mica de un proyecto en la zona de Centenario Ratones, Eramine ya hab\u00eda empezado a desarrollar un fuerte di\u00e1logo con las autoridades y comunidades locales.<\/p>\n<p>Se han realizado numerosas reuniones y encuentros peri\u00f3dicos con las comunidades vecinas, que han sido fundamentales para\u00a0 abrir espacios de escucha, construir confianza y un trabajo cooperativo para impulsar juntos, proyectos destinados al desarrollo sostenible de la regi\u00f3n.<\/p>\n<p>Eramine ha sido transparente a la hora de compartir informaci\u00f3n del proyecto con la comunidad local, explicando las diferentes etapas, sus beneficios y potenciales impactos. Adem\u00e1s, el equipo se ha esforzado por escuchar y responder a las necesidades de la comunidad.<\/p>\n<p>Estas iniciativas reflejan la visi\u00f3n a largo plazo de la empresa, que va m\u00e1s all\u00e1 del cumplimiento de la normativa o los requisitos operativos, y se centra en las personas en una mirada amplia: en su integridad, seguridad, desarrollo de su potencial, respeto a la diversidad, en su contexto cultural local.<\/p>\n<p>En Eramine entendemos la relaci\u00f3n con la comunidad como un di\u00e1logo abierto, en el que la empresa comparte su visi\u00f3n del desarrollo, respetando al mismo tiempo las necesidades culturales locales.<\/p>\n<p>En febrero de 2020 se llev\u00f3 a cabo el proceso de <strong>Consentimiento Libre, Previo e Informado<\/strong> (CLPI), de acuerdo con el Convenio 169 de la OIT, en el que la comunidad expres\u00f3 su apoyo al proyecto.<\/p>\n<p>Posteriormente, en mayo de 2022, reafirmaron su apoyo durante la Asamblea Trimestral.<\/p>\n<h2>Formulario de Consultas y reclamos<\/h2>\n<p>Eramine estableci\u00f3 un sistema de comunicaci\u00f3n abierto con sus grupos de relacionamiento a lo largo de la vida del proyecto.<\/p>\n<p>Gracias a ello, hoy existen diversas formas de hacer llegar las consultas o reclamos al equipo de Responsabilidad Social Corporativa.<\/p>\n<\/div><div style=\"text-align:center;\"><a class=\"fusion-button button-flat fusion-button-default-size button-default fusion-button-default button-1 fusion-button-default-span fusion-button-default-type\" style=\"--button-border-radius-top-left:0;--button-border-radius-top-right:0;--button-border-radius-bottom-right:0;--button-border-radius-bottom-left:0;\" target=\"_blank\" rel=\"noopener noreferrer\" href=\"https:\/\/forms.gle\/N7yJbhxE9PYuYUVc8\"><span class=\"fusion-button-text\">Formulario disponible aqu\u00ed<\/span><\/a><\/div><\/div><\/div><\/div><\/div>\n","protected":false},"excerpt":{"rendered":"","protected":false},"author":4,"featured_media":1350,"parent":1744,"menu_order":1,"comment_status":"closed","ping_status":"closed","template":"","meta":{"footnotes":""},"class_list":["post-1757","page","type-page","status-publish","has-post-thumbnail","hentry"],"yoast_head":"<!-- This site is optimized with the Yoast SEO plugin v26.8 - https:\/\/yoast.com\/product\/yoast-seo-wordpress\/ -->\n<title>Di\u00e1logo con la comunidad - Eramet Eramine<\/title>\n<meta name=\"robots\" content=\"index, follow, max-snippet:-1, max-image-preview:large, max-video-preview:-1\" \/>\n<link rel=\"canonical\" href=\"https:\/\/eramine.eramet.com\/es\/eramine\/nuestros-compromisos\/etica-e-integridad\/dialogo-con-la-comunidad\/\" \/>\n<meta property=\"og:locale\" content=\"es_ES\" \/>\n<meta property=\"og:type\" content=\"article\" \/>\n<meta property=\"og:title\" content=\"Di\u00e1logo con la comunidad - Eramet Eramine\" \/>\n<meta property=\"og:url\" content=\"https:\/\/eramine.eramet.com\/es\/eramine\/nuestros-compromisos\/etica-e-integridad\/dialogo-con-la-comunidad\/\" \/>\n<meta property=\"og:site_name\" content=\"Eramet Eramine\" \/>\n<meta property=\"article:modified_time\" content=\"2025-07-31T16:33:32+00:00\" \/>\n<meta property=\"og:image\" content=\"https:\/\/eramine.eramet.com\/wp-content\/uploads\/sites\/10\/2022\/10\/Community-1.jpg\" \/>\n\t<meta property=\"og:image:width\" content=\"1920\" \/>\n\t<meta property=\"og:image:height\" content=\"1080\" \/>\n\t<meta property=\"og:image:type\" content=\"image\/jpeg\" \/>\n<meta name=\"twitter:card\" content=\"summary_large_image\" \/>\n<meta name=\"twitter:label1\" content=\"Tiempo de lectura\" \/>\n\t<meta name=\"twitter:data1\" content=\"1 minuto\" \/>\n<script type=\"application\/ld+json\" class=\"yoast-schema-graph\">{\"@context\":\"https:\/\/schema.org\",\"@graph\":[{\"@type\":\"WebPage\",\"@id\":\"https:\/\/eramine.eramet.com\/es\/eramine\/nuestros-compromisos\/etica-e-integridad\/dialogo-con-la-comunidad\/\",\"url\":\"https:\/\/eramine.eramet.com\/es\/eramine\/nuestros-compromisos\/etica-e-integridad\/dialogo-con-la-comunidad\/\",\"name\":\"Di\u00e1logo con la comunidad - Eramet Eramine\",\"isPartOf\":{\"@id\":\"https:\/\/eramine.eramet.com\/es\/#website\"},\"primaryImageOfPage\":{\"@id\":\"https:\/\/eramine.eramet.com\/es\/eramine\/nuestros-compromisos\/etica-e-integridad\/dialogo-con-la-comunidad\/#primaryimage\"},\"image\":{\"@id\":\"https:\/\/eramine.eramet.com\/es\/eramine\/nuestros-compromisos\/etica-e-integridad\/dialogo-con-la-comunidad\/#primaryimage\"},\"thumbnailUrl\":\"https:\/\/eramine.eramet.com\/wp-content\/uploads\/sites\/10\/2022\/10\/Community-1.jpg\",\"datePublished\":\"2022-10-03T16:41:36+00:00\",\"dateModified\":\"2025-07-31T16:33:32+00:00\",\"breadcrumb\":{\"@id\":\"https:\/\/eramine.eramet.com\/es\/eramine\/nuestros-compromisos\/etica-e-integridad\/dialogo-con-la-comunidad\/#breadcrumb\"},\"inLanguage\":\"es\",\"potentialAction\":[{\"@type\":\"ReadAction\",\"target\":[\"https:\/\/eramine.eramet.com\/es\/eramine\/nuestros-compromisos\/etica-e-integridad\/dialogo-con-la-comunidad\/\"]}]},{\"@type\":\"ImageObject\",\"inLanguage\":\"es\",\"@id\":\"https:\/\/eramine.eramet.com\/es\/eramine\/nuestros-compromisos\/etica-e-integridad\/dialogo-con-la-comunidad\/#primaryimage\",\"url\":\"https:\/\/eramine.eramet.com\/wp-content\/uploads\/sites\/10\/2022\/10\/Community-1.jpg\",\"contentUrl\":\"https:\/\/eramine.eramet.com\/wp-content\/uploads\/sites\/10\/2022\/10\/Community-1.jpg\",\"width\":1920,\"height\":1080},{\"@type\":\"BreadcrumbList\",\"@id\":\"https:\/\/eramine.eramet.com\/es\/eramine\/nuestros-compromisos\/etica-e-integridad\/dialogo-con-la-comunidad\/#breadcrumb\",\"itemListElement\":[{\"@type\":\"ListItem\",\"position\":1,\"name\":\"Home\",\"item\":\"https:\/\/eramine.eramet.com\/en\/\"},{\"@type\":\"ListItem\",\"position\":2,\"name\":\"Eramine\",\"item\":\"https:\/\/eramine.eramet.com\/en\/\"},{\"@type\":\"ListItem\",\"position\":3,\"name\":\"Nuestros compromisos\",\"item\":\"https:\/\/eramine.eramet.com\/es\/eramine\/nuestros-compromisos\/\"},{\"@type\":\"ListItem\",\"position\":4,\"name\":\"\u00c9tica e integridad\",\"item\":\"https:\/\/eramine.eramet.com\/es\/eramine\/nuestros-compromisos\/etica-e-integridad\/\"},{\"@type\":\"ListItem\",\"position\":5,\"name\":\"Di\u00e1logo con la comunidad\"}]},{\"@type\":\"WebSite\",\"@id\":\"https:\/\/eramine.eramet.com\/es\/#website\",\"url\":\"https:\/\/eramine.eramet.com\/es\/\",\"name\":\"Eramet Eramine\",\"description\":\"Eramet group\",\"potentialAction\":[{\"@type\":\"SearchAction\",\"target\":{\"@type\":\"EntryPoint\",\"urlTemplate\":\"https:\/\/eramine.eramet.com\/es\/?s={search_term_string}\"},\"query-input\":{\"@type\":\"PropertyValueSpecification\",\"valueRequired\":true,\"valueName\":\"search_term_string\"}}],\"inLanguage\":\"es\"}]}<\/script>\n<!-- \/ Yoast SEO plugin. -->","yoast_head_json":{"title":"Di\u00e1logo con la comunidad - Eramet Eramine","robots":{"index":"index","follow":"follow","max-snippet":"max-snippet:-1","max-image-preview":"max-image-preview:large","max-video-preview":"max-video-preview:-1"},"canonical":"https:\/\/eramine.eramet.com\/es\/eramine\/nuestros-compromisos\/etica-e-integridad\/dialogo-con-la-comunidad\/","og_locale":"es_ES","og_type":"article","og_title":"Di\u00e1logo con la comunidad - Eramet Eramine","og_url":"https:\/\/eramine.eramet.com\/es\/eramine\/nuestros-compromisos\/etica-e-integridad\/dialogo-con-la-comunidad\/","og_site_name":"Eramet Eramine","article_modified_time":"2025-07-31T16:33:32+00:00","og_image":[{"width":1920,"height":1080,"url":"https:\/\/eramine.eramet.com\/wp-content\/uploads\/sites\/10\/2022\/10\/Community-1.jpg","type":"image\/jpeg"}],"twitter_card":"summary_large_image","twitter_misc":{"Tiempo de lectura":"1 minuto"},"schema":{"@context":"https:\/\/schema.org","@graph":[{"@type":"WebPage","@id":"https:\/\/eramine.eramet.com\/es\/eramine\/nuestros-compromisos\/etica-e-integridad\/dialogo-con-la-comunidad\/","url":"https:\/\/eramine.eramet.com\/es\/eramine\/nuestros-compromisos\/etica-e-integridad\/dialogo-con-la-comunidad\/","name":"Di\u00e1logo con la comunidad - Eramet Eramine","isPartOf":{"@id":"https:\/\/eramine.eramet.com\/es\/#website"},"primaryImageOfPage":{"@id":"https:\/\/eramine.eramet.com\/es\/eramine\/nuestros-compromisos\/etica-e-integridad\/dialogo-con-la-comunidad\/#primaryimage"},"image":{"@id":"https:\/\/eramine.eramet.com\/es\/eramine\/nuestros-compromisos\/etica-e-integridad\/dialogo-con-la-comunidad\/#primaryimage"},"thumbnailUrl":"https:\/\/eramine.eramet.com\/wp-content\/uploads\/sites\/10\/2022\/10\/Community-1.jpg","datePublished":"2022-10-03T16:41:36+00:00","dateModified":"2025-07-31T16:33:32+00:00","breadcrumb":{"@id":"https:\/\/eramine.eramet.com\/es\/eramine\/nuestros-compromisos\/etica-e-integridad\/dialogo-con-la-comunidad\/#breadcrumb"},"inLanguage":"es","potentialAction":[{"@type":"ReadAction","target":["https:\/\/eramine.eramet.com\/es\/eramine\/nuestros-compromisos\/etica-e-integridad\/dialogo-con-la-comunidad\/"]}]},{"@type":"ImageObject","inLanguage":"es","@id":"https:\/\/eramine.eramet.com\/es\/eramine\/nuestros-compromisos\/etica-e-integridad\/dialogo-con-la-comunidad\/#primaryimage","url":"https:\/\/eramine.eramet.com\/wp-content\/uploads\/sites\/10\/2022\/10\/Community-1.jpg","contentUrl":"https:\/\/eramine.eramet.com\/wp-content\/uploads\/sites\/10\/2022\/10\/Community-1.jpg","width":1920,"height":1080},{"@type":"BreadcrumbList","@id":"https:\/\/eramine.eramet.com\/es\/eramine\/nuestros-compromisos\/etica-e-integridad\/dialogo-con-la-comunidad\/#breadcrumb","itemListElement":[{"@type":"ListItem","position":1,"name":"Home","item":"https:\/\/eramine.eramet.com\/en\/"},{"@type":"ListItem","position":2,"name":"Eramine","item":"https:\/\/eramine.eramet.com\/en\/"},{"@type":"ListItem","position":3,"name":"Nuestros compromisos","item":"https:\/\/eramine.eramet.com\/es\/eramine\/nuestros-compromisos\/"},{"@type":"ListItem","position":4,"name":"\u00c9tica e integridad","item":"https:\/\/eramine.eramet.com\/es\/eramine\/nuestros-compromisos\/etica-e-integridad\/"},{"@type":"ListItem","position":5,"name":"Di\u00e1logo con la comunidad"}]},{"@type":"WebSite","@id":"https:\/\/eramine.eramet.com\/es\/#website","url":"https:\/\/eramine.eramet.com\/es\/","name":"Eramet Eramine","description":"Eramet group","potentialAction":[{"@type":"SearchAction","target":{"@type":"EntryPoint","urlTemplate":"https:\/\/eramine.eramet.com\/es\/?s={search_term_string}"},"query-input":{"@type":"PropertyValueSpecification","valueRequired":true,"valueName":"search_term_string"}}],"inLanguage":"es"}]}},"_links":{"self":[{"href":"https:\/\/eramine.eramet.com\/es\/wp-json\/wp\/v2\/pages\/1757","targetHints":{"allow":["GET"]}}],"collection":[{"href":"https:\/\/eramine.eramet.com\/es\/wp-json\/wp\/v2\/pages"}],"about":[{"href":"https:\/\/eramine.eramet.com\/es\/wp-json\/wp\/v2\/types\/page"}],"author":[{"embeddable":true,"href":"https:\/\/eramine.eramet.com\/es\/wp-json\/wp\/v2\/users\/4"}],"replies":[{"embeddable":true,"href":"https:\/\/eramine.eramet.com\/es\/wp-json\/wp\/v2\/comments?post=1757"}],"version-history":[{"count":8,"href":"https:\/\/eramine.eramet.com\/es\/wp-json\/wp\/v2\/pages\/1757\/revisions"}],"predecessor-version":[{"id":3110,"href":"https:\/\/eramine.eramet.com\/es\/wp-json\/wp\/v2\/pages\/1757\/revisions\/3110"}],"up":[{"embeddable":true,"href":"https:\/\/eramine.eramet.com\/es\/wp-json\/wp\/v2\/pages\/1744"}],"wp:featuredmedia":[{"embeddable":true,"href":"https:\/\/eramine.eramet.com\/es\/wp-json\/wp\/v2\/media\/1350"}],"wp:attachment":[{"href":"https:\/\/eramine.eramet.com\/es\/wp-json\/wp\/v2\/media?parent=1757"}],"curies":[{"name":"wp","href":"https:\/\/api.w.org\/{rel}","templated":true}]}}