{"id":1807,"date":"2022-10-03T13:38:50","date_gmt":"2022-10-03T16:38:50","guid":{"rendered":"https:\/\/eramine.eramet.com\/eramine-sudamerica-s-a\/nuestros-compromisos\/environment\/"},"modified":"2024-11-06T11:44:24","modified_gmt":"2024-11-06T14:44:24","slug":"medio-ambiente","status":"publish","type":"page","link":"https:\/\/eramine.eramet.com\/es\/eramine\/nuestros-compromisos\/medio-ambiente\/","title":{"rendered":"Medio ambiente"},"content":{"rendered":"<div class=\"fusion-fullwidth fullwidth-box fusion-builder-row-1 fusion-flex-container nonhundred-percent-fullwidth non-hundred-percent-height-scrolling\" style=\"--awb-border-radius-top-left:0px;--awb-border-radius-top-right:0px;--awb-border-radius-bottom-right:0px;--awb-border-radius-bottom-left:0px;--awb-padding-top:0px;--awb-margin-top:0px;--awb-flex-wrap:wrap;\" ><div class=\"fusion-builder-row fusion-row fusion-flex-align-items-flex-start fusion-flex-content-wrap\" style=\"max-width:1248px;margin-left: calc(-4% \/ 2 );margin-right: calc(-4% \/ 2 );\"><div class=\"fusion-layout-column fusion_builder_column fusion-builder-column-0 fusion_builder_column_1_1 1_1 fusion-flex-column\" style=\"--awb-bg-size:cover;--awb-width-large:100%;--awb-margin-top-large:0px;--awb-spacing-right-large:1.92%;--awb-margin-bottom-large:0px;--awb-spacing-left-large:1.92%;--awb-width-medium:100%;--awb-spacing-right-medium:1.92%;--awb-spacing-left-medium:1.92%;--awb-width-small:100%;--awb-spacing-right-small:1.92%;--awb-spacing-left-small:1.92%;\"><div class=\"fusion-column-wrapper fusion-flex-justify-content-flex-start fusion-content-layout-column\"><div class=\"fusion-text fusion-text-1\"><h2>Prevenci\u00f3n<\/h2>\n<p>En Eramine trabajamos decididos a prevenir y minimizar cualquier impacto ambiental, y a hacer un uso m\u00e1s eficiente de los recursos para preservar el medio ambiente para las generaciones presentes y futuras.<\/p>\n<p>Para ello, brindamos capacitaci\u00f3n a todas las personas que forman parte del proyecto, al mismo tiempo que implementamos y participamos en una variedad de actividades que promueven el valor y la protecci\u00f3n del medio ambiente.<\/p>\n<\/div><\/div><\/div><div class=\"fusion-layout-column fusion_builder_column fusion-builder-column-1 fusion_builder_column_2_3 2_3 fusion-flex-column\" style=\"--awb-bg-size:cover;--awb-width-large:66.666666666667%;--awb-margin-top-large:0px;--awb-spacing-right-large:2.88%;--awb-margin-bottom-large:;--awb-spacing-left-large:2.88%;--awb-width-medium:66.666666666667%;--awb-spacing-right-medium:2.88%;--awb-spacing-left-medium:2.88%;--awb-width-small:100%;--awb-spacing-right-small:1.92%;--awb-spacing-left-small:1.92%;\"><div class=\"fusion-column-wrapper fusion-flex-justify-content-flex-start fusion-content-layout-column\"><div class=\"fusion-text fusion-text-2\"><h2>Gesti\u00f3n del Agua<\/h2>\n<p>Eramine desarroll\u00f3 un proceso que permite alcanzar una tasa de reciclaje de agua del 60%, logrando un importante aprovechamiento de agua subterr\u00e1nea para uso minero, de pozos autorizados por la Secretar\u00eda de Recursos H\u00eddricos de la provincia de Salta.<\/p>\n<p>La compa\u00f1\u00eda no extrae ni hace uso de agua de ninguna fuente superficial. En el caso del agua para consumo humano, la misma es envasada y se adquiere de proveedores locales de San Antonio de los Cobres o de la Ciudad de Salta.<\/p>\n<p>En Centenario Ratones los habitantes m\u00e1s cercanos viven a 11 kil\u00f3metros del yacimiento. Son diecis\u00e9is puesteros que viven de forma intermitente. No hay competencia por el agua, ya que la planta capta sus necesidades a unos 100 m de profundidad, y no el agua superficial que utilizan esas personas para sus necesidades o la fauna y la flora.<\/p>\n<p>&nbsp;<\/p>\n<\/div><\/div><\/div><div class=\"fusion-layout-column fusion_builder_column fusion-builder-column-2 fusion_builder_column_1_3 1_3 fusion-flex-column\" style=\"--awb-bg-size:cover;--awb-width-large:33.333333333333%;--awb-margin-top-large:0px;--awb-spacing-right-large:5.76%;--awb-margin-bottom-large:20px;--awb-spacing-left-large:5.76%;--awb-width-medium:33.333333333333%;--awb-order-medium:0;--awb-spacing-right-medium:5.76%;--awb-spacing-left-medium:5.76%;--awb-width-small:100%;--awb-order-small:0;--awb-spacing-right-small:1.92%;--awb-spacing-left-small:1.92%;\"><div class=\"fusion-column-wrapper fusion-column-has-shadow fusion-flex-justify-content-flex-start fusion-content-layout-column\"><div class=\"fusion-image-element \" style=\"--awb-margin-bottom:50px;--awb-caption-title-font-family:var(--h2_typography-font-family);--awb-caption-title-font-weight:var(--h2_typography-font-weight);--awb-caption-title-font-style:var(--h2_typography-font-style);--awb-caption-title-size:var(--h2_typography-font-size);--awb-caption-title-transform:var(--h2_typography-text-transform);--awb-caption-title-line-height:var(--h2_typography-line-height);--awb-caption-title-letter-spacing:var(--h2_typography-letter-spacing);\"><span class=\" fusion-imageframe imageframe-none imageframe-1 hover-type-none\"><img decoding=\"async\" width=\"800\" height=\"450\" title=\"Agua\" src=\"https:\/\/eramine.eramet.com\/wp-content\/uploads\/sites\/10\/2024\/11\/Agua-800x450.jpg\" alt class=\"img-responsive wp-image-2712\" srcset=\"https:\/\/eramine.eramet.com\/wp-content\/uploads\/sites\/10\/2024\/11\/Agua-200x113.jpg 200w, https:\/\/eramine.eramet.com\/wp-content\/uploads\/sites\/10\/2024\/11\/Agua-400x225.jpg 400w, https:\/\/eramine.eramet.com\/wp-content\/uploads\/sites\/10\/2024\/11\/Agua-600x338.jpg 600w, https:\/\/eramine.eramet.com\/wp-content\/uploads\/sites\/10\/2024\/11\/Agua-800x450.jpg 800w, https:\/\/eramine.eramet.com\/wp-content\/uploads\/sites\/10\/2024\/11\/Agua-1200x675.jpg 1200w, https:\/\/eramine.eramet.com\/wp-content\/uploads\/sites\/10\/2024\/11\/Agua.jpg 1920w\" sizes=\"(max-width: 640px) 100vw, 400px\" \/><\/span><\/div><\/div><\/div><div class=\"fusion-layout-column fusion_builder_column fusion-builder-column-3 fusion_builder_column_2_3 2_3 fusion-flex-column\" style=\"--awb-padding-bottom:50px;--awb-bg-size:cover;--awb-width-large:66.666666666667%;--awb-margin-top-large:0px;--awb-spacing-right-large:2.88%;--awb-margin-bottom-large:0px;--awb-spacing-left-large:2.88%;--awb-width-medium:66.666666666667%;--awb-spacing-right-medium:2.88%;--awb-spacing-left-medium:2.88%;--awb-width-small:100%;--awb-spacing-right-small:1.92%;--awb-spacing-left-small:1.92%;\"><div class=\"fusion-column-wrapper fusion-flex-justify-content-flex-start fusion-content-layout-column\"><div class=\"fusion-text fusion-text-3\"><p>A su vez, para conocer el estado de todas las fuentes de agua de la cuenca de los salares Centenario \u2013 Ratones, y las condiciones ambientales reinantes en la zona, se llevan a cabo monitoreos ambientales peri\u00f3dicos. Adem\u00e1s, la compa\u00f1\u00eda posee en sitio dos estaciones meteorol\u00f3gicas autom\u00e1ticas (EMAs) instaladas en Campamento La Blanca y Campamento Ratones, donde registra al menos 10 variables ambientales, entre ellas:<\/p>\n<ul>\n<li>Temperatura<\/li>\n<li>Precipitaciones<\/li>\n<li>Humedad<\/li>\n<li>Vientos<\/li>\n<li>Radiaciones<\/li>\n<li>Evaporaci\u00f3n potencial<\/li>\n<\/ul>\n<\/div><\/div><\/div><div class=\"fusion-layout-column fusion_builder_column fusion-builder-column-4 fusion_builder_column_1_3 1_3 fusion-flex-column\" style=\"--awb-bg-size:cover;--awb-width-large:33.333333333333%;--awb-margin-top-large:0px;--awb-spacing-right-large:5.76%;--awb-margin-bottom-large:20px;--awb-spacing-left-large:5.76%;--awb-width-medium:33.333333333333%;--awb-order-medium:0;--awb-spacing-right-medium:5.76%;--awb-spacing-left-medium:5.76%;--awb-width-small:100%;--awb-order-small:0;--awb-spacing-right-small:1.92%;--awb-spacing-left-small:1.92%;\"><div class=\"fusion-column-wrapper fusion-column-has-shadow fusion-flex-justify-content-flex-start fusion-content-layout-column\"><div class=\"fusion-image-element \" style=\"--awb-margin-bottom:50px;--awb-caption-title-font-family:var(--h2_typography-font-family);--awb-caption-title-font-weight:var(--h2_typography-font-weight);--awb-caption-title-font-style:var(--h2_typography-font-style);--awb-caption-title-size:var(--h2_typography-font-size);--awb-caption-title-transform:var(--h2_typography-text-transform);--awb-caption-title-line-height:var(--h2_typography-line-height);--awb-caption-title-letter-spacing:var(--h2_typography-letter-spacing);\"><span class=\" fusion-imageframe imageframe-none imageframe-2 hover-type-none\"><img decoding=\"async\" width=\"800\" height=\"450\" title=\"Agua-monitoreo\" src=\"https:\/\/eramine.eramet.com\/wp-content\/uploads\/sites\/10\/2024\/11\/Agua-monitoreo-800x450.jpg\" alt class=\"img-responsive wp-image-2714\" srcset=\"https:\/\/eramine.eramet.com\/wp-content\/uploads\/sites\/10\/2024\/11\/Agua-monitoreo-200x112.jpg 200w, https:\/\/eramine.eramet.com\/wp-content\/uploads\/sites\/10\/2024\/11\/Agua-monitoreo-400x225.jpg 400w, https:\/\/eramine.eramet.com\/wp-content\/uploads\/sites\/10\/2024\/11\/Agua-monitoreo-600x337.jpg 600w, https:\/\/eramine.eramet.com\/wp-content\/uploads\/sites\/10\/2024\/11\/Agua-monitoreo-800x450.jpg 800w, https:\/\/eramine.eramet.com\/wp-content\/uploads\/sites\/10\/2024\/11\/Agua-monitoreo.jpg 1156w\" sizes=\"(max-width: 640px) 100vw, 400px\" \/><\/span><\/div><\/div><\/div><div class=\"fusion-layout-column fusion_builder_column fusion-builder-column-5 fusion_builder_column_1_3 1_3 fusion-flex-column\" style=\"--awb-bg-size:cover;--awb-width-large:33.333333333333%;--awb-margin-top-large:0px;--awb-spacing-right-large:5.76%;--awb-margin-bottom-large:20px;--awb-spacing-left-large:5.76%;--awb-width-medium:33.333333333333%;--awb-order-medium:0;--awb-spacing-right-medium:5.76%;--awb-spacing-left-medium:5.76%;--awb-width-small:100%;--awb-order-small:0;--awb-spacing-right-small:1.92%;--awb-spacing-left-small:1.92%;\"><div class=\"fusion-column-wrapper fusion-column-has-shadow fusion-flex-justify-content-flex-start fusion-content-layout-column\"><div class=\"fusion-image-element \" style=\"--awb-margin-bottom:50px;--awb-caption-title-font-family:var(--h2_typography-font-family);--awb-caption-title-font-weight:var(--h2_typography-font-weight);--awb-caption-title-font-style:var(--h2_typography-font-style);--awb-caption-title-size:var(--h2_typography-font-size);--awb-caption-title-transform:var(--h2_typography-text-transform);--awb-caption-title-line-height:var(--h2_typography-line-height);--awb-caption-title-letter-spacing:var(--h2_typography-letter-spacing);\"><span class=\" fusion-imageframe imageframe-none imageframe-3 hover-type-none\"><img decoding=\"async\" width=\"800\" height=\"450\" title=\"Campa\u00f1a-limpieza\" src=\"https:\/\/eramine.eramet.com\/wp-content\/uploads\/sites\/10\/2024\/11\/Campana-limpieza-800x450.jpg\" alt class=\"img-responsive wp-image-2710\" srcset=\"https:\/\/eramine.eramet.com\/wp-content\/uploads\/sites\/10\/2024\/11\/Campana-limpieza-200x113.jpg 200w, https:\/\/eramine.eramet.com\/wp-content\/uploads\/sites\/10\/2024\/11\/Campana-limpieza-400x225.jpg 400w, https:\/\/eramine.eramet.com\/wp-content\/uploads\/sites\/10\/2024\/11\/Campana-limpieza-600x338.jpg 600w, https:\/\/eramine.eramet.com\/wp-content\/uploads\/sites\/10\/2024\/11\/Campana-limpieza-800x450.jpg 800w, https:\/\/eramine.eramet.com\/wp-content\/uploads\/sites\/10\/2024\/11\/Campana-limpieza-1200x675.jpg 1200w, https:\/\/eramine.eramet.com\/wp-content\/uploads\/sites\/10\/2024\/11\/Campana-limpieza.jpg 1920w\" sizes=\"(max-width: 640px) 100vw, 400px\" \/><\/span><\/div><\/div><\/div><div class=\"fusion-layout-column fusion_builder_column fusion-builder-column-6 fusion_builder_column_2_3 2_3 fusion-flex-column\" style=\"--awb-bg-size:cover;--awb-width-large:66.666666666667%;--awb-margin-top-large:0px;--awb-spacing-right-large:2.88%;--awb-margin-bottom-large:0px;--awb-spacing-left-large:2.88%;--awb-width-medium:66.666666666667%;--awb-spacing-right-medium:2.88%;--awb-spacing-left-medium:2.88%;--awb-width-small:100%;--awb-spacing-right-small:1.92%;--awb-spacing-left-small:1.92%;\"><div class=\"fusion-column-wrapper fusion-flex-justify-content-flex-start fusion-content-layout-column\"><div class=\"fusion-text fusion-text-4\"><h2>Gesti\u00f3n de residuos<\/h2>\n<p>Una correcta gesti\u00f3n de residuos disminuye la presi\u00f3n hacia los recursos naturales y el riesgo de afectaci\u00f3n del entorno, al mismo tiempo aumenta la resiliencia del medio ambiente y disminuye los costos econ\u00f3micos. En nuestras instalaciones contamos con lu\u00adgares autorizados y adecuadamente acondi\u00adcionados para el almacenamiento temporal de residuos peligrosos y no peligrosos.<\/p>\n<\/div><\/div><\/div><\/div><\/div>\n","protected":false},"excerpt":{"rendered":"","protected":false},"author":4,"featured_media":1908,"parent":1719,"menu_order":4,"comment_status":"closed","ping_status":"closed","template":"","meta":{"footnotes":""},"class_list":["post-1807","page","type-page","status-publish","has-post-thumbnail","hentry"],"yoast_head":"<!-- This site is optimized with the Yoast SEO plugin v26.8 - https:\/\/yoast.com\/product\/yoast-seo-wordpress\/ -->\n<title>Medio ambiente - Eramet Eramine<\/title>\n<meta name=\"robots\" content=\"index, follow, max-snippet:-1, max-image-preview:large, max-video-preview:-1\" \/>\n<link rel=\"canonical\" href=\"https:\/\/eramine.eramet.com\/es\/eramine\/nuestros-compromisos\/medio-ambiente\/\" \/>\n<meta property=\"og:locale\" content=\"es_ES\" \/>\n<meta property=\"og:type\" content=\"article\" \/>\n<meta property=\"og:title\" content=\"Medio ambiente - Eramet Eramine\" \/>\n<meta property=\"og:url\" content=\"https:\/\/eramine.eramet.com\/es\/eramine\/nuestros-compromisos\/medio-ambiente\/\" \/>\n<meta property=\"og:site_name\" content=\"Eramet Eramine\" \/>\n<meta property=\"article:modified_time\" content=\"2024-11-06T14:44:24+00:00\" \/>\n<meta property=\"og:image\" content=\"https:\/\/eramine.eramet.com\/wp-content\/uploads\/sites\/10\/2022\/12\/Eramine-environment.jpg\" \/>\n\t<meta property=\"og:image:width\" content=\"1920\" \/>\n\t<meta property=\"og:image:height\" content=\"515\" \/>\n\t<meta property=\"og:image:type\" content=\"image\/jpeg\" \/>\n<meta name=\"twitter:card\" content=\"summary_large_image\" \/>\n<meta name=\"twitter:label1\" content=\"Tiempo de lectura\" \/>\n\t<meta name=\"twitter:data1\" content=\"9 minutos\" \/>\n<script type=\"application\/ld+json\" class=\"yoast-schema-graph\">{\"@context\":\"https:\/\/schema.org\",\"@graph\":[{\"@type\":\"WebPage\",\"@id\":\"https:\/\/eramine.eramet.com\/es\/eramine\/nuestros-compromisos\/medio-ambiente\/\",\"url\":\"https:\/\/eramine.eramet.com\/es\/eramine\/nuestros-compromisos\/medio-ambiente\/\",\"name\":\"Medio ambiente - Eramet Eramine\",\"isPartOf\":{\"@id\":\"https:\/\/eramine.eramet.com\/es\/#website\"},\"primaryImageOfPage\":{\"@id\":\"https:\/\/eramine.eramet.com\/es\/eramine\/nuestros-compromisos\/medio-ambiente\/#primaryimage\"},\"image\":{\"@id\":\"https:\/\/eramine.eramet.com\/es\/eramine\/nuestros-compromisos\/medio-ambiente\/#primaryimage\"},\"thumbnailUrl\":\"https:\/\/eramine.eramet.com\/wp-content\/uploads\/sites\/10\/2022\/12\/Eramine-environment.jpg\",\"datePublished\":\"2022-10-03T16:38:50+00:00\",\"dateModified\":\"2024-11-06T14:44:24+00:00\",\"breadcrumb\":{\"@id\":\"https:\/\/eramine.eramet.com\/es\/eramine\/nuestros-compromisos\/medio-ambiente\/#breadcrumb\"},\"inLanguage\":\"es\",\"potentialAction\":[{\"@type\":\"ReadAction\",\"target\":[\"https:\/\/eramine.eramet.com\/es\/eramine\/nuestros-compromisos\/medio-ambiente\/\"]}]},{\"@type\":\"ImageObject\",\"inLanguage\":\"es\",\"@id\":\"https:\/\/eramine.eramet.com\/es\/eramine\/nuestros-compromisos\/medio-ambiente\/#primaryimage\",\"url\":\"https:\/\/eramine.eramet.com\/wp-content\/uploads\/sites\/10\/2022\/12\/Eramine-environment.jpg\",\"contentUrl\":\"https:\/\/eramine.eramet.com\/wp-content\/uploads\/sites\/10\/2022\/12\/Eramine-environment.jpg\",\"width\":1920,\"height\":515},{\"@type\":\"BreadcrumbList\",\"@id\":\"https:\/\/eramine.eramet.com\/es\/eramine\/nuestros-compromisos\/medio-ambiente\/#breadcrumb\",\"itemListElement\":[{\"@type\":\"ListItem\",\"position\":1,\"name\":\"Home\",\"item\":\"https:\/\/eramine.eramet.com\/en\/\"},{\"@type\":\"ListItem\",\"position\":2,\"name\":\"Eramine\",\"item\":\"https:\/\/eramine.eramet.com\/en\/\"},{\"@type\":\"ListItem\",\"position\":3,\"name\":\"Nuestros compromisos\",\"item\":\"https:\/\/eramine.eramet.com\/es\/eramine\/nuestros-compromisos\/\"},{\"@type\":\"ListItem\",\"position\":4,\"name\":\"Medio ambiente\"}]},{\"@type\":\"WebSite\",\"@id\":\"https:\/\/eramine.eramet.com\/es\/#website\",\"url\":\"https:\/\/eramine.eramet.com\/es\/\",\"name\":\"Eramet Eramine\",\"description\":\"Eramet group\",\"potentialAction\":[{\"@type\":\"SearchAction\",\"target\":{\"@type\":\"EntryPoint\",\"urlTemplate\":\"https:\/\/eramine.eramet.com\/es\/?s={search_term_string}\"},\"query-input\":{\"@type\":\"PropertyValueSpecification\",\"valueRequired\":true,\"valueName\":\"search_term_string\"}}],\"inLanguage\":\"es\"}]}<\/script>\n<!-- \/ Yoast SEO plugin. -->","yoast_head_json":{"title":"Medio ambiente - Eramet Eramine","robots":{"index":"index","follow":"follow","max-snippet":"max-snippet:-1","max-image-preview":"max-image-preview:large","max-video-preview":"max-video-preview:-1"},"canonical":"https:\/\/eramine.eramet.com\/es\/eramine\/nuestros-compromisos\/medio-ambiente\/","og_locale":"es_ES","og_type":"article","og_title":"Medio ambiente - Eramet Eramine","og_url":"https:\/\/eramine.eramet.com\/es\/eramine\/nuestros-compromisos\/medio-ambiente\/","og_site_name":"Eramet Eramine","article_modified_time":"2024-11-06T14:44:24+00:00","og_image":[{"width":1920,"height":515,"url":"https:\/\/eramine.eramet.com\/wp-content\/uploads\/sites\/10\/2022\/12\/Eramine-environment.jpg","type":"image\/jpeg"}],"twitter_card":"summary_large_image","twitter_misc":{"Tiempo de lectura":"9 minutos"},"schema":{"@context":"https:\/\/schema.org","@graph":[{"@type":"WebPage","@id":"https:\/\/eramine.eramet.com\/es\/eramine\/nuestros-compromisos\/medio-ambiente\/","url":"https:\/\/eramine.eramet.com\/es\/eramine\/nuestros-compromisos\/medio-ambiente\/","name":"Medio ambiente - Eramet Eramine","isPartOf":{"@id":"https:\/\/eramine.eramet.com\/es\/#website"},"primaryImageOfPage":{"@id":"https:\/\/eramine.eramet.com\/es\/eramine\/nuestros-compromisos\/medio-ambiente\/#primaryimage"},"image":{"@id":"https:\/\/eramine.eramet.com\/es\/eramine\/nuestros-compromisos\/medio-ambiente\/#primaryimage"},"thumbnailUrl":"https:\/\/eramine.eramet.com\/wp-content\/uploads\/sites\/10\/2022\/12\/Eramine-environment.jpg","datePublished":"2022-10-03T16:38:50+00:00","dateModified":"2024-11-06T14:44:24+00:00","breadcrumb":{"@id":"https:\/\/eramine.eramet.com\/es\/eramine\/nuestros-compromisos\/medio-ambiente\/#breadcrumb"},"inLanguage":"es","potentialAction":[{"@type":"ReadAction","target":["https:\/\/eramine.eramet.com\/es\/eramine\/nuestros-compromisos\/medio-ambiente\/"]}]},{"@type":"ImageObject","inLanguage":"es","@id":"https:\/\/eramine.eramet.com\/es\/eramine\/nuestros-compromisos\/medio-ambiente\/#primaryimage","url":"https:\/\/eramine.eramet.com\/wp-content\/uploads\/sites\/10\/2022\/12\/Eramine-environment.jpg","contentUrl":"https:\/\/eramine.eramet.com\/wp-content\/uploads\/sites\/10\/2022\/12\/Eramine-environment.jpg","width":1920,"height":515},{"@type":"BreadcrumbList","@id":"https:\/\/eramine.eramet.com\/es\/eramine\/nuestros-compromisos\/medio-ambiente\/#breadcrumb","itemListElement":[{"@type":"ListItem","position":1,"name":"Home","item":"https:\/\/eramine.eramet.com\/en\/"},{"@type":"ListItem","position":2,"name":"Eramine","item":"https:\/\/eramine.eramet.com\/en\/"},{"@type":"ListItem","position":3,"name":"Nuestros compromisos","item":"https:\/\/eramine.eramet.com\/es\/eramine\/nuestros-compromisos\/"},{"@type":"ListItem","position":4,"name":"Medio ambiente"}]},{"@type":"WebSite","@id":"https:\/\/eramine.eramet.com\/es\/#website","url":"https:\/\/eramine.eramet.com\/es\/","name":"Eramet Eramine","description":"Eramet group","potentialAction":[{"@type":"SearchAction","target":{"@type":"EntryPoint","urlTemplate":"https:\/\/eramine.eramet.com\/es\/?s={search_term_string}"},"query-input":{"@type":"PropertyValueSpecification","valueRequired":true,"valueName":"search_term_string"}}],"inLanguage":"es"}]}},"_links":{"self":[{"href":"https:\/\/eramine.eramet.com\/es\/wp-json\/wp\/v2\/pages\/1807","targetHints":{"allow":["GET"]}}],"collection":[{"href":"https:\/\/eramine.eramet.com\/es\/wp-json\/wp\/v2\/pages"}],"about":[{"href":"https:\/\/eramine.eramet.com\/es\/wp-json\/wp\/v2\/types\/page"}],"author":[{"embeddable":true,"href":"https:\/\/eramine.eramet.com\/es\/wp-json\/wp\/v2\/users\/4"}],"replies":[{"embeddable":true,"href":"https:\/\/eramine.eramet.com\/es\/wp-json\/wp\/v2\/comments?post=1807"}],"version-history":[{"count":6,"href":"https:\/\/eramine.eramet.com\/es\/wp-json\/wp\/v2\/pages\/1807\/revisions"}],"predecessor-version":[{"id":2718,"href":"https:\/\/eramine.eramet.com\/es\/wp-json\/wp\/v2\/pages\/1807\/revisions\/2718"}],"up":[{"embeddable":true,"href":"https:\/\/eramine.eramet.com\/es\/wp-json\/wp\/v2\/pages\/1719"}],"wp:featuredmedia":[{"embeddable":true,"href":"https:\/\/eramine.eramet.com\/es\/wp-json\/wp\/v2\/media\/1908"}],"wp:attachment":[{"href":"https:\/\/eramine.eramet.com\/es\/wp-json\/wp\/v2\/media?parent=1807"}],"curies":[{"name":"wp","href":"https:\/\/api.w.org\/{rel}","templated":true}]}}