{"id":1811,"date":"2022-10-03T13:43:41","date_gmt":"2022-10-03T16:43:41","guid":{"rendered":"https:\/\/eramine.eramet.com\/eramine-sudamerica-s-a\/nuestros-compromisos\/medio-ambiente\/biodiversity\/"},"modified":"2024-07-03T08:50:47","modified_gmt":"2024-07-03T11:50:47","slug":"biodiversidad","status":"publish","type":"page","link":"https:\/\/eramine.eramet.com\/es\/eramine\/nuestros-compromisos\/medio-ambiente\/biodiversidad\/","title":{"rendered":"Biodiversidad"},"content":{"rendered":"<div class=\"fusion-fullwidth fullwidth-box fusion-builder-row-1 fusion-flex-container nonhundred-percent-fullwidth non-hundred-percent-height-scrolling\" style=\"--awb-border-radius-top-left:0px;--awb-border-radius-top-right:0px;--awb-border-radius-bottom-right:0px;--awb-border-radius-bottom-left:0px;--awb-flex-wrap:wrap;\" ><div class=\"fusion-builder-row fusion-row fusion-flex-align-items-flex-start fusion-flex-content-wrap\" style=\"max-width:1248px;margin-left: calc(-4% \/ 2 );margin-right: calc(-4% \/ 2 );\"><div class=\"fusion-layout-column fusion_builder_column fusion-builder-column-0 fusion_builder_column_1_1 1_1 fusion-flex-column\" style=\"--awb-bg-size:cover;--awb-width-large:100%;--awb-margin-top-large:0px;--awb-spacing-right-large:1.92%;--awb-margin-bottom-large:0px;--awb-spacing-left-large:1.92%;--awb-width-medium:100%;--awb-spacing-right-medium:1.92%;--awb-spacing-left-medium:1.92%;--awb-width-small:100%;--awb-spacing-right-small:1.92%;--awb-spacing-left-small:1.92%;\"><div class=\"fusion-column-wrapper fusion-flex-justify-content-flex-start fusion-content-layout-column\"><div class=\"fusion-text fusion-text-1\"><h2>Un enfoque preventivo<\/h2>\n<p>El manejo, gesti\u00f3n y protecci\u00f3n de los recursos naturales y culturales del territorio en el que se encuentra nuestro proyecto es realizado seg\u00fan lo establece la Ley N\u00ba 7.107 y el Sistema Provincial de \u00c1reas Pro\u00adtegidas (SIPAP).<\/p>\n<p>En Eramine aplicamos un enfoque preventivo a la hora de tomar decisiones, en lugar de tener que recurrir a la correcci\u00f3n, mitigaci\u00f3n y\/o remediaci\u00f3n de cualquier afectaci\u00f3n sobre un componente ambiental. Para ello, realizamos monitoreos de biodiversidad, que incluyen vegetaci\u00f3n y fauna, en dos \u00e9pocas distintas del a\u00f1o: al inicio y al final de la estaci\u00f3n de lluvias. De esta forma podemos conocer el movimiento estacional tanto de la fauna como el crecimiento de la vegetaci\u00f3n.<\/p>\n<p>En el departamento Los Andes existe un \u00e1rea de reserva con Catego\u00adr\u00eda de Manejo de \u00c1rea Protegida con Recur\u00adsos Manejados seg\u00fan la Uni\u00f3n Internacional para la Conservaci\u00f3n de la Naturaleza (2009), que establece la conservaci\u00f3n asociada a ac\u00adtividades productivas\/ extractivas. Por ello, la inversi\u00f3n que llevamos a cabo en un proceso productivo sostenible, con un permanente proceso de investigaci\u00f3n y desarrollo en la optimizaci\u00f3n del uso de los recursos, es consecuente con este principio.<\/p>\n<\/div><\/div><\/div><\/div><\/div>\n","protected":false},"excerpt":{"rendered":"","protected":false},"author":4,"featured_media":2726,"parent":1807,"menu_order":1,"comment_status":"closed","ping_status":"closed","template":"","meta":{"footnotes":""},"class_list":["post-1811","page","type-page","status-publish","has-post-thumbnail","hentry"],"yoast_head":"<!-- This site is optimized with the Yoast SEO plugin v26.8 - https:\/\/yoast.com\/product\/yoast-seo-wordpress\/ -->\n<title>Biodiversidad - Eramet Eramine<\/title>\n<meta name=\"robots\" content=\"index, follow, max-snippet:-1, max-image-preview:large, max-video-preview:-1\" \/>\n<link rel=\"canonical\" href=\"https:\/\/eramine.eramet.com\/es\/eramine\/nuestros-compromisos\/medio-ambiente\/biodiversidad\/\" \/>\n<meta property=\"og:locale\" content=\"es_ES\" \/>\n<meta property=\"og:type\" content=\"article\" \/>\n<meta property=\"og:title\" content=\"Biodiversidad - Eramet Eramine\" \/>\n<meta property=\"og:url\" content=\"https:\/\/eramine.eramet.com\/es\/eramine\/nuestros-compromisos\/medio-ambiente\/biodiversidad\/\" \/>\n<meta property=\"og:site_name\" content=\"Eramet Eramine\" \/>\n<meta property=\"article:modified_time\" content=\"2024-07-03T11:50:47+00:00\" \/>\n<meta property=\"og:image\" content=\"https:\/\/eramine.eramet.com\/wp-content\/uploads\/sites\/10\/2024\/11\/Suri.jpg\" \/>\n\t<meta property=\"og:image:width\" content=\"1500\" \/>\n\t<meta property=\"og:image:height\" content=\"844\" \/>\n\t<meta property=\"og:image:type\" content=\"image\/jpeg\" \/>\n<meta name=\"twitter:card\" content=\"summary_large_image\" \/>\n<meta name=\"twitter:label1\" content=\"Tiempo de lectura\" \/>\n\t<meta name=\"twitter:data1\" content=\"2 minutos\" \/>\n<script type=\"application\/ld+json\" class=\"yoast-schema-graph\">{\"@context\":\"https:\/\/schema.org\",\"@graph\":[{\"@type\":\"WebPage\",\"@id\":\"https:\/\/eramine.eramet.com\/es\/eramine\/nuestros-compromisos\/medio-ambiente\/biodiversidad\/\",\"url\":\"https:\/\/eramine.eramet.com\/es\/eramine\/nuestros-compromisos\/medio-ambiente\/biodiversidad\/\",\"name\":\"Biodiversidad - Eramet Eramine\",\"isPartOf\":{\"@id\":\"https:\/\/eramine.eramet.com\/es\/#website\"},\"primaryImageOfPage\":{\"@id\":\"https:\/\/eramine.eramet.com\/es\/eramine\/nuestros-compromisos\/medio-ambiente\/biodiversidad\/#primaryimage\"},\"image\":{\"@id\":\"https:\/\/eramine.eramet.com\/es\/eramine\/nuestros-compromisos\/medio-ambiente\/biodiversidad\/#primaryimage\"},\"thumbnailUrl\":\"https:\/\/eramine.eramet.com\/wp-content\/uploads\/sites\/10\/2024\/11\/Suri.jpg\",\"datePublished\":\"2022-10-03T16:43:41+00:00\",\"dateModified\":\"2024-07-03T11:50:47+00:00\",\"breadcrumb\":{\"@id\":\"https:\/\/eramine.eramet.com\/es\/eramine\/nuestros-compromisos\/medio-ambiente\/biodiversidad\/#breadcrumb\"},\"inLanguage\":\"es\",\"potentialAction\":[{\"@type\":\"ReadAction\",\"target\":[\"https:\/\/eramine.eramet.com\/es\/eramine\/nuestros-compromisos\/medio-ambiente\/biodiversidad\/\"]}]},{\"@type\":\"ImageObject\",\"inLanguage\":\"es\",\"@id\":\"https:\/\/eramine.eramet.com\/es\/eramine\/nuestros-compromisos\/medio-ambiente\/biodiversidad\/#primaryimage\",\"url\":\"https:\/\/eramine.eramet.com\/wp-content\/uploads\/sites\/10\/2024\/11\/Suri.jpg\",\"contentUrl\":\"https:\/\/eramine.eramet.com\/wp-content\/uploads\/sites\/10\/2024\/11\/Suri.jpg\",\"width\":1500,\"height\":844},{\"@type\":\"BreadcrumbList\",\"@id\":\"https:\/\/eramine.eramet.com\/es\/eramine\/nuestros-compromisos\/medio-ambiente\/biodiversidad\/#breadcrumb\",\"itemListElement\":[{\"@type\":\"ListItem\",\"position\":1,\"name\":\"Home\",\"item\":\"https:\/\/eramine.eramet.com\/en\/\"},{\"@type\":\"ListItem\",\"position\":2,\"name\":\"Eramine\",\"item\":\"https:\/\/eramine.eramet.com\/en\/\"},{\"@type\":\"ListItem\",\"position\":3,\"name\":\"Nuestros compromisos\",\"item\":\"https:\/\/eramine.eramet.com\/es\/eramine\/nuestros-compromisos\/\"},{\"@type\":\"ListItem\",\"position\":4,\"name\":\"Medio ambiente\",\"item\":\"https:\/\/eramine.eramet.com\/es\/eramine\/nuestros-compromisos\/medio-ambiente\/\"},{\"@type\":\"ListItem\",\"position\":5,\"name\":\"Biodiversidad\"}]},{\"@type\":\"WebSite\",\"@id\":\"https:\/\/eramine.eramet.com\/es\/#website\",\"url\":\"https:\/\/eramine.eramet.com\/es\/\",\"name\":\"Eramet Eramine\",\"description\":\"Eramet group\",\"potentialAction\":[{\"@type\":\"SearchAction\",\"target\":{\"@type\":\"EntryPoint\",\"urlTemplate\":\"https:\/\/eramine.eramet.com\/es\/?s={search_term_string}\"},\"query-input\":{\"@type\":\"PropertyValueSpecification\",\"valueRequired\":true,\"valueName\":\"search_term_string\"}}],\"inLanguage\":\"es\"}]}<\/script>\n<!-- \/ Yoast SEO plugin. -->","yoast_head_json":{"title":"Biodiversidad - Eramet Eramine","robots":{"index":"index","follow":"follow","max-snippet":"max-snippet:-1","max-image-preview":"max-image-preview:large","max-video-preview":"max-video-preview:-1"},"canonical":"https:\/\/eramine.eramet.com\/es\/eramine\/nuestros-compromisos\/medio-ambiente\/biodiversidad\/","og_locale":"es_ES","og_type":"article","og_title":"Biodiversidad - Eramet Eramine","og_url":"https:\/\/eramine.eramet.com\/es\/eramine\/nuestros-compromisos\/medio-ambiente\/biodiversidad\/","og_site_name":"Eramet Eramine","article_modified_time":"2024-07-03T11:50:47+00:00","og_image":[{"width":1500,"height":844,"url":"https:\/\/eramine.eramet.com\/wp-content\/uploads\/sites\/10\/2024\/11\/Suri.jpg","type":"image\/jpeg"}],"twitter_card":"summary_large_image","twitter_misc":{"Tiempo de lectura":"2 minutos"},"schema":{"@context":"https:\/\/schema.org","@graph":[{"@type":"WebPage","@id":"https:\/\/eramine.eramet.com\/es\/eramine\/nuestros-compromisos\/medio-ambiente\/biodiversidad\/","url":"https:\/\/eramine.eramet.com\/es\/eramine\/nuestros-compromisos\/medio-ambiente\/biodiversidad\/","name":"Biodiversidad - Eramet Eramine","isPartOf":{"@id":"https:\/\/eramine.eramet.com\/es\/#website"},"primaryImageOfPage":{"@id":"https:\/\/eramine.eramet.com\/es\/eramine\/nuestros-compromisos\/medio-ambiente\/biodiversidad\/#primaryimage"},"image":{"@id":"https:\/\/eramine.eramet.com\/es\/eramine\/nuestros-compromisos\/medio-ambiente\/biodiversidad\/#primaryimage"},"thumbnailUrl":"https:\/\/eramine.eramet.com\/wp-content\/uploads\/sites\/10\/2024\/11\/Suri.jpg","datePublished":"2022-10-03T16:43:41+00:00","dateModified":"2024-07-03T11:50:47+00:00","breadcrumb":{"@id":"https:\/\/eramine.eramet.com\/es\/eramine\/nuestros-compromisos\/medio-ambiente\/biodiversidad\/#breadcrumb"},"inLanguage":"es","potentialAction":[{"@type":"ReadAction","target":["https:\/\/eramine.eramet.com\/es\/eramine\/nuestros-compromisos\/medio-ambiente\/biodiversidad\/"]}]},{"@type":"ImageObject","inLanguage":"es","@id":"https:\/\/eramine.eramet.com\/es\/eramine\/nuestros-compromisos\/medio-ambiente\/biodiversidad\/#primaryimage","url":"https:\/\/eramine.eramet.com\/wp-content\/uploads\/sites\/10\/2024\/11\/Suri.jpg","contentUrl":"https:\/\/eramine.eramet.com\/wp-content\/uploads\/sites\/10\/2024\/11\/Suri.jpg","width":1500,"height":844},{"@type":"BreadcrumbList","@id":"https:\/\/eramine.eramet.com\/es\/eramine\/nuestros-compromisos\/medio-ambiente\/biodiversidad\/#breadcrumb","itemListElement":[{"@type":"ListItem","position":1,"name":"Home","item":"https:\/\/eramine.eramet.com\/en\/"},{"@type":"ListItem","position":2,"name":"Eramine","item":"https:\/\/eramine.eramet.com\/en\/"},{"@type":"ListItem","position":3,"name":"Nuestros compromisos","item":"https:\/\/eramine.eramet.com\/es\/eramine\/nuestros-compromisos\/"},{"@type":"ListItem","position":4,"name":"Medio ambiente","item":"https:\/\/eramine.eramet.com\/es\/eramine\/nuestros-compromisos\/medio-ambiente\/"},{"@type":"ListItem","position":5,"name":"Biodiversidad"}]},{"@type":"WebSite","@id":"https:\/\/eramine.eramet.com\/es\/#website","url":"https:\/\/eramine.eramet.com\/es\/","name":"Eramet Eramine","description":"Eramet group","potentialAction":[{"@type":"SearchAction","target":{"@type":"EntryPoint","urlTemplate":"https:\/\/eramine.eramet.com\/es\/?s={search_term_string}"},"query-input":{"@type":"PropertyValueSpecification","valueRequired":true,"valueName":"search_term_string"}}],"inLanguage":"es"}]}},"_links":{"self":[{"href":"https:\/\/eramine.eramet.com\/es\/wp-json\/wp\/v2\/pages\/1811","targetHints":{"allow":["GET"]}}],"collection":[{"href":"https:\/\/eramine.eramet.com\/es\/wp-json\/wp\/v2\/pages"}],"about":[{"href":"https:\/\/eramine.eramet.com\/es\/wp-json\/wp\/v2\/types\/page"}],"author":[{"embeddable":true,"href":"https:\/\/eramine.eramet.com\/es\/wp-json\/wp\/v2\/users\/4"}],"replies":[{"embeddable":true,"href":"https:\/\/eramine.eramet.com\/es\/wp-json\/wp\/v2\/comments?post=1811"}],"version-history":[{"count":4,"href":"https:\/\/eramine.eramet.com\/es\/wp-json\/wp\/v2\/pages\/1811\/revisions"}],"predecessor-version":[{"id":2391,"href":"https:\/\/eramine.eramet.com\/es\/wp-json\/wp\/v2\/pages\/1811\/revisions\/2391"}],"up":[{"embeddable":true,"href":"https:\/\/eramine.eramet.com\/es\/wp-json\/wp\/v2\/pages\/1807"}],"wp:featuredmedia":[{"embeddable":true,"href":"https:\/\/eramine.eramet.com\/es\/wp-json\/wp\/v2\/media\/2726"}],"wp:attachment":[{"href":"https:\/\/eramine.eramet.com\/es\/wp-json\/wp\/v2\/media?parent=1811"}],"curies":[{"name":"wp","href":"https:\/\/api.w.org\/{rel}","templated":true}]}}