{"id":53278,"date":"2024-11-15T11:25:34","date_gmt":"2024-11-15T14:25:34","guid":{"rendered":"https:\/\/eramine.eramet.ovh\/?page_id=53278"},"modified":"2026-03-19T09:59:16","modified_gmt":"2026-03-19T12:59:16","slug":"comunicados-de-prensa","status":"publish","type":"page","link":"https:\/\/eramine.eramet.com\/es\/media\/comunicados-de-prensa\/","title":{"rendered":"Comunicados de prensa"},"content":{"rendered":"<div class=\"fusion-fullwidth fullwidth-box fusion-builder-row-1 fusion-flex-container has-pattern-background has-mask-background nonhundred-percent-fullwidth non-hundred-percent-height-scrolling\" style=\"--awb-border-radius-top-left:0px;--awb-border-radius-top-right:0px;--awb-border-radius-bottom-right:0px;--awb-border-radius-bottom-left:0px;--awb-flex-wrap:wrap;\" ><div class=\"fusion-builder-row fusion-row fusion-flex-align-items-flex-start fusion-flex-justify-content-center fusion-flex-content-wrap\" style=\"max-width:1468.8px;margin-left: calc(-2% \/ 2 );margin-right: calc(-2% \/ 2 );\"><div class=\"fusion-layout-column fusion_builder_column fusion-builder-column-0 fusion_builder_column_2_3 2_3 fusion-flex-column\" style=\"--awb-bg-size:cover;--awb-width-large:66.666666666667%;--awb-margin-top-large:0px;--awb-spacing-right-large:1.47%;--awb-margin-bottom-large:20px;--awb-spacing-left-large:1.47%;--awb-width-medium:66.666666666667%;--awb-order-medium:0;--awb-spacing-right-medium:1.47%;--awb-spacing-left-medium:1.47%;--awb-width-small:100%;--awb-order-small:0;--awb-spacing-right-small:0.98%;--awb-spacing-left-small:0.98%;\"><div class=\"fusion-column-wrapper fusion-column-has-shadow fusion-flex-justify-content-flex-start fusion-content-layout-column\"><div class=\"fusion-post-cards fusion-post-cards-1 fusion-grid-archive sep-cards post-titles-h2\" style=\"--awb-column-spacing:0px;--awb-dots-align:center;--awb-columns:1;--awb-active-filter-border-size:0px;--awb-filters-border-top:0px;--awb-filters-border-left:0px;--awb-filters-border-right:0px;--awb-filters-border-color:var(--awb-color1);--awb-filters-height:36px;--awb-row-spacing:80px;--awb-filters-border-left-style:solid;--awb-filters-border-right-style:solid;--awb-columns-medium:100%;--awb-filters-alignment-medium:flex-start;--awb-filters-alignment-small:flex-start;\"><div class=\"fusion-filters\"><div class=\"fusion-filter\" style=\"display:none;\"><label for=\"nature\">Natures<\/label><select name=\"nature\" id=\"nature\" aria-label=\"Post Filters nature\"><option value=\"all\"data-filter=\"*\" data-id=\"*\">Natures<\/option><option value=\"comunicados-de-prensa\" data-filter=\".comunicados-de-prensa\" data-id=\"30\">Comunicados de prensa<\/option><\/select><\/div><div class=\"fusion-filter\" style=\"display:none;\"><label for=\"category\">Categor\u00edas<\/label><select name=\"category\" id=\"category\" aria-label=\"Post Filters category\"><option value=\"all\"data-filter=\"*\" data-id=\"*\">Categor\u00edas<\/option><option value=\"media-es\" data-filter=\".media-es\" data-id=\"2\">Media<\/option><\/select><\/div><div class=\"fusion-filter\"><label for=\"selectedyear\">Filter by Year<\/label><select name=\"selectedyear\" id=\"selectedyear\" aria-label=\"Post Filtersby year\"><option value=\"all\" data-filter=\"*\" data-id=\"*\">Years<\/option><option value=\"2026\" data-filter=\".2026\" data-id=\"2026\">2026<\/option><option value=\"2025\" data-filter=\".2025\" data-id=\"2025\">2025<\/option><option value=\"2024\" data-filter=\".2024\" data-id=\"2024\">2024<\/option><option value=\"2023\" data-filter=\".2023\" data-id=\"2023\">2023<\/option><option value=\"2022\" data-filter=\".2022\" data-id=\"2022\">2022<\/option><option value=\"2021\" data-filter=\".2021\" data-id=\"2021\">2021<\/option><option value=\"2020\" data-filter=\".2020\" data-id=\"2020\">2020<\/option><\/select><\/div><\/div><ul class=\"fusion-grid fusion-grid-1 fusion-flex-align-items-flex-start fusion-grid-posts-cards\"><li class=\"fusion-layout-column fusion_builder_column fusion-builder-column-1 fusion-flex-column post-card fusion-grid-column fusion-post-cards-grid-column comunicados-de-prensa noticias media-es eramet-es eramine-es\" style=\"--awb-bg-size:cover;\"><div class=\"fusion-column-wrapper fusion-flex-justify-content-flex-start fusion-content-layout-block\"><div class=\"fusion-text fusion-text-1 fusion-text-no-margin\" style=\"--awb-content-alignment:left;--awb-font-size:14px;--awb-text-transform:uppercase;--awb-text-color:var(--awb-color7);\"><p><strong><a href=\"https:\/\/eramine.eramet.com\/es\/category\/media-es\/\" title=\"Media\">Media<\/a><\/strong><\/p>\n<\/div><div class=\"fusion-text fusion-text-2 fusion-text-no-margin\" style=\"--awb-content-alignment:left;--awb-font-size:14px;--awb-text-transform:uppercase;--awb-text-color:var(--awb-color7);\"><p><a href=\"https:\/\/eramine.eramet.com\/es\/nature\/comunicados-de-prensa\/\" title=\"Comunicados de prensa\">Comunicados de prensa<\/a> | <a href=\"https:\/\/eramine.eramet.com\/es\/nature\/noticias\/\" title=\"Noticias\">Noticias<\/a><\/p>\n<\/div><div class=\"fusion-title title fusion-title-1 fusion-sep-none fusion-title-text fusion-title-size-two\" style=\"--awb-text-color:var(--awb-color1);--awb-margin-bottom:0px;--awb-margin-right-small:0px;--awb-margin-left-small:0px;--awb-link-color:var(--awb-color1);--awb-font-size:16px;\"><h2 class=\"fusion-title-heading title-heading-left\" style=\"margin:0;font-size:1em;\"><a href=\"https:\/\/eramine.eramet.com\/es\/media-es\/eramet-recupera-la-plena-propiedad-de-su-emblematico-negocio-de-litio-en-argentina\/\" class=\"awb-custom-text-color awb-custom-text-hover-color\" target=\"_self\"><h2><\/h2><\/a><\/h2><\/div><div class=\"fusion-content-tb fusion-content-tb-1 fusion-text-no-margin\" style=\"--awb-margin-bottom:0px;--awb-margin-top:10px;\"><p> Adquisici\u00f3n de la participaci\u00f3n de Tsingshan (49,9%) en la filial de Eramet que alberga el proyecto Centenario, de categor\u00eda mundial, un activo de primer orden estrat\u00e9gicamente situado para el desarrollo sostenible del Grupo en el sector del litio. Transacci\u00f3n antic\u00edclica que proporciona a Eramet el pleno beneficio y la propiedad de una planta de [...]<\/p><\/div><div class=\"fusion-text fusion-text-3 fusion-text-no-margin\" style=\"--awb-content-alignment:left;--awb-font-size:14px;--awb-text-color:var(--awb-color7);--awb-margin-top:10px;\"><p>24 octubre 2024<\/p>\n<\/div><div class=\"fusion-text fusion-text-4 fusion-text-no-margin\" style=\"--awb-content-alignment:left;--awb-font-size:16px;--awb-text-color:var(--awb-color7);--awb-margin-top:10px;--awb-margin-bottom:10px;\"><p>#<a href=\"https:\/\/eramine.eramet.com\/es\/tag\/eramet-es\/\" title=\"Eramet\">Eramet<\/a> #<a href=\"https:\/\/eramine.eramet.com\/es\/tag\/eramine-es\/\" title=\"Eramine\">Eramine<\/a><\/p>\n<\/div><div class=\"fusion-builder-row fusion-builder-row-inner fusion-row fusion-flex-align-items-flex-start fusion-flex-justify-content-center fusion-flex-content-wrap\" style=\"width:102% !important;max-width:102% !important;margin-left: calc(-2% \/ 2 );margin-right: calc(-2% \/ 2 );\"><div class=\"fusion-layout-column fusion_builder_column_inner fusion-builder-nested-column-0 fusion_builder_column_inner_1_1 1_1 fusion-flex-column fusion-flex-align-self-center\" style=\"--awb-bg-size:cover;--awb-width-large:100%;--awb-margin-top-large:0px;--awb-spacing-right-large:0px;--awb-margin-bottom-large:0px;--awb-spacing-left-large:0.98%;--awb-width-medium:100%;--awb-order-medium:0;--awb-spacing-right-medium:0px;--awb-spacing-left-medium:0.98%;--awb-width-small:100%;--awb-order-small:0;--awb-spacing-right-small:0.98%;--awb-spacing-left-small:0.98%;\"><div class=\"fusion-column-wrapper fusion-column-has-shadow fusion-flex-justify-content-flex-start fusion-content-layout-row fusion-flex-align-items-center\"><div style=\"text-align:left;\"><a class=\"fusion-button button-flat fusion-button-default-size button-custom fusion-button-default button-1 fusion-button-default-span fusion-button-default-type CTA-eramet CTA-right fusion-has-button-gradient\" style=\"--button_accent_color:var(--awb-color7);--button_accent_hover_color:var(--awb-color7);--button_border_hover_color:var(--awb-color7);--button_border_width-top:2px;--button_border_width-right:2px;--button_border_width-bottom:2px;--button_border_width-left:2px;--button_gradient_angle:180deg;--button_gradient_top_color:var(--awb-custom_color_7);--button_gradient_bottom_color:var(--awb-custom_color_7);--button_gradient_top_color_hover:var(--awb-color7);--button_gradient_bottom_color_hover:var(--awb-custom_color_3);--button_margin-top:0px;--button_margin-right:0px;--button_margin-bottom:0px;--button_margin-left:0px;\" target=\"_self\" title=\"Eramet recupera la plena propiedad de su emblem\u00e1tico negocio de litio en Argentina\" aria-label=\"Eramet recupera la plena propiedad de su emblem\u00e1tico negocio de litio en Argentina\" href=\"https:\/\/eramine.eramet.com\/es\/media-es\/eramet-recupera-la-plena-propiedad-de-su-emblematico-negocio-de-litio-en-argentina\/\"><span class=\"fusion-button-text\"><\/span><\/a><\/div><div class=\"fusion-text fusion-text-5 fusion-text-no-margin\" style=\"--awb-margin-left:10px;\"><a class='fusion-button button-flat fusion-button-default-size button-custom fusion-button-default button-2 fusion-button-default-span fusion-button-default-type CTA-eramet CTA-down fusion-has-button-gradient' style='--button_accent_color:var(--awb-color7);--button_accent_hover_color:var(--awb-color7);--button_border_hover_color:var(--awb-color7);--button_border_width-top:2px;--button_border_width-right:2px;--button_border_width-bottom:2px;--button_border_width-left:2px;--button_gradient_angle:180deg;--button_gradient_top_color:rgba(26,0,59,0);--button_gradient_bottom_color:rgba(55,40,107,0);--button_gradient_top_color_hover:var(--awb-color7);--button_gradient_bottom_color_hover:rgba(26,0,59,0);--button_margin-top:0px;' target='_blank' href='https:\/\/eramine.eramet.com\/wp-content\/uploads\/sites\/23\/2024\/12\/2024-10-24-Eramet-Eramine-CP-anuncio-ES.pdf' aria-label='T\u00e9l\u00e9charger Eramet recupera la plena propiedad de su emblem\u00e1tico negocio de litio en Argentina'><span class='fusion-button-text'><\/span><\/a>\n<\/div><div class=\"fusion-text fusion-text-6 fusion-text-no-margin\" style=\"--awb-line-height:69px;--awb-margin-left:10px;\">PDF - 173,12 KB\n<\/div><\/div><\/div><\/div><\/div><div class=\"fusion-separator fusion-full-width-sep fusion-absolute-separator fusion-align-center fusion-single-px\" style=\"width:100%;max-width:100%;\"><div class=\"fusion-separator-border sep-single sep-solid\" style=\"--awb-height:20px;--awb-amount:20px;--awb-sep-color:var(--awb-color1);border-color:var(--awb-color1);border-top-width:1px;\"><\/div><\/div><\/li>\n<li class=\"fusion-layout-column fusion_builder_column fusion-builder-column-2 fusion-flex-column post-card fusion-grid-column fusion-post-cards-grid-column comunicados-de-prensa noticias media-es construccion eramet-es eramine-es planta\" style=\"--awb-bg-size:cover;\"><div class=\"fusion-column-wrapper fusion-flex-justify-content-flex-start fusion-content-layout-block\"><div class=\"fusion-text fusion-text-7 fusion-text-no-margin\" style=\"--awb-content-alignment:left;--awb-font-size:14px;--awb-text-transform:uppercase;--awb-text-color:var(--awb-color7);\"><p><strong><a href=\"https:\/\/eramine.eramet.com\/es\/category\/media-es\/\" title=\"Media\">Media<\/a><\/strong><\/p>\n<\/div><div class=\"fusion-text fusion-text-8 fusion-text-no-margin\" style=\"--awb-content-alignment:left;--awb-font-size:14px;--awb-text-transform:uppercase;--awb-text-color:var(--awb-color7);\"><p><a href=\"https:\/\/eramine.eramet.com\/es\/nature\/comunicados-de-prensa\/\" title=\"Comunicados de prensa\">Comunicados de prensa<\/a> | <a href=\"https:\/\/eramine.eramet.com\/es\/nature\/noticias\/\" title=\"Noticias\">Noticias<\/a><\/p>\n<\/div><div class=\"fusion-title title fusion-title-2 fusion-sep-none fusion-title-text fusion-title-size-two\" style=\"--awb-text-color:var(--awb-color1);--awb-margin-bottom:0px;--awb-margin-right-small:0px;--awb-margin-left-small:0px;--awb-link-color:var(--awb-color1);--awb-font-size:16px;\"><h2 class=\"fusion-title-heading title-heading-left\" style=\"margin:0;font-size:1em;\"><a href=\"https:\/\/eramine.eramet.com\/es\/media-es\/pusimos-en-marcha-nuestra-planta\/\" class=\"awb-custom-text-color awb-custom-text-hover-color\" target=\"_self\"><h2><\/h2><\/a><\/h2><\/div><div class=\"fusion-content-tb fusion-content-tb-2 fusion-text-no-margin\" style=\"--awb-margin-bottom:0px;--awb-margin-top:10px;\"><p>En un d\u00eda muy especial, pusimos en marcha nuestra planta de producci\u00f3n, que desde el coraz\u00f3n de la puna salte\u00f1a, contribuir\u00e1 al crecimiento econ\u00f3mico de la provincia y al bienestar de todas las personas. Alcanzamos as\u00ed uno de los hitos m\u00e1s importantes del a\u00f1o, poniendo en marcha nuestra planta de producci\u00f3n que, a partir de [...]<\/p><\/div><div class=\"fusion-text fusion-text-9 fusion-text-no-margin\" style=\"--awb-content-alignment:left;--awb-font-size:14px;--awb-text-color:var(--awb-color7);--awb-margin-top:10px;\"><p>3 julio 2024<\/p>\n<\/div><div class=\"fusion-text fusion-text-10 fusion-text-no-margin\" style=\"--awb-content-alignment:left;--awb-font-size:16px;--awb-text-color:var(--awb-color7);--awb-margin-top:10px;--awb-margin-bottom:10px;\"><p>#<a href=\"https:\/\/eramine.eramet.com\/es\/tag\/construccion\/\" title=\"Construcci\u00f3n\">Construcci\u00f3n<\/a> #<a href=\"https:\/\/eramine.eramet.com\/es\/tag\/eramet-es\/\" title=\"Eramet\">Eramet<\/a> #<a href=\"https:\/\/eramine.eramet.com\/es\/tag\/eramine-es\/\" title=\"Eramine\">Eramine<\/a> #<a href=\"https:\/\/eramine.eramet.com\/es\/tag\/planta\/\" title=\"Planta\">Planta<\/a><\/p>\n<\/div><div class=\"fusion-builder-row fusion-builder-row-inner fusion-row fusion-flex-align-items-flex-start fusion-flex-justify-content-center fusion-flex-content-wrap\" style=\"width:102% !important;max-width:102% !important;margin-left: calc(-2% \/ 2 );margin-right: calc(-2% \/ 2 );\"><div class=\"fusion-layout-column fusion_builder_column_inner fusion-builder-nested-column-1 fusion_builder_column_inner_1_1 1_1 fusion-flex-column fusion-flex-align-self-center\" style=\"--awb-bg-size:cover;--awb-width-large:100%;--awb-margin-top-large:0px;--awb-spacing-right-large:0px;--awb-margin-bottom-large:0px;--awb-spacing-left-large:0.98%;--awb-width-medium:100%;--awb-order-medium:0;--awb-spacing-right-medium:0px;--awb-spacing-left-medium:0.98%;--awb-width-small:100%;--awb-order-small:0;--awb-spacing-right-small:0.98%;--awb-spacing-left-small:0.98%;\"><div class=\"fusion-column-wrapper fusion-column-has-shadow fusion-flex-justify-content-flex-start fusion-content-layout-row fusion-flex-align-items-center\"><div style=\"text-align:left;\"><a class=\"fusion-button button-flat fusion-button-default-size button-custom fusion-button-default button-2 fusion-button-default-span fusion-button-default-type CTA-eramet CTA-right fusion-has-button-gradient\" style=\"--button_accent_color:var(--awb-color7);--button_accent_hover_color:var(--awb-color7);--button_border_hover_color:var(--awb-color7);--button_border_width-top:2px;--button_border_width-right:2px;--button_border_width-bottom:2px;--button_border_width-left:2px;--button_gradient_angle:180deg;--button_gradient_top_color:var(--awb-custom_color_7);--button_gradient_bottom_color:var(--awb-custom_color_7);--button_gradient_top_color_hover:var(--awb-color7);--button_gradient_bottom_color_hover:var(--awb-custom_color_3);--button_margin-top:0px;--button_margin-right:0px;--button_margin-bottom:0px;--button_margin-left:0px;\" target=\"_self\" title=\"\u00a1Pusimos en marcha nuestra planta!\" aria-label=\"\u00a1Pusimos en marcha nuestra planta!\" href=\"https:\/\/eramine.eramet.com\/es\/media-es\/pusimos-en-marcha-nuestra-planta\/\"><span class=\"fusion-button-text\"><\/span><\/a><\/div><div class=\"fusion-text fusion-text-11 fusion-text-no-margin\" style=\"--awb-margin-left:10px;\"><a class='fusion-button button-flat fusion-button-default-size button-custom fusion-button-default button-2 fusion-button-default-span fusion-button-default-type CTA-eramet CTA-down fusion-has-button-gradient' style='--button_accent_color:var(--awb-color7);--button_accent_hover_color:var(--awb-color7);--button_border_hover_color:var(--awb-color7);--button_border_width-top:2px;--button_border_width-right:2px;--button_border_width-bottom:2px;--button_border_width-left:2px;--button_gradient_angle:180deg;--button_gradient_top_color:rgba(26,0,59,0);--button_gradient_bottom_color:rgba(55,40,107,0);--button_gradient_top_color_hover:var(--awb-color7);--button_gradient_bottom_color_hover:rgba(26,0,59,0);--button_margin-top:0px;' target='_blank' href='https:\/\/eramine.eramet.com\/wp-content\/uploads\/sites\/23\/2024\/12\/2024-07-03-Eramet-Eramine-CP-Centenario-inauguracion-ES.pdf' aria-label='T\u00e9l\u00e9charger \u00a1Pusimos en marcha nuestra planta!'><span class='fusion-button-text'><\/span><\/a>\n<\/div><div class=\"fusion-text fusion-text-12 fusion-text-no-margin\" style=\"--awb-line-height:69px;--awb-margin-left:10px;\">PDF - 161,35 KB\n<\/div><\/div><\/div><\/div><\/div><div class=\"fusion-separator fusion-full-width-sep fusion-absolute-separator fusion-align-center fusion-single-px\" style=\"width:100%;max-width:100%;\"><div class=\"fusion-separator-border sep-single sep-solid\" style=\"--awb-height:20px;--awb-amount:20px;--awb-sep-color:var(--awb-color1);border-color:var(--awb-color1);border-top-width:1px;\"><\/div><\/div><\/li>\n<\/ul><\/div><\/div><\/div><\/div><\/div>\n","protected":false},"excerpt":{"rendered":"","protected":false},"author":4,"featured_media":0,"parent":53275,"menu_order":2,"comment_status":"closed","ping_status":"closed","template":"","meta":{"footnotes":""},"class_list":["post-53278","page","type-page","status-publish","hentry"],"yoast_head":"<!-- This site is optimized with the Yoast SEO plugin v26.8 - https:\/\/yoast.com\/product\/yoast-seo-wordpress\/ -->\n<title>Comunicados de prensa - Eramet Eramine<\/title>\n<meta name=\"robots\" content=\"index, follow, max-snippet:-1, max-image-preview:large, max-video-preview:-1\" \/>\n<link rel=\"canonical\" href=\"https:\/\/eramine.eramet.com\/es\/media\/comunicados-de-prensa\/\" \/>\n<meta property=\"og:locale\" content=\"es_ES\" \/>\n<meta property=\"og:type\" content=\"article\" \/>\n<meta property=\"og:title\" content=\"Comunicados de prensa - Eramet Eramine\" \/>\n<meta property=\"og:url\" content=\"https:\/\/eramine.eramet.com\/es\/media\/comunicados-de-prensa\/\" \/>\n<meta property=\"og:site_name\" content=\"Eramet Eramine\" \/>\n<meta property=\"article:modified_time\" content=\"2026-03-19T12:59:16+00:00\" \/>\n<meta name=\"twitter:card\" content=\"summary_large_image\" \/>\n<meta name=\"twitter:label1\" content=\"Tiempo de lectura\" \/>\n\t<meta name=\"twitter:data1\" content=\"1 minuto\" \/>\n<script type=\"application\/ld+json\" class=\"yoast-schema-graph\">{\"@context\":\"https:\/\/schema.org\",\"@graph\":[{\"@type\":\"WebPage\",\"@id\":\"https:\/\/eramine.eramet.com\/es\/media\/comunicados-de-prensa\/\",\"url\":\"https:\/\/eramine.eramet.com\/es\/media\/comunicados-de-prensa\/\",\"name\":\"Comunicados de prensa - Eramet Eramine\",\"isPartOf\":{\"@id\":\"https:\/\/eramine.eramet.com\/es\/#website\"},\"datePublished\":\"2024-11-15T14:25:34+00:00\",\"dateModified\":\"2026-03-19T12:59:16+00:00\",\"breadcrumb\":{\"@id\":\"https:\/\/eramine.eramet.com\/es\/media\/comunicados-de-prensa\/#breadcrumb\"},\"inLanguage\":\"es\",\"potentialAction\":[{\"@type\":\"ReadAction\",\"target\":[\"https:\/\/eramine.eramet.com\/es\/media\/comunicados-de-prensa\/\"]}]},{\"@type\":\"BreadcrumbList\",\"@id\":\"https:\/\/eramine.eramet.com\/es\/media\/comunicados-de-prensa\/#breadcrumb\",\"itemListElement\":[{\"@type\":\"ListItem\",\"position\":1,\"name\":\"Home\",\"item\":\"https:\/\/eramine.eramet.com\/es\/\"},{\"@type\":\"ListItem\",\"position\":2,\"name\":\"Media\",\"item\":\"https:\/\/eramine.eramet.com\/es\/media\/\"},{\"@type\":\"ListItem\",\"position\":3,\"name\":\"Comunicados de prensa\"}]},{\"@type\":\"WebSite\",\"@id\":\"https:\/\/eramine.eramet.com\/es\/#website\",\"url\":\"https:\/\/eramine.eramet.com\/es\/\",\"name\":\"Eramet Eramine\",\"description\":\"\",\"potentialAction\":[{\"@type\":\"SearchAction\",\"target\":{\"@type\":\"EntryPoint\",\"urlTemplate\":\"https:\/\/eramine.eramet.com\/es\/?s={search_term_string}\"},\"query-input\":{\"@type\":\"PropertyValueSpecification\",\"valueRequired\":true,\"valueName\":\"search_term_string\"}}],\"inLanguage\":\"es\"}]}<\/script>\n<!-- \/ Yoast SEO plugin. -->","yoast_head_json":{"title":"Comunicados de prensa - Eramet Eramine","robots":{"index":"index","follow":"follow","max-snippet":"max-snippet:-1","max-image-preview":"max-image-preview:large","max-video-preview":"max-video-preview:-1"},"canonical":"https:\/\/eramine.eramet.com\/es\/media\/comunicados-de-prensa\/","og_locale":"es_ES","og_type":"article","og_title":"Comunicados de prensa - Eramet Eramine","og_url":"https:\/\/eramine.eramet.com\/es\/media\/comunicados-de-prensa\/","og_site_name":"Eramet Eramine","article_modified_time":"2026-03-19T12:59:16+00:00","twitter_card":"summary_large_image","twitter_misc":{"Tiempo de lectura":"1 minuto"},"schema":{"@context":"https:\/\/schema.org","@graph":[{"@type":"WebPage","@id":"https:\/\/eramine.eramet.com\/es\/media\/comunicados-de-prensa\/","url":"https:\/\/eramine.eramet.com\/es\/media\/comunicados-de-prensa\/","name":"Comunicados de prensa - Eramet Eramine","isPartOf":{"@id":"https:\/\/eramine.eramet.com\/es\/#website"},"datePublished":"2024-11-15T14:25:34+00:00","dateModified":"2026-03-19T12:59:16+00:00","breadcrumb":{"@id":"https:\/\/eramine.eramet.com\/es\/media\/comunicados-de-prensa\/#breadcrumb"},"inLanguage":"es","potentialAction":[{"@type":"ReadAction","target":["https:\/\/eramine.eramet.com\/es\/media\/comunicados-de-prensa\/"]}]},{"@type":"BreadcrumbList","@id":"https:\/\/eramine.eramet.com\/es\/media\/comunicados-de-prensa\/#breadcrumb","itemListElement":[{"@type":"ListItem","position":1,"name":"Home","item":"https:\/\/eramine.eramet.com\/es\/"},{"@type":"ListItem","position":2,"name":"Media","item":"https:\/\/eramine.eramet.com\/es\/media\/"},{"@type":"ListItem","position":3,"name":"Comunicados de prensa"}]},{"@type":"WebSite","@id":"https:\/\/eramine.eramet.com\/es\/#website","url":"https:\/\/eramine.eramet.com\/es\/","name":"Eramet Eramine","description":"","potentialAction":[{"@type":"SearchAction","target":{"@type":"EntryPoint","urlTemplate":"https:\/\/eramine.eramet.com\/es\/?s={search_term_string}"},"query-input":{"@type":"PropertyValueSpecification","valueRequired":true,"valueName":"search_term_string"}}],"inLanguage":"es"}]}},"acf":[],"_links":{"self":[{"href":"https:\/\/eramine.eramet.com\/es\/wp-json\/wp\/v2\/pages\/53278","targetHints":{"allow":["GET"]}}],"collection":[{"href":"https:\/\/eramine.eramet.com\/es\/wp-json\/wp\/v2\/pages"}],"about":[{"href":"https:\/\/eramine.eramet.com\/es\/wp-json\/wp\/v2\/types\/page"}],"author":[{"embeddable":true,"href":"https:\/\/eramine.eramet.com\/es\/wp-json\/wp\/v2\/users\/4"}],"replies":[{"embeddable":true,"href":"https:\/\/eramine.eramet.com\/es\/wp-json\/wp\/v2\/comments?post=53278"}],"version-history":[{"count":3,"href":"https:\/\/eramine.eramet.com\/es\/wp-json\/wp\/v2\/pages\/53278\/revisions"}],"predecessor-version":[{"id":53287,"href":"https:\/\/eramine.eramet.com\/es\/wp-json\/wp\/v2\/pages\/53278\/revisions\/53287"}],"up":[{"embeddable":true,"href":"https:\/\/eramine.eramet.com\/es\/wp-json\/wp\/v2\/pages\/53275"}],"wp:attachment":[{"href":"https:\/\/eramine.eramet.com\/es\/wp-json\/wp\/v2\/media?parent=53278"}],"curies":[{"name":"wp","href":"https:\/\/api.w.org\/{rel}","templated":true}]}}