{"id":53305,"date":"2024-11-15T11:23:21","date_gmt":"2024-11-15T14:23:21","guid":{"rendered":"https:\/\/eramine.eramet.ovh\/acerca-de-nosotros\/history\/"},"modified":"2026-03-30T15:19:57","modified_gmt":"2026-03-30T18:19:57","slug":"historia","status":"publish","type":"page","link":"https:\/\/eramine.eramet.com\/es\/eramet-eramine\/historia\/","title":{"rendered":"Historia"},"content":{"rendered":"<div class=\"fusion-fullwidth fullwidth-box fusion-builder-row-1 fusion-flex-container has-pattern-background has-mask-background nonhundred-percent-fullwidth non-hundred-percent-height-scrolling\" style=\"--awb-border-radius-top-left:0px;--awb-border-radius-top-right:0px;--awb-border-radius-bottom-right:0px;--awb-border-radius-bottom-left:0px;--awb-flex-wrap:wrap;\" id=\"chrono\" ><div class=\"fusion-builder-row fusion-row fusion-flex-align-items-flex-start fusion-flex-justify-content-center fusion-flex-content-wrap\" style=\"max-width:1468.8px;margin-left: calc(-2% \/ 2 );margin-right: calc(-2% \/ 2 );\"><div class=\"fusion-layout-column fusion_builder_column fusion-builder-column-0 fusion_builder_column_2_3 2_3 fusion-flex-column\" style=\"--awb-bg-size:cover;--awb-width-large:66.666666666667%;--awb-margin-top-large:0px;--awb-spacing-right-large:1.47%;--awb-margin-bottom-large:20px;--awb-spacing-left-large:1.47%;--awb-width-medium:66.666666666667%;--awb-order-medium:0;--awb-spacing-right-medium:1.47%;--awb-spacing-left-medium:1.47%;--awb-width-small:100%;--awb-order-small:0;--awb-spacing-right-small:0.98%;--awb-spacing-left-small:0.98%;\"><div class=\"fusion-column-wrapper fusion-column-has-shadow fusion-flex-justify-content-flex-start fusion-content-layout-column\"><div class=\"fusion-content-boxes content-boxes columns row fusion-columns-1 fusion-columns-total-6 fusion-content-boxes-1 content-boxes-timeline-vertical content-left content-boxes-timeline-layout content-boxes-icon-with-title fusion-delayed-animation\" style=\"--awb-hover-accent-color:var(--awb-color7);--awb-circle-hover-accent-color:var(--awb-color7);--awb-item-margin-bottom:40px;\" data-animation-delay=\"350\" data-animationOffset=\"top-into-view\"><div style=\"--awb-backgroundcolor:rgba(255,255,255,0);--awb-content-padding-left:46px;\" class=\"fusion-column content-box-column content-box-column content-box-column-1 col-lg-12 col-md-12 col-sm-12 fusion-content-box-hover content-box-column-last-in-row\"><div class=\"col content-box-wrapper content-wrapper link-area-box icon-hover-animation-none fusion-animated\" data-animationType=\"fadeIn\" data-animationDuration=\"0.25\" data-animationOffset=\"top-into-view\"><div class=\"heading heading-with-icon icon-left\"><div class=\"icon\" style=\"-webkit-animation-duration: 350ms;animation-duration: 350ms;\"><i style=\"border-color:var(--awb-color7);border-width:0px;background-color:var(--awb-color7);box-sizing:content-box;height:26px;width:26px;line-height:26px;border-radius:50%;font-size:13px;\" aria-hidden=\"true\" class=\"fontawesome-icon fa-bullseye fas circle-yes\"><\/i><\/div><h2 class=\"content-box-heading fusion-responsive-typography-calculated\" style=\"--h2_typography-font-size:30px;--fontSize:30;line-height:1.2;\">2025<\/h2><\/div><div class=\"fusion-clearfix\"><\/div><div class=\"content-container\">\n<ul>\n<li>Primer env\u00edo de <strong>40 toneladas<\/strong> de carbonato de litio a nuestros clientes.<\/li>\n<li>Primera exportaci\u00f3n a trav\u00e9s de <strong>Chile<\/strong>, un avance log\u00edstico estrat\u00e9gico.<\/li>\n<li>Se alcanzaron las primeras <strong>5.000 toneladas exportadas<\/strong>.<\/li>\n<\/ul>\n<\/div><div class=\"content-box-shortcode-timeline-vertical\" style=\"border-color:var(--awb-color7);left:28px;top:15px;-webkit-transition-duration: 350ms;animation-duration: 350ms;\"><\/div><\/div><\/div><div style=\"--awb-backgroundcolor:rgba(255,255,255,0);--awb-content-padding-left:46px;\" class=\"fusion-column content-box-column content-box-column content-box-column-2 col-lg-12 col-md-12 col-sm-12 fusion-content-box-hover content-box-column-last-in-row\"><div class=\"col content-box-wrapper content-wrapper link-area-box icon-hover-animation-none fusion-animated\" data-animationType=\"fadeIn\" data-animationDuration=\"0.25\" data-animationOffset=\"top-into-view\"><div class=\"heading heading-with-icon icon-left\"><div class=\"icon\" style=\"-webkit-animation-duration: 350ms;animation-duration: 350ms;\"><i style=\"border-color:var(--awb-color7);border-width:0px;background-color:var(--awb-color7);box-sizing:content-box;height:26px;width:26px;line-height:26px;border-radius:50%;font-size:13px;\" aria-hidden=\"true\" class=\"fontawesome-icon fa-bullseye fas circle-yes\"><\/i><\/div><h2 class=\"content-box-heading fusion-responsive-typography-calculated\" style=\"--h2_typography-font-size:30px;--fontSize:30;line-height:1.2;\">2024<\/h2><\/div><div class=\"fusion-clearfix\"><\/div><div class=\"content-container\">\n<ul>\n<li>Inicio de la producci\u00f3n <em>no comercial<\/em> de carbonato de litio, convirtiendo a Eramet Eramine en el <strong>primer productor de litio en Salta<\/strong>.<\/li>\n<li>Eramet recupera la propiedad total al adquirir el <strong>100%<\/strong> de las acciones de Eramine.<\/li>\n<li>Inauguraci\u00f3n de la planta con la presencia de autoridades locales, provinciales, nacionales e internacionales.<\/li>\n<\/ul>\n<\/div><div class=\"content-box-shortcode-timeline-vertical\" style=\"border-color:var(--awb-color7);left:28px;top:15px;-webkit-transition-duration: 350ms;animation-duration: 350ms;\"><\/div><\/div><\/div><div style=\"--awb-backgroundcolor:rgba(255,255,255,0);--awb-content-padding-left:46px;\" class=\"fusion-column content-box-column content-box-column content-box-column-3 col-lg-12 col-md-12 col-sm-12 fusion-content-box-hover content-box-column-last-in-row\"><div class=\"col content-box-wrapper content-wrapper link-area-box icon-hover-animation-none fusion-animated\" data-animationType=\"fadeIn\" data-animationDuration=\"0.25\" data-animationOffset=\"top-into-view\"><div class=\"heading heading-with-icon icon-left\"><div class=\"icon\" style=\"-webkit-animation-duration: 350ms;animation-duration: 350ms;\"><i style=\"border-color:var(--awb-color7);border-width:0px;background-color:var(--awb-color7);box-sizing:content-box;height:26px;width:26px;line-height:26px;border-radius:50%;font-size:13px;\" aria-hidden=\"true\" class=\"fontawesome-icon fa-bullseye fas circle-yes\"><\/i><\/div><h2 class=\"content-box-heading fusion-responsive-typography-calculated\" style=\"--h2_typography-font-size:30px;--fontSize:30;line-height:1.2;\">2022<\/h2><\/div><div class=\"fusion-clearfix\"><\/div><div class=\"content-container\">\n<ul>\n<li>Inicio de la construcci\u00f3n de la planta.<\/li>\n<li>Lanzamiento del proceso <a href=\"https:\/\/responsiblemining.net\/\" target=\"_blank\" rel=\"noopener\"><strong>IRMA (Initiative for Responsible Mining Assurance)<\/strong><\/a>, un est\u00e1ndar internacional dise\u00f1ado para evaluar operaciones mineras responsables.<\/li>\n<\/ul>\n<\/div><div class=\"content-box-shortcode-timeline-vertical\" style=\"border-color:var(--awb-color7);left:28px;top:15px;-webkit-transition-duration: 350ms;animation-duration: 350ms;\"><\/div><\/div><\/div><div style=\"--awb-backgroundcolor:rgba(255,255,255,0);--awb-content-padding-left:46px;\" class=\"fusion-column content-box-column content-box-column content-box-column-4 col-lg-12 col-md-12 col-sm-12 fusion-content-box-hover content-box-column-last-in-row\"><div class=\"col content-box-wrapper content-wrapper link-area-box icon-hover-animation-none fusion-animated\" data-animationType=\"fadeIn\" data-animationDuration=\"0.25\" data-animationOffset=\"top-into-view\"><div class=\"heading heading-with-icon icon-left\"><div class=\"icon\" style=\"-webkit-animation-duration: 350ms;animation-duration: 350ms;\"><i style=\"border-color:var(--awb-color7);border-width:0px;background-color:var(--awb-color7);box-sizing:content-box;height:26px;width:26px;line-height:26px;border-radius:50%;font-size:13px;\" aria-hidden=\"true\" class=\"fontawesome-icon fa-bullseye fas circle-yes\"><\/i><\/div><h2 class=\"content-box-heading fusion-responsive-typography-calculated\" style=\"--h2_typography-font-size:30px;--fontSize:30;line-height:1.2;\">2021<\/h2><\/div><div class=\"fusion-clearfix\"><\/div><div class=\"content-container\">\n<ul>\n<li>Confirmaci\u00f3n de la calidad de grado bater\u00eda del carbonato de litio producido en la planta piloto, con un <strong>nivel de eficiencia de extracci\u00f3n directa del 90%<\/strong>.<\/li>\n<li>Tsingshan, el grupo sider\u00fargico chino, adquiri\u00f3 el <strong>49,9%<\/strong> de Eramine Sudam\u00e9rica S.A., mientras que Eramet mantuvo una participaci\u00f3n mayoritaria del <strong>50,1%<\/strong>.<\/li>\n<\/ul>\n<\/div><div class=\"content-box-shortcode-timeline-vertical\" style=\"border-color:var(--awb-color7);left:28px;top:15px;-webkit-transition-duration: 350ms;animation-duration: 350ms;\"><\/div><\/div><\/div><div style=\"--awb-backgroundcolor:rgba(255,255,255,0);--awb-content-padding-left:46px;\" class=\"fusion-column content-box-column content-box-column content-box-column-5 col-lg-12 col-md-12 col-sm-12 fusion-content-box-hover content-box-column-last-in-row\"><div class=\"col content-box-wrapper content-wrapper link-area-box icon-hover-animation-none fusion-animated\" data-animationType=\"fadeIn\" data-animationDuration=\"0.25\" data-animationOffset=\"top-into-view\"><div class=\"heading heading-with-icon icon-left\"><div class=\"icon\" style=\"-webkit-animation-duration: 350ms;animation-duration: 350ms;\"><i style=\"border-color:var(--awb-color7);border-width:0px;background-color:var(--awb-color7);box-sizing:content-box;height:26px;width:26px;line-height:26px;border-radius:50%;font-size:13px;\" aria-hidden=\"true\" class=\"fontawesome-icon fa-bullseye fas circle-yes\"><\/i><\/div><h2 class=\"content-box-heading fusion-responsive-typography-calculated\" style=\"--h2_typography-font-size:30px;--fontSize:30;line-height:1.2;\">2019 - 2020<\/h2><\/div><div class=\"fusion-clearfix\"><\/div><div class=\"content-container\">\n<ul>\n<li>Puesta en marcha de una planta piloto a escala semi-industrial a 3.800 m.s.n.m para probar y optimizar el proceso de extracci\u00f3n de litio.<\/li>\n<li>El proyecto qued\u00f3 en pausa durante la pandemia de COVID\u201119, manteniendo las pruebas piloto, la capacitaci\u00f3n del equipo y las relaciones comunitarias.<\/li>\n<li>Obtenci\u00f3n del consentimiento de las comunidades locales mediante el proceso de <strong>Consentimiento Libre, Previo e Informado (CLPI)<\/strong>, conforme al Convenio 169 de la OIT.<\/li>\n<\/ul>\n<\/div><div class=\"content-box-shortcode-timeline-vertical\" style=\"border-color:var(--awb-color7);left:28px;top:15px;-webkit-transition-duration: 350ms;animation-duration: 350ms;\"><\/div><\/div><\/div><div style=\"--awb-backgroundcolor:rgba(255,255,255,0);--awb-content-padding-left:46px;\" class=\"fusion-column content-box-column content-box-column content-box-column-6 col-lg-12 col-md-12 col-sm-12 fusion-content-box-hover content-box-column-last content-box-column-last-in-row\"><div class=\"col content-box-wrapper content-wrapper link-area-box icon-hover-animation-none fusion-animated\" data-animationType=\"fadeIn\" data-animationDuration=\"0.25\" data-animationOffset=\"top-into-view\"><div class=\"heading heading-with-icon icon-left\"><div class=\"icon\" style=\"-webkit-animation-duration: 350ms;animation-duration: 350ms;\"><i style=\"border-color:var(--awb-color7);border-width:0px;background-color:var(--awb-color7);box-sizing:content-box;height:26px;width:26px;line-height:26px;border-radius:50%;font-size:13px;\" aria-hidden=\"true\" class=\"fontawesome-icon fa-bullseye fas circle-yes\"><\/i><\/div><h2 class=\"content-box-heading fusion-responsive-typography-calculated\" style=\"--h2_typography-font-size:30px;--fontSize:30;line-height:1.2;\">2010 - 2018<\/h2><\/div><div class=\"fusion-clearfix\"><\/div><div class=\"content-container\">\n<ul>\n<li>Creaci\u00f3n de Eramine Sudam\u00e9rica S.A., una filial <strong>100%<\/strong> del grupo Eramet.<\/li>\n<li>Acuerdo con REMSA, empresa estatal de la provincia de Salta, y adjudicaci\u00f3n de t\u00edtulos mineros.<\/li>\n<li>Confirmaci\u00f3n de la viabilidad del proyecto tras a\u00f1os de exploraci\u00f3n minera.<\/li>\n<\/ul>\n<\/div><div class=\"content-box-shortcode-timeline-vertical\" style=\"border-color:var(--awb-color7);left:28px;top:15px;-webkit-transition-duration: 350ms;animation-duration: 350ms;\"><\/div><\/div><\/div><div class=\"fusion-clearfix\"><\/div><\/div><\/div><\/div><\/div><\/div>\n","protected":false},"excerpt":{"rendered":"","protected":false},"author":4,"featured_media":0,"parent":53251,"menu_order":4,"comment_status":"closed","ping_status":"closed","template":"","meta":{"footnotes":""},"class_list":["post-53305","page","type-page","status-publish","hentry"],"yoast_head":"<!-- This site is optimized with the Yoast SEO plugin v26.8 - https:\/\/yoast.com\/product\/yoast-seo-wordpress\/ -->\n<title>Historia - Eramet Eramine<\/title>\n<meta name=\"robots\" content=\"index, follow, max-snippet:-1, max-image-preview:large, max-video-preview:-1\" \/>\n<link rel=\"canonical\" href=\"https:\/\/eramine.eramet.com\/es\/eramet-eramine\/historia\/\" \/>\n<meta property=\"og:locale\" content=\"es_ES\" \/>\n<meta property=\"og:type\" content=\"article\" \/>\n<meta property=\"og:title\" content=\"Historia - Eramet Eramine\" \/>\n<meta property=\"og:url\" content=\"https:\/\/eramine.eramet.com\/es\/eramet-eramine\/historia\/\" \/>\n<meta property=\"og:site_name\" content=\"Eramet Eramine\" \/>\n<meta property=\"article:modified_time\" content=\"2026-03-30T18:19:57+00:00\" \/>\n<meta name=\"twitter:card\" content=\"summary_large_image\" \/>\n<meta name=\"twitter:label1\" content=\"Tiempo de lectura\" \/>\n\t<meta name=\"twitter:data1\" content=\"2 minutos\" \/>\n<script type=\"application\/ld+json\" class=\"yoast-schema-graph\">{\"@context\":\"https:\/\/schema.org\",\"@graph\":[{\"@type\":\"WebPage\",\"@id\":\"https:\/\/eramine.eramet.com\/es\/eramet-eramine\/historia\/\",\"url\":\"https:\/\/eramine.eramet.com\/es\/eramet-eramine\/historia\/\",\"name\":\"Historia - Eramet Eramine\",\"isPartOf\":{\"@id\":\"https:\/\/eramine.eramet.com\/es\/#website\"},\"datePublished\":\"2024-11-15T14:23:21+00:00\",\"dateModified\":\"2026-03-30T18:19:57+00:00\",\"breadcrumb\":{\"@id\":\"https:\/\/eramine.eramet.com\/es\/eramet-eramine\/historia\/#breadcrumb\"},\"inLanguage\":\"es\",\"potentialAction\":[{\"@type\":\"ReadAction\",\"target\":[\"https:\/\/eramine.eramet.com\/es\/eramet-eramine\/historia\/\"]}]},{\"@type\":\"BreadcrumbList\",\"@id\":\"https:\/\/eramine.eramet.com\/es\/eramet-eramine\/historia\/#breadcrumb\",\"itemListElement\":[{\"@type\":\"ListItem\",\"position\":1,\"name\":\"Home\",\"item\":\"https:\/\/eramine.eramet.com\/es\/\"},{\"@type\":\"ListItem\",\"position\":2,\"name\":\"Acerca de nosotros\",\"item\":\"https:\/\/eramine.eramet.com\/es\/eramet-eramine\/\"},{\"@type\":\"ListItem\",\"position\":3,\"name\":\"Historia\"}]},{\"@type\":\"WebSite\",\"@id\":\"https:\/\/eramine.eramet.com\/es\/#website\",\"url\":\"https:\/\/eramine.eramet.com\/es\/\",\"name\":\"Eramet Eramine\",\"description\":\"\",\"potentialAction\":[{\"@type\":\"SearchAction\",\"target\":{\"@type\":\"EntryPoint\",\"urlTemplate\":\"https:\/\/eramine.eramet.com\/es\/?s={search_term_string}\"},\"query-input\":{\"@type\":\"PropertyValueSpecification\",\"valueRequired\":true,\"valueName\":\"search_term_string\"}}],\"inLanguage\":\"es\"}]}<\/script>\n<!-- \/ Yoast SEO plugin. -->","yoast_head_json":{"title":"Historia - Eramet Eramine","robots":{"index":"index","follow":"follow","max-snippet":"max-snippet:-1","max-image-preview":"max-image-preview:large","max-video-preview":"max-video-preview:-1"},"canonical":"https:\/\/eramine.eramet.com\/es\/eramet-eramine\/historia\/","og_locale":"es_ES","og_type":"article","og_title":"Historia - Eramet Eramine","og_url":"https:\/\/eramine.eramet.com\/es\/eramet-eramine\/historia\/","og_site_name":"Eramet Eramine","article_modified_time":"2026-03-30T18:19:57+00:00","twitter_card":"summary_large_image","twitter_misc":{"Tiempo de lectura":"2 minutos"},"schema":{"@context":"https:\/\/schema.org","@graph":[{"@type":"WebPage","@id":"https:\/\/eramine.eramet.com\/es\/eramet-eramine\/historia\/","url":"https:\/\/eramine.eramet.com\/es\/eramet-eramine\/historia\/","name":"Historia - Eramet Eramine","isPartOf":{"@id":"https:\/\/eramine.eramet.com\/es\/#website"},"datePublished":"2024-11-15T14:23:21+00:00","dateModified":"2026-03-30T18:19:57+00:00","breadcrumb":{"@id":"https:\/\/eramine.eramet.com\/es\/eramet-eramine\/historia\/#breadcrumb"},"inLanguage":"es","potentialAction":[{"@type":"ReadAction","target":["https:\/\/eramine.eramet.com\/es\/eramet-eramine\/historia\/"]}]},{"@type":"BreadcrumbList","@id":"https:\/\/eramine.eramet.com\/es\/eramet-eramine\/historia\/#breadcrumb","itemListElement":[{"@type":"ListItem","position":1,"name":"Home","item":"https:\/\/eramine.eramet.com\/es\/"},{"@type":"ListItem","position":2,"name":"Acerca de nosotros","item":"https:\/\/eramine.eramet.com\/es\/eramet-eramine\/"},{"@type":"ListItem","position":3,"name":"Historia"}]},{"@type":"WebSite","@id":"https:\/\/eramine.eramet.com\/es\/#website","url":"https:\/\/eramine.eramet.com\/es\/","name":"Eramet Eramine","description":"","potentialAction":[{"@type":"SearchAction","target":{"@type":"EntryPoint","urlTemplate":"https:\/\/eramine.eramet.com\/es\/?s={search_term_string}"},"query-input":{"@type":"PropertyValueSpecification","valueRequired":true,"valueName":"search_term_string"}}],"inLanguage":"es"}]}},"acf":[],"_links":{"self":[{"href":"https:\/\/eramine.eramet.com\/es\/wp-json\/wp\/v2\/pages\/53305","targetHints":{"allow":["GET"]}}],"collection":[{"href":"https:\/\/eramine.eramet.com\/es\/wp-json\/wp\/v2\/pages"}],"about":[{"href":"https:\/\/eramine.eramet.com\/es\/wp-json\/wp\/v2\/types\/page"}],"author":[{"embeddable":true,"href":"https:\/\/eramine.eramet.com\/es\/wp-json\/wp\/v2\/users\/4"}],"replies":[{"embeddable":true,"href":"https:\/\/eramine.eramet.com\/es\/wp-json\/wp\/v2\/comments?post=53305"}],"version-history":[{"count":5,"href":"https:\/\/eramine.eramet.com\/es\/wp-json\/wp\/v2\/pages\/53305\/revisions"}],"predecessor-version":[{"id":53504,"href":"https:\/\/eramine.eramet.com\/es\/wp-json\/wp\/v2\/pages\/53305\/revisions\/53504"}],"up":[{"embeddable":true,"href":"https:\/\/eramine.eramet.com\/es\/wp-json\/wp\/v2\/pages\/53251"}],"wp:attachment":[{"href":"https:\/\/eramine.eramet.com\/es\/wp-json\/wp\/v2\/media?parent=53305"}],"curies":[{"name":"wp","href":"https:\/\/api.w.org\/{rel}","templated":true}]}}