{"id":53335,"date":"2025-04-24T11:08:01","date_gmt":"2025-04-24T14:08:01","guid":{"rendered":"https:\/\/eramine.eramet.ovh\/actividades\/quality\/"},"modified":"2026-04-16T07:10:57","modified_gmt":"2026-04-16T10:10:57","slug":"calidad","status":"publish","type":"page","link":"https:\/\/eramine.eramet.com\/es\/actividades\/calidad\/","title":{"rendered":"Calidad"},"content":{"rendered":"<div class=\"fusion-fullwidth fullwidth-box fusion-builder-row-1 fusion-flex-container has-pattern-background has-mask-background nonhundred-percent-fullwidth non-hundred-percent-height-scrolling\" style=\"--awb-border-radius-top-left:0px;--awb-border-radius-top-right:0px;--awb-border-radius-bottom-right:0px;--awb-border-radius-bottom-left:0px;--awb-flex-wrap:wrap;\" ><div class=\"fusion-builder-row fusion-row fusion-flex-align-items-stretch fusion-flex-justify-content-center fusion-flex-content-wrap\" style=\"max-width:1468.8px;margin-left: calc(-2% \/ 2 );margin-right: calc(-2% \/ 2 );\"><div class=\"fusion-layout-column fusion_builder_column fusion-builder-column-0 fusion_builder_column_1_2 1_2 fusion-flex-column\" style=\"--awb-bg-size:cover;--awb-width-large:50%;--awb-margin-top-large:0px;--awb-spacing-right-large:1.96%;--awb-margin-bottom-large:20px;--awb-spacing-left-large:1.96%;--awb-width-medium:50%;--awb-order-medium:0;--awb-spacing-right-medium:1.96%;--awb-spacing-left-medium:1.96%;--awb-width-small:100%;--awb-order-small:0;--awb-spacing-right-small:0.98%;--awb-spacing-left-small:0.98%;\"><div class=\"fusion-column-wrapper fusion-column-has-shadow fusion-flex-justify-content-flex-start fusion-content-layout-column\"><div class=\"fusion-text fusion-text-1\"><h2 data-fontsize=\"30\" style=\"--fontSize: 30;line-height: 1.2\" data-lineheight=\"36px\" class=\"fusion-responsive-typography-calculated\">La calidad impulsa nuestra producci\u00f3n<\/h2>\n<p>Estamos comprometidos a entregar un producto de calidad bater\u00eda.<br \/>Nuestros procesos se rigen por estrictas normas ambientales y energ\u00e9ticas, lo que garantiza que cumplamos \u2014e incluso superemos\u2014 los requisitos regulatorios, mientras ofrecemos carbonato de litio de clase mundial.<\/p>\n<p>Nuestro laboratorio en Sitio controla cada punto del proceso para asegurar la calidad bater\u00eda del carbonato de litio, gracias al uso de equipos de alta tecnolog\u00eda.<\/p>\n<p>Nuestro equipo de <strong>20 especialistas de laboratorio<\/strong> realiza alrededor de <strong>1.500 an\u00e1lisis por d\u00eda<\/strong>, utilizando <strong>5 tipos de t\u00e9cnicas anal\u00edticas<\/strong>.<\/p>\n<\/div><\/div><\/div><div class=\"fusion-layout-column fusion_builder_column fusion-builder-column-1 fusion_builder_column_1_2 1_2 fusion-flex-column\" style=\"--awb-bg-size:cover;--awb-width-large:50%;--awb-margin-top-large:0px;--awb-spacing-right-large:1.96%;--awb-margin-bottom-large:20px;--awb-spacing-left-large:1.96%;--awb-width-medium:50%;--awb-order-medium:0;--awb-spacing-right-medium:1.96%;--awb-spacing-left-medium:1.96%;--awb-width-small:100%;--awb-order-small:0;--awb-spacing-right-small:0.98%;--awb-spacing-left-small:0.98%;\"><div class=\"fusion-column-wrapper fusion-column-has-shadow fusion-flex-justify-content-flex-start fusion-content-layout-column\"><div class=\"fusion-image-element \" style=\"text-align:center;--awb-caption-title-font-family:var(--h2_typography-font-family);--awb-caption-title-font-weight:var(--h2_typography-font-weight);--awb-caption-title-font-style:var(--h2_typography-font-style);--awb-caption-title-size:var(--h2_typography-font-size);--awb-caption-title-transform:var(--h2_typography-text-transform);--awb-caption-title-line-height:var(--h2_typography-line-height);--awb-caption-title-letter-spacing:var(--h2_typography-letter-spacing);\"><span class=\" fusion-imageframe imageframe-none imageframe-1 hover-type-none\"><img decoding=\"async\" width=\"800\" height=\"450\" title=\"2025-07-15-Eramet-Eramine-laboratory\" src=\"https:\/\/eramine.eramet.com\/wp-content\/uploads\/sites\/23\/2026\/02\/2025-07-15-Eramet-Eramine-laboratory.jpg\" data-orig-src=\"https:\/\/eramine.eramet.com\/wp-content\/uploads\/sites\/23\/2026\/02\/2025-07-15-Eramet-Eramine-laboratory-800x450.jpg\" alt class=\"lazyload img-responsive wp-image-53165\" srcset=\"data:image\/svg+xml,%3Csvg%20xmlns%3D%27http%3A%2F%2Fwww.w3.org%2F2000%2Fsvg%27%20width%3D%271920%27%20height%3D%271080%27%20viewBox%3D%270%200%201920%201080%27%3E%3Crect%20width%3D%271920%27%20height%3D%271080%27%20fill-opacity%3D%220%22%2F%3E%3C%2Fsvg%3E\" data-srcset=\"https:\/\/eramine.eramet.com\/wp-content\/uploads\/sites\/23\/2026\/02\/2025-07-15-Eramet-Eramine-laboratory-200x113.jpg 200w, https:\/\/eramine.eramet.com\/wp-content\/uploads\/sites\/23\/2026\/02\/2025-07-15-Eramet-Eramine-laboratory-400x225.jpg 400w, https:\/\/eramine.eramet.com\/wp-content\/uploads\/sites\/23\/2026\/02\/2025-07-15-Eramet-Eramine-laboratory-600x338.jpg 600w, https:\/\/eramine.eramet.com\/wp-content\/uploads\/sites\/23\/2026\/02\/2025-07-15-Eramet-Eramine-laboratory-800x450.jpg 800w, https:\/\/eramine.eramet.com\/wp-content\/uploads\/sites\/23\/2026\/02\/2025-07-15-Eramet-Eramine-laboratory-1200x675.jpg 1200w, https:\/\/eramine.eramet.com\/wp-content\/uploads\/sites\/23\/2026\/02\/2025-07-15-Eramet-Eramine-laboratory.jpg 1920w\" data-sizes=\"auto\" data-orig-sizes=\"(max-width: 640px) 100vw, 800px\" \/><\/span><\/div><\/div><\/div><div class=\"fusion-layout-column fusion_builder_column fusion-builder-column-2 fusion_builder_column_1_1 1_1 fusion-flex-column\" style=\"--awb-padding-right:20%;--awb-bg-size:cover;--awb-width-large:100%;--awb-margin-top-large:0px;--awb-spacing-right-large:0.98%;--awb-margin-bottom-large:20px;--awb-spacing-left-large:0.98%;--awb-width-medium:100%;--awb-order-medium:0;--awb-spacing-right-medium:0.98%;--awb-spacing-left-medium:0.98%;--awb-width-small:100%;--awb-order-small:0;--awb-spacing-right-small:0.98%;--awb-spacing-left-small:0.98%;\"><div class=\"fusion-column-wrapper fusion-column-has-shadow fusion-flex-justify-content-flex-start fusion-content-layout-column\"><div class=\"fusion-text fusion-text-2\"><h2>Excelencia Operacional<\/h2>\n<p>Implementamos el <strong>Eramet Production System<\/strong>, un sistema de gesti\u00f3n integrado para operaciones de producci\u00f3n y mantenimiento, basado en las mejores pr\u00e1cticas de la industria minera y metal\u00fargica, y respaldado por tecnolog\u00edas avanzadas y sistemas de control modernos.<\/p>\n<p>Este sistema busca reducir la variabilidad del proceso y mejorar de manera continua el rendimiento operativo. Al mismo tiempo, proporciona un marco de buenas pr\u00e1cticas que gu\u00eda el comportamiento de los equipos operativos, garantizando altos est\u00e1ndares de seguridad y promoviendo un liderazgo eficaz con impacto directo en la mejora continua de los procesos de gesti\u00f3n.<\/p>\n<p>A trav\u00e9s de este enfoque, el Eramet Production System permite identificar y gestionar brechas de rendimiento, reducir todo tipo de desperdicios y asegurar la entrega constante de productos de alta calidad a nuestros clientes.<\/p>\n<\/div><\/div><\/div><div class=\"fusion-layout-column fusion_builder_column fusion-builder-column-3 fusion_builder_column_1_1 1_1 fusion-flex-column\" style=\"--awb-padding-right:20%;--awb-bg-size:cover;--awb-width-large:100%;--awb-margin-top-large:0px;--awb-spacing-right-large:0.98%;--awb-margin-bottom-large:20px;--awb-spacing-left-large:0.98%;--awb-width-medium:100%;--awb-order-medium:0;--awb-spacing-right-medium:0.98%;--awb-spacing-left-medium:0.98%;--awb-width-small:100%;--awb-order-small:0;--awb-spacing-right-small:0.98%;--awb-spacing-left-small:0.98%;\"><div class=\"fusion-column-wrapper fusion-column-has-shadow fusion-flex-justify-content-flex-start fusion-content-layout-column\"><div class=\"fusion-text fusion-text-3\"><h2 data-fontsize=\"30\" style=\"--fontSize: 30;line-height: 1.2\" data-lineheight=\"36px\" class=\"fusion-responsive-typography-calculated\">Mejora Continua<\/h2>\n<p>Mediante la colaboraci\u00f3n con <strong>Eramet Ideas<\/strong> y la adopci\u00f3n de mejores pr\u00e1cticas, Eramine fomenta una cultura de innovaci\u00f3n y responsabilidad. Estos esfuerzos garantizan que nuestros productos no solo cumplan las especificaciones t\u00e9cnicas, sino que tambi\u00e9n est\u00e9n alineados con nuestros objetivos de sostenibilidad.<\/p>\n<p>El compromiso de Eramet Eramine con la calidad fortalece a la industria downstream, permiti\u00e9ndole desarrollar productos para la transici\u00f3n energ\u00e9tica que sean m\u00e1s robustos y sostenibles, a la vez que se protege el ambiente.<\/p>\n<\/div><\/div><\/div><\/div><\/div>\n","protected":false},"excerpt":{"rendered":"","protected":false},"author":4,"featured_media":0,"parent":53311,"menu_order":6,"comment_status":"closed","ping_status":"closed","template":"","meta":{"footnotes":""},"class_list":["post-53335","page","type-page","status-publish","hentry"],"yoast_head":"<!-- This site is optimized with the Yoast SEO plugin v26.8 - https:\/\/yoast.com\/product\/yoast-seo-wordpress\/ -->\n<title>Calidad - Eramet Eramine<\/title>\n<meta name=\"robots\" content=\"index, follow, max-snippet:-1, max-image-preview:large, max-video-preview:-1\" \/>\n<link rel=\"canonical\" href=\"https:\/\/eramine.eramet.com\/es\/actividades\/calidad\/\" \/>\n<meta property=\"og:locale\" content=\"es_ES\" \/>\n<meta property=\"og:type\" content=\"article\" \/>\n<meta property=\"og:title\" content=\"Calidad - Eramet Eramine\" \/>\n<meta property=\"og:url\" content=\"https:\/\/eramine.eramet.com\/es\/actividades\/calidad\/\" \/>\n<meta property=\"og:site_name\" content=\"Eramet Eramine\" \/>\n<meta property=\"article:modified_time\" content=\"2026-04-16T10:10:57+00:00\" \/>\n<meta name=\"twitter:card\" content=\"summary_large_image\" \/>\n<meta name=\"twitter:label1\" content=\"Tiempo de lectura\" \/>\n\t<meta name=\"twitter:data1\" content=\"2 minutos\" \/>\n<script type=\"application\/ld+json\" class=\"yoast-schema-graph\">{\"@context\":\"https:\/\/schema.org\",\"@graph\":[{\"@type\":\"WebPage\",\"@id\":\"https:\/\/eramine.eramet.com\/es\/actividades\/calidad\/\",\"url\":\"https:\/\/eramine.eramet.com\/es\/actividades\/calidad\/\",\"name\":\"Calidad - Eramet Eramine\",\"isPartOf\":{\"@id\":\"https:\/\/eramine.eramet.com\/es\/#website\"},\"datePublished\":\"2025-04-24T14:08:01+00:00\",\"dateModified\":\"2026-04-16T10:10:57+00:00\",\"breadcrumb\":{\"@id\":\"https:\/\/eramine.eramet.com\/es\/actividades\/calidad\/#breadcrumb\"},\"inLanguage\":\"es\",\"potentialAction\":[{\"@type\":\"ReadAction\",\"target\":[\"https:\/\/eramine.eramet.com\/es\/actividades\/calidad\/\"]}]},{\"@type\":\"BreadcrumbList\",\"@id\":\"https:\/\/eramine.eramet.com\/es\/actividades\/calidad\/#breadcrumb\",\"itemListElement\":[{\"@type\":\"ListItem\",\"position\":1,\"name\":\"Home\",\"item\":\"https:\/\/eramine.eramet.com\/es\/\"},{\"@type\":\"ListItem\",\"position\":2,\"name\":\"Actividades\",\"item\":\"https:\/\/eramine.eramet.com\/es\/actividades\/\"},{\"@type\":\"ListItem\",\"position\":3,\"name\":\"Calidad\"}]},{\"@type\":\"WebSite\",\"@id\":\"https:\/\/eramine.eramet.com\/es\/#website\",\"url\":\"https:\/\/eramine.eramet.com\/es\/\",\"name\":\"Eramet Eramine\",\"description\":\"\",\"potentialAction\":[{\"@type\":\"SearchAction\",\"target\":{\"@type\":\"EntryPoint\",\"urlTemplate\":\"https:\/\/eramine.eramet.com\/es\/?s={search_term_string}\"},\"query-input\":{\"@type\":\"PropertyValueSpecification\",\"valueRequired\":true,\"valueName\":\"search_term_string\"}}],\"inLanguage\":\"es\"}]}<\/script>\n<!-- \/ Yoast SEO plugin. -->","yoast_head_json":{"title":"Calidad - Eramet Eramine","robots":{"index":"index","follow":"follow","max-snippet":"max-snippet:-1","max-image-preview":"max-image-preview:large","max-video-preview":"max-video-preview:-1"},"canonical":"https:\/\/eramine.eramet.com\/es\/actividades\/calidad\/","og_locale":"es_ES","og_type":"article","og_title":"Calidad - Eramet Eramine","og_url":"https:\/\/eramine.eramet.com\/es\/actividades\/calidad\/","og_site_name":"Eramet Eramine","article_modified_time":"2026-04-16T10:10:57+00:00","twitter_card":"summary_large_image","twitter_misc":{"Tiempo de lectura":"2 minutos"},"schema":{"@context":"https:\/\/schema.org","@graph":[{"@type":"WebPage","@id":"https:\/\/eramine.eramet.com\/es\/actividades\/calidad\/","url":"https:\/\/eramine.eramet.com\/es\/actividades\/calidad\/","name":"Calidad - Eramet Eramine","isPartOf":{"@id":"https:\/\/eramine.eramet.com\/es\/#website"},"datePublished":"2025-04-24T14:08:01+00:00","dateModified":"2026-04-16T10:10:57+00:00","breadcrumb":{"@id":"https:\/\/eramine.eramet.com\/es\/actividades\/calidad\/#breadcrumb"},"inLanguage":"es","potentialAction":[{"@type":"ReadAction","target":["https:\/\/eramine.eramet.com\/es\/actividades\/calidad\/"]}]},{"@type":"BreadcrumbList","@id":"https:\/\/eramine.eramet.com\/es\/actividades\/calidad\/#breadcrumb","itemListElement":[{"@type":"ListItem","position":1,"name":"Home","item":"https:\/\/eramine.eramet.com\/es\/"},{"@type":"ListItem","position":2,"name":"Actividades","item":"https:\/\/eramine.eramet.com\/es\/actividades\/"},{"@type":"ListItem","position":3,"name":"Calidad"}]},{"@type":"WebSite","@id":"https:\/\/eramine.eramet.com\/es\/#website","url":"https:\/\/eramine.eramet.com\/es\/","name":"Eramet Eramine","description":"","potentialAction":[{"@type":"SearchAction","target":{"@type":"EntryPoint","urlTemplate":"https:\/\/eramine.eramet.com\/es\/?s={search_term_string}"},"query-input":{"@type":"PropertyValueSpecification","valueRequired":true,"valueName":"search_term_string"}}],"inLanguage":"es"}]}},"acf":[],"_links":{"self":[{"href":"https:\/\/eramine.eramet.com\/es\/wp-json\/wp\/v2\/pages\/53335","targetHints":{"allow":["GET"]}}],"collection":[{"href":"https:\/\/eramine.eramet.com\/es\/wp-json\/wp\/v2\/pages"}],"about":[{"href":"https:\/\/eramine.eramet.com\/es\/wp-json\/wp\/v2\/types\/page"}],"author":[{"embeddable":true,"href":"https:\/\/eramine.eramet.com\/es\/wp-json\/wp\/v2\/users\/4"}],"replies":[{"embeddable":true,"href":"https:\/\/eramine.eramet.com\/es\/wp-json\/wp\/v2\/comments?post=53335"}],"version-history":[{"count":6,"href":"https:\/\/eramine.eramet.com\/es\/wp-json\/wp\/v2\/pages\/53335\/revisions"}],"predecessor-version":[{"id":53547,"href":"https:\/\/eramine.eramet.com\/es\/wp-json\/wp\/v2\/pages\/53335\/revisions\/53547"}],"up":[{"embeddable":true,"href":"https:\/\/eramine.eramet.com\/es\/wp-json\/wp\/v2\/pages\/53311"}],"wp:attachment":[{"href":"https:\/\/eramine.eramet.com\/es\/wp-json\/wp\/v2\/media?parent=53335"}],"curies":[{"name":"wp","href":"https:\/\/api.w.org\/{rel}","templated":true}]}}