{"id":53343,"date":"2024-12-10T13:59:28","date_gmt":"2024-12-10T16:59:28","guid":{"rendered":"https:\/\/eramine.eramet.ovh\/actividades\/products-market\/"},"modified":"2026-03-30T15:56:34","modified_gmt":"2026-03-30T18:56:34","slug":"productos-mercado","status":"publish","type":"page","link":"https:\/\/eramine.eramet.com\/es\/actividades\/productos-mercado\/","title":{"rendered":"Productos y mercado"},"content":{"rendered":"<div class=\"fusion-fullwidth fullwidth-box fusion-builder-row-1 fusion-flex-container has-pattern-background has-mask-background nonhundred-percent-fullwidth non-hundred-percent-height-scrolling\" style=\"--awb-border-radius-top-left:0px;--awb-border-radius-top-right:0px;--awb-border-radius-bottom-right:0px;--awb-border-radius-bottom-left:0px;--awb-flex-wrap:wrap;\" ><div class=\"fusion-builder-row fusion-row fusion-flex-align-items-stretch fusion-flex-justify-content-center fusion-flex-content-wrap\" style=\"max-width:1468.8px;margin-left: calc(-2% \/ 2 );margin-right: calc(-2% \/ 2 );\"><div class=\"fusion-layout-column fusion_builder_column fusion-builder-column-0 fusion_builder_column_1_1 1_1 fusion-flex-column\" style=\"--awb-padding-right:20%;--awb-padding-right-medium:0px;--awb-bg-size:cover;--awb-width-large:100%;--awb-margin-top-large:0px;--awb-spacing-right-large:0.98%;--awb-margin-bottom-large:20px;--awb-spacing-left-large:0.98%;--awb-width-medium:100%;--awb-order-medium:0;--awb-spacing-right-medium:0.98%;--awb-spacing-left-medium:0.98%;--awb-width-small:100%;--awb-order-small:0;--awb-spacing-right-small:0.98%;--awb-spacing-left-small:0.98%;\"><div class=\"fusion-column-wrapper fusion-column-has-shadow fusion-flex-justify-content-flex-start fusion-content-layout-column\"><div class=\"fusion-text fusion-text-1\"><p>Tenemos la capacidad de producir carbonato de litio de alta calidad, apto para bater\u00edas, para el mercado global. Desde la extracci\u00f3n hasta la entrega final, estamos comprometidos con una cadena de valor responsable que respete los <strong><a href=\"https:\/\/eramine.eramet.com\/es\/compromisos\/derechos-humanos\/\">derechos humanos<\/a><\/strong> y proteja el <a href=\"https:\/\/eramine.eramet.com\/es\/compromisos\/medio-ambiente\/\"><strong>medio ambiente<\/strong><\/a>.<\/p>\n<p>Nuestro carbonato de litio se produce bajo los m\u00e1s altos est\u00e1ndares ESG, que abarcan la <a href=\"https:\/\/eramine.eramet.com\/es\/compromisos\/salud-seguridad\/\">seguridad<\/a>, la <a href=\"https:\/\/eramine.eramet.com\/es\/compromisos\/medio-ambiente\/\">gesti\u00f3n ambiental <\/a>y la <a href=\"https:\/\/eramine.eramet.com\/es\/compromisos\/rsc-contributiva\/\">responsabilidad social<\/a>. Un sistema energ\u00e9tico h\u00edbrido, que incluye una planta solar de 300 kW, contribuye a reducir la huella de carbono de nuestras operaciones.  <\/p>\n<p><span>A plena capacidad, produciremos <\/span><strong>24.000 toneladas de carbonato de litio de calidad bater\u00eda por a\u00f1o<\/strong><span>.<\/span><\/p>\n<\/div><\/div><\/div><div class=\"fusion-layout-column fusion_builder_column fusion-builder-column-1 fusion_builder_column_1_2 1_2 fusion-flex-column\" style=\"--awb-bg-size:cover;--awb-width-large:50%;--awb-margin-top-large:0px;--awb-spacing-right-large:1.96%;--awb-margin-bottom-large:50px;--awb-spacing-left-large:1.96%;--awb-width-medium:50%;--awb-order-medium:0;--awb-spacing-right-medium:1.96%;--awb-spacing-left-medium:1.96%;--awb-width-small:100%;--awb-order-small:0;--awb-spacing-right-small:0.98%;--awb-spacing-left-small:0.98%;\"><div class=\"fusion-column-wrapper fusion-column-has-shadow fusion-flex-justify-content-flex-start fusion-content-layout-column\"><div class=\"fusion-text fusion-text-2\"><h2>El litio: un metal estrat\u00e9gico para la transici\u00f3n energ\u00e9tica<\/h2>\n<p>El litio es uno de los metales clave utilizados en la fabricaci\u00f3n de bater\u00edas. Seg\u00fan la Agencia Internacional de Energ\u00eda (IEA), la demanda global podr\u00eda crecer entre cuatro y seis veces para 2030, alcanzando una producci\u00f3n anual de <strong>500.000 toneladas<\/strong>.<\/p>\n<p>Junto con el n\u00edquel y el cobalto, el litio es uno de los tres elementos esenciales en las bater\u00edas de veh\u00edculos el\u00e9ctricos (EV) y una pieza central de la transici\u00f3n energ\u00e9tica. El Grupo Eramet contribuye a esta transformaci\u00f3n produciendo <strong>litio en Argentina<\/strong>, <strong>n\u00edquel en Indonesia<\/strong> y <strong>manganeso en Gab\u00f3n<\/strong>, todos materiales cr\u00edticos para las bater\u00edas de ion-litio que impulsan veh\u00edculos el\u00e9ctricos en todo el mundo.<\/p>\n<\/div><div style=\"text-align:left;\"><a class=\"fusion-button button-flat fusion-button-default-size button-custom fusion-button-default button-1 fusion-button-default-span fusion-button-default-type CTA-arrow fusion-has-button-gradient\" style=\"--button_accent_color:var(--awb-color7);--button_accent_hover_color:var(--awb-color3);--button_border_hover_color:var(--awb-color7);--button_border_width-top:0;--button_border_width-right:0;--button_border_width-bottom:0;--button_border_width-left:0;--button-border-radius-top-left:0;--button-border-radius-top-right:0;--button-border-radius-bottom-right:0;--button-border-radius-bottom-left:0;--button_gradient_angle:180deg;--button_gradient_top_color:var(--awb-custom_color_7);--button_gradient_bottom_color:var(--awb-custom_color_7);--button_gradient_top_color_hover:rgba(226,226,226,0);--button_gradient_bottom_color_hover:var(--awb-custom_color_3);--button_font_size:16px;--button_padding-right:70px;--button_padding-left:0px;--button_margin-top:30px;\" target=\"_blank\" rel=\"noopener noreferrer\" href=\"https:\/\/www.eramet.com\/es\/actividades\/productos\/litio\/\"><span class=\"fusion-button-text\">VER M\u00c1S DETALLES EN ERAMET.COM<\/span><\/a><\/div><\/div><\/div><div class=\"fusion-layout-column fusion_builder_column fusion-builder-column-2 fusion_builder_column_1_2 1_2 fusion-flex-column block-16-9\" style=\"--awb-overflow:hidden;--awb-bg-position:center center;--awb-bg-size:cover;--awb-border-radius:10px 10px 10px 10px;--awb-width-large:50%;--awb-margin-top-large:0px;--awb-spacing-right-large:1.96%;--awb-margin-bottom-large:50px;--awb-spacing-left-large:1.96%;--awb-width-medium:50%;--awb-order-medium:0;--awb-spacing-right-medium:1.96%;--awb-spacing-left-medium:1.96%;--awb-width-small:100%;--awb-order-small:0;--awb-spacing-right-small:0.98%;--awb-spacing-left-small:0.98%;\"><div class=\"fusion-column-wrapper fusion-column-has-shadow fusion-flex-justify-content-flex-start fusion-content-layout-column\"><div class=\"fusion-image-element \" style=\"--awb-caption-title-font-family:var(--h2_typography-font-family);--awb-caption-title-font-weight:var(--h2_typography-font-weight);--awb-caption-title-font-style:var(--h2_typography-font-style);--awb-caption-title-size:var(--h2_typography-font-size);--awb-caption-title-transform:var(--h2_typography-text-transform);--awb-caption-title-line-height:var(--h2_typography-line-height);--awb-caption-title-letter-spacing:var(--h2_typography-letter-spacing);\"><span class=\" fusion-imageframe imageframe-none imageframe-1 hover-type-none\"><img decoding=\"async\" width=\"800\" height=\"450\" title=\"Evento-Eramine-back-15\" src=\"https:\/\/eramine.eramet.com\/wp-content\/uploads\/sites\/23\/2026\/03\/Evento-Eramine-back-15.jpg\" data-orig-src=\"https:\/\/eramine.eramet.com\/wp-content\/uploads\/sites\/23\/2026\/03\/Evento-Eramine-back-15-800x450.jpg\" alt class=\"lazyload img-responsive wp-image-53223\" srcset=\"data:image\/svg+xml,%3Csvg%20xmlns%3D%27http%3A%2F%2Fwww.w3.org%2F2000%2Fsvg%27%20width%3D%271920%27%20height%3D%271080%27%20viewBox%3D%270%200%201920%201080%27%3E%3Crect%20width%3D%271920%27%20height%3D%271080%27%20fill-opacity%3D%220%22%2F%3E%3C%2Fsvg%3E\" data-srcset=\"https:\/\/eramine.eramet.com\/wp-content\/uploads\/sites\/23\/2026\/03\/Evento-Eramine-back-15-200x113.jpg 200w, https:\/\/eramine.eramet.com\/wp-content\/uploads\/sites\/23\/2026\/03\/Evento-Eramine-back-15-400x225.jpg 400w, https:\/\/eramine.eramet.com\/wp-content\/uploads\/sites\/23\/2026\/03\/Evento-Eramine-back-15-600x338.jpg 600w, https:\/\/eramine.eramet.com\/wp-content\/uploads\/sites\/23\/2026\/03\/Evento-Eramine-back-15-800x450.jpg 800w, https:\/\/eramine.eramet.com\/wp-content\/uploads\/sites\/23\/2026\/03\/Evento-Eramine-back-15-1200x675.jpg 1200w, https:\/\/eramine.eramet.com\/wp-content\/uploads\/sites\/23\/2026\/03\/Evento-Eramine-back-15.jpg 1920w\" data-sizes=\"auto\" data-orig-sizes=\"(max-width: 640px) 100vw, 800px\" \/><\/span><\/div><\/div><\/div><\/div><\/div>\n","protected":false},"excerpt":{"rendered":"","protected":false},"author":4,"featured_media":0,"parent":53311,"menu_order":5,"comment_status":"closed","ping_status":"closed","template":"","meta":{"footnotes":""},"class_list":["post-53343","page","type-page","status-publish","hentry"],"yoast_head":"<!-- This site is optimized with the Yoast SEO plugin v26.8 - https:\/\/yoast.com\/product\/yoast-seo-wordpress\/ -->\n<title>Productos y mercado - Eramet Eramine<\/title>\n<meta name=\"robots\" content=\"index, follow, max-snippet:-1, max-image-preview:large, max-video-preview:-1\" \/>\n<link rel=\"canonical\" href=\"https:\/\/eramine.eramet.com\/es\/actividades\/productos-mercado\/\" \/>\n<meta property=\"og:locale\" content=\"es_ES\" \/>\n<meta property=\"og:type\" content=\"article\" \/>\n<meta property=\"og:title\" content=\"Productos y mercado - Eramet Eramine\" \/>\n<meta property=\"og:url\" content=\"https:\/\/eramine.eramet.com\/es\/actividades\/productos-mercado\/\" \/>\n<meta property=\"og:site_name\" content=\"Eramet Eramine\" \/>\n<meta property=\"article:modified_time\" content=\"2026-03-30T18:56:34+00:00\" \/>\n<meta name=\"twitter:card\" content=\"summary_large_image\" \/>\n<meta name=\"twitter:label1\" content=\"Tiempo de lectura\" \/>\n\t<meta name=\"twitter:data1\" content=\"2 minutos\" \/>\n<script type=\"application\/ld+json\" class=\"yoast-schema-graph\">{\"@context\":\"https:\/\/schema.org\",\"@graph\":[{\"@type\":\"WebPage\",\"@id\":\"https:\/\/eramine.eramet.com\/es\/actividades\/productos-mercado\/\",\"url\":\"https:\/\/eramine.eramet.com\/es\/actividades\/productos-mercado\/\",\"name\":\"Productos y mercado - Eramet Eramine\",\"isPartOf\":{\"@id\":\"https:\/\/eramine.eramet.com\/es\/#website\"},\"datePublished\":\"2024-12-10T16:59:28+00:00\",\"dateModified\":\"2026-03-30T18:56:34+00:00\",\"breadcrumb\":{\"@id\":\"https:\/\/eramine.eramet.com\/es\/actividades\/productos-mercado\/#breadcrumb\"},\"inLanguage\":\"es\",\"potentialAction\":[{\"@type\":\"ReadAction\",\"target\":[\"https:\/\/eramine.eramet.com\/es\/actividades\/productos-mercado\/\"]}]},{\"@type\":\"BreadcrumbList\",\"@id\":\"https:\/\/eramine.eramet.com\/es\/actividades\/productos-mercado\/#breadcrumb\",\"itemListElement\":[{\"@type\":\"ListItem\",\"position\":1,\"name\":\"Home\",\"item\":\"https:\/\/eramine.eramet.com\/es\/\"},{\"@type\":\"ListItem\",\"position\":2,\"name\":\"Actividades\",\"item\":\"https:\/\/eramine.eramet.com\/es\/actividades\/\"},{\"@type\":\"ListItem\",\"position\":3,\"name\":\"Productos y mercado\"}]},{\"@type\":\"WebSite\",\"@id\":\"https:\/\/eramine.eramet.com\/es\/#website\",\"url\":\"https:\/\/eramine.eramet.com\/es\/\",\"name\":\"Eramet Eramine\",\"description\":\"\",\"potentialAction\":[{\"@type\":\"SearchAction\",\"target\":{\"@type\":\"EntryPoint\",\"urlTemplate\":\"https:\/\/eramine.eramet.com\/es\/?s={search_term_string}\"},\"query-input\":{\"@type\":\"PropertyValueSpecification\",\"valueRequired\":true,\"valueName\":\"search_term_string\"}}],\"inLanguage\":\"es\"}]}<\/script>\n<!-- \/ Yoast SEO plugin. -->","yoast_head_json":{"title":"Productos y mercado - Eramet Eramine","robots":{"index":"index","follow":"follow","max-snippet":"max-snippet:-1","max-image-preview":"max-image-preview:large","max-video-preview":"max-video-preview:-1"},"canonical":"https:\/\/eramine.eramet.com\/es\/actividades\/productos-mercado\/","og_locale":"es_ES","og_type":"article","og_title":"Productos y mercado - Eramet Eramine","og_url":"https:\/\/eramine.eramet.com\/es\/actividades\/productos-mercado\/","og_site_name":"Eramet Eramine","article_modified_time":"2026-03-30T18:56:34+00:00","twitter_card":"summary_large_image","twitter_misc":{"Tiempo de lectura":"2 minutos"},"schema":{"@context":"https:\/\/schema.org","@graph":[{"@type":"WebPage","@id":"https:\/\/eramine.eramet.com\/es\/actividades\/productos-mercado\/","url":"https:\/\/eramine.eramet.com\/es\/actividades\/productos-mercado\/","name":"Productos y mercado - Eramet Eramine","isPartOf":{"@id":"https:\/\/eramine.eramet.com\/es\/#website"},"datePublished":"2024-12-10T16:59:28+00:00","dateModified":"2026-03-30T18:56:34+00:00","breadcrumb":{"@id":"https:\/\/eramine.eramet.com\/es\/actividades\/productos-mercado\/#breadcrumb"},"inLanguage":"es","potentialAction":[{"@type":"ReadAction","target":["https:\/\/eramine.eramet.com\/es\/actividades\/productos-mercado\/"]}]},{"@type":"BreadcrumbList","@id":"https:\/\/eramine.eramet.com\/es\/actividades\/productos-mercado\/#breadcrumb","itemListElement":[{"@type":"ListItem","position":1,"name":"Home","item":"https:\/\/eramine.eramet.com\/es\/"},{"@type":"ListItem","position":2,"name":"Actividades","item":"https:\/\/eramine.eramet.com\/es\/actividades\/"},{"@type":"ListItem","position":3,"name":"Productos y mercado"}]},{"@type":"WebSite","@id":"https:\/\/eramine.eramet.com\/es\/#website","url":"https:\/\/eramine.eramet.com\/es\/","name":"Eramet Eramine","description":"","potentialAction":[{"@type":"SearchAction","target":{"@type":"EntryPoint","urlTemplate":"https:\/\/eramine.eramet.com\/es\/?s={search_term_string}"},"query-input":{"@type":"PropertyValueSpecification","valueRequired":true,"valueName":"search_term_string"}}],"inLanguage":"es"}]}},"acf":[],"_links":{"self":[{"href":"https:\/\/eramine.eramet.com\/es\/wp-json\/wp\/v2\/pages\/53343","targetHints":{"allow":["GET"]}}],"collection":[{"href":"https:\/\/eramine.eramet.com\/es\/wp-json\/wp\/v2\/pages"}],"about":[{"href":"https:\/\/eramine.eramet.com\/es\/wp-json\/wp\/v2\/types\/page"}],"author":[{"embeddable":true,"href":"https:\/\/eramine.eramet.com\/es\/wp-json\/wp\/v2\/users\/4"}],"replies":[{"embeddable":true,"href":"https:\/\/eramine.eramet.com\/es\/wp-json\/wp\/v2\/comments?post=53343"}],"version-history":[{"count":5,"href":"https:\/\/eramine.eramet.com\/es\/wp-json\/wp\/v2\/pages\/53343\/revisions"}],"predecessor-version":[{"id":53508,"href":"https:\/\/eramine.eramet.com\/es\/wp-json\/wp\/v2\/pages\/53343\/revisions\/53508"}],"up":[{"embeddable":true,"href":"https:\/\/eramine.eramet.com\/es\/wp-json\/wp\/v2\/pages\/53311"}],"wp:attachment":[{"href":"https:\/\/eramine.eramet.com\/es\/wp-json\/wp\/v2\/media?parent=53343"}],"curies":[{"name":"wp","href":"https:\/\/api.w.org\/{rel}","templated":true}]}}