{"id":53398,"date":"2024-12-10T13:55:31","date_gmt":"2024-12-10T16:55:31","guid":{"rendered":"https:\/\/eramine.eramet.ovh\/compromisos\/health-safety\/"},"modified":"2026-03-30T16:32:37","modified_gmt":"2026-03-30T19:32:37","slug":"salud-seguridad","status":"publish","type":"page","link":"https:\/\/eramine.eramet.com\/es\/compromisos\/salud-seguridad\/","title":{"rendered":"Salud y Seguridad"},"content":{"rendered":"<div class=\"fusion-fullwidth fullwidth-box fusion-builder-row-1 fusion-flex-container has-pattern-background has-mask-background nonhundred-percent-fullwidth non-hundred-percent-height-scrolling\" style=\"--awb-border-radius-top-left:0px;--awb-border-radius-top-right:0px;--awb-border-radius-bottom-right:0px;--awb-border-radius-bottom-left:0px;--awb-flex-wrap:wrap;\" ><div class=\"fusion-builder-row fusion-row fusion-flex-align-items-stretch fusion-flex-justify-content-center fusion-flex-content-wrap\" style=\"max-width:1468.8px;margin-left: calc(-2% \/ 2 );margin-right: calc(-2% \/ 2 );\"><div class=\"fusion-layout-column fusion_builder_column fusion-builder-column-0 fusion_builder_column_1_1 1_1 fusion-flex-column\" style=\"--awb-padding-right:20%;--awb-padding-right-medium:0px;--awb-bg-size:cover;--awb-width-large:100%;--awb-margin-top-large:0px;--awb-spacing-right-large:0.98%;--awb-margin-bottom-large:20px;--awb-spacing-left-large:0.98%;--awb-width-medium:100%;--awb-order-medium:0;--awb-spacing-right-medium:0.98%;--awb-spacing-left-medium:0.98%;--awb-width-small:100%;--awb-order-small:0;--awb-spacing-right-small:0.98%;--awb-spacing-left-small:0.98%;\"><div class=\"fusion-column-wrapper fusion-column-has-shadow fusion-flex-justify-content-flex-start fusion-content-layout-column\"><div class=\"fusion-text fusion-text-1\"><h2 data-fontsize=\"30\" style=\"--fontSize: 30;line-height: 1.2\" data-lineheight=\"36px\" class=\"fusion-responsive-typography-calculated\">Garantizar la seguridad mediante capacitaci\u00f3n y prevenci\u00f3n<\/h2>\n<p>Garantizar un lugar de trabajo seguro para todas las personas presentes en el Sitio depende de la participaci\u00f3n activa y del s\u00f3lido conocimiento de todos los empleados y subcontratistas. Para ello, se aplican <strong>protocolos de seguridad integrales<\/strong>, respaldados por estrictos programas de capacitaci\u00f3n.<\/p>\n<\/div><\/div><\/div><div class=\"fusion-layout-column fusion_builder_column fusion-builder-column-1 fusion_builder_column_1_2 1_2 fusion-flex-column\" style=\"--awb-bg-size:cover;--awb-width-large:50%;--awb-margin-top-large:0px;--awb-spacing-right-large:1.96%;--awb-margin-bottom-large:50px;--awb-spacing-left-large:1.96%;--awb-width-medium:50%;--awb-order-medium:0;--awb-spacing-right-medium:1.96%;--awb-spacing-left-medium:1.96%;--awb-width-small:100%;--awb-order-small:0;--awb-spacing-right-small:0.98%;--awb-spacing-left-small:0.98%;\"><div class=\"fusion-column-wrapper fusion-column-has-shadow fusion-flex-justify-content-flex-start fusion-content-layout-column\"><div class=\"fusion-text fusion-text-2\"><p>Operar una planta a gran altitud introduce desaf\u00edos \u00fanicos, con el mal de monta\u00f1a y otros riesgos que representan amenazas constantes. Por ello, son esenciales <strong>estrategias s\u00f3lidas de prevenci\u00f3n<\/strong> y medidas de respuesta r\u00e1pida: la planta mantiene un Plan de Emergencia integral para guiar las acciones en caso de incidente.<\/p>\n<p>Este marco riguroso garantiza que la seguridad no se vea comprometida, protegiendo a las personas y a las operaciones en cada etapa. El <strong>equipo de emergencia en Sitio<\/strong> desempe\u00f1a un papel vital en la protecci\u00f3n de los empleados y los bienes de la empresa. Su misi\u00f3n es prevenir, evaluar y controlar riesgos en todas las \u00e1reas de operaci\u00f3n.<\/p>\n<\/div><\/div><\/div><div class=\"fusion-layout-column fusion_builder_column fusion-builder-column-2 fusion_builder_column_1_2 1_2 fusion-flex-column fusion-flex-align-self-stretch\" style=\"--awb-bg-size:cover;--awb-width-large:50%;--awb-margin-top-large:0px;--awb-spacing-right-large:1.96%;--awb-margin-bottom-large:50px;--awb-spacing-left-large:1.96%;--awb-width-medium:50%;--awb-order-medium:0;--awb-spacing-right-medium:1.96%;--awb-spacing-left-medium:1.96%;--awb-width-small:100%;--awb-order-small:0;--awb-spacing-right-small:0.98%;--awb-spacing-left-small:0.98%;\"><div class=\"fusion-column-wrapper fusion-column-has-shadow fusion-flex-justify-content-flex-start fusion-content-layout-column\"><div class=\"fusion-image-element \" style=\"--awb-aspect-ratio:16 \/ 9;--awb-caption-title-font-family:var(--h2_typography-font-family);--awb-caption-title-font-weight:var(--h2_typography-font-weight);--awb-caption-title-font-style:var(--h2_typography-font-style);--awb-caption-title-size:var(--h2_typography-font-size);--awb-caption-title-transform:var(--h2_typography-text-transform);--awb-caption-title-line-height:var(--h2_typography-line-height);--awb-caption-title-letter-spacing:var(--h2_typography-letter-spacing);\"><span class=\" fusion-imageframe imageframe-none imageframe-1 hover-type-none has-aspect-ratio\"><img decoding=\"async\" width=\"800\" height=\"450\" alt=\"Safety procedures\" title=\"Seguridad-2\" src=\"https:\/\/eramine.eramet.com\/wp-content\/uploads\/sites\/23\/2024\/12\/Seguridad-2.jpg\" data-orig-src=\"https:\/\/eramine.eramet.com\/wp-content\/uploads\/sites\/23\/2024\/12\/Seguridad-2-800x450.jpg\" class=\"lazyload img-responsive wp-image-51440 img-with-aspect-ratio\" srcset=\"data:image\/svg+xml,%3Csvg%20xmlns%3D%27http%3A%2F%2Fwww.w3.org%2F2000%2Fsvg%27%20width%3D%271920%27%20height%3D%271080%27%20viewBox%3D%270%200%201920%201080%27%3E%3Crect%20width%3D%271920%27%20height%3D%271080%27%20fill-opacity%3D%220%22%2F%3E%3C%2Fsvg%3E\" data-srcset=\"https:\/\/eramine.eramet.com\/wp-content\/uploads\/sites\/23\/2024\/12\/Seguridad-2-200x113.jpg 200w, https:\/\/eramine.eramet.com\/wp-content\/uploads\/sites\/23\/2024\/12\/Seguridad-2-400x225.jpg 400w, https:\/\/eramine.eramet.com\/wp-content\/uploads\/sites\/23\/2024\/12\/Seguridad-2-600x338.jpg 600w, https:\/\/eramine.eramet.com\/wp-content\/uploads\/sites\/23\/2024\/12\/Seguridad-2-800x450.jpg 800w, https:\/\/eramine.eramet.com\/wp-content\/uploads\/sites\/23\/2024\/12\/Seguridad-2-1200x675.jpg 1200w, https:\/\/eramine.eramet.com\/wp-content\/uploads\/sites\/23\/2024\/12\/Seguridad-2.jpg 1920w\" data-sizes=\"auto\" data-orig-sizes=\"(max-width: 640px) 100vw, 800px\" \/><\/span><\/div><\/div><\/div><div class=\"fusion-layout-column fusion_builder_column fusion-builder-column-3 fusion_builder_column_1_2 1_2 fusion-flex-column block-16-9\" style=\"--awb-bg-size:cover;--awb-width-large:50%;--awb-margin-top-large:0px;--awb-spacing-right-large:1.96%;--awb-margin-bottom-large:50px;--awb-spacing-left-large:1.96%;--awb-width-medium:50%;--awb-order-medium:0;--awb-spacing-right-medium:1.96%;--awb-spacing-left-medium:1.96%;--awb-width-small:100%;--awb-order-small:0;--awb-spacing-right-small:0.98%;--awb-spacing-left-small:0.98%;\"><div class=\"fusion-column-wrapper fusion-column-has-shadow fusion-flex-justify-content-flex-start fusion-content-layout-column\"><div class=\"fusion-image-element \" style=\"--awb-caption-title-font-family:var(--h2_typography-font-family);--awb-caption-title-font-weight:var(--h2_typography-font-weight);--awb-caption-title-font-style:var(--h2_typography-font-style);--awb-caption-title-size:var(--h2_typography-font-size);--awb-caption-title-transform:var(--h2_typography-text-transform);--awb-caption-title-line-height:var(--h2_typography-line-height);--awb-caption-title-letter-spacing:var(--h2_typography-letter-spacing);\"><span class=\" fusion-imageframe imageframe-none imageframe-2 hover-type-none\"><img decoding=\"async\" width=\"800\" height=\"450\" alt=\"Emergency Squad\" title=\"2025-01-14-Eramine-Brigada\" src=\"https:\/\/eramine.eramet.com\/wp-content\/uploads\/sites\/23\/2025\/01\/2025-01-14-Eramine-Brigada.jpg\" data-orig-src=\"https:\/\/eramine.eramet.com\/wp-content\/uploads\/sites\/23\/2025\/01\/2025-01-14-Eramine-Brigada-800x450.jpg\" class=\"lazyload img-responsive wp-image-52115\" srcset=\"data:image\/svg+xml,%3Csvg%20xmlns%3D%27http%3A%2F%2Fwww.w3.org%2F2000%2Fsvg%27%20width%3D%271920%27%20height%3D%271081%27%20viewBox%3D%270%200%201920%201081%27%3E%3Crect%20width%3D%271920%27%20height%3D%271081%27%20fill-opacity%3D%220%22%2F%3E%3C%2Fsvg%3E\" data-srcset=\"https:\/\/eramine.eramet.com\/wp-content\/uploads\/sites\/23\/2025\/01\/2025-01-14-Eramine-Brigada-200x113.jpg 200w, https:\/\/eramine.eramet.com\/wp-content\/uploads\/sites\/23\/2025\/01\/2025-01-14-Eramine-Brigada-400x225.jpg 400w, https:\/\/eramine.eramet.com\/wp-content\/uploads\/sites\/23\/2025\/01\/2025-01-14-Eramine-Brigada-600x338.jpg 600w, https:\/\/eramine.eramet.com\/wp-content\/uploads\/sites\/23\/2025\/01\/2025-01-14-Eramine-Brigada-800x450.jpg 800w, https:\/\/eramine.eramet.com\/wp-content\/uploads\/sites\/23\/2025\/01\/2025-01-14-Eramine-Brigada-1200x676.jpg 1200w, https:\/\/eramine.eramet.com\/wp-content\/uploads\/sites\/23\/2025\/01\/2025-01-14-Eramine-Brigada.jpg 1920w\" data-sizes=\"auto\" data-orig-sizes=\"(max-width: 640px) 100vw, 800px\" \/><\/span><\/div><\/div><\/div><div class=\"fusion-layout-column fusion_builder_column fusion-builder-column-4 fusion_builder_column_1_2 1_2 fusion-flex-column\" style=\"--awb-bg-size:cover;--awb-width-large:50%;--awb-margin-top-large:0px;--awb-spacing-right-large:1.96%;--awb-margin-bottom-large:50px;--awb-spacing-left-large:1.96%;--awb-width-medium:50%;--awb-order-medium:0;--awb-spacing-right-medium:1.96%;--awb-spacing-left-medium:1.96%;--awb-width-small:100%;--awb-order-small:0;--awb-spacing-right-small:0.98%;--awb-spacing-left-small:0.98%;\"><div class=\"fusion-column-wrapper fusion-column-has-shadow fusion-flex-justify-content-flex-start fusion-content-layout-column\"><div class=\"fusion-text fusion-text-3\"><p>Compuesto por rescatistas profesionales y voluntarios, el equipo est\u00e1 rigurosamente entrenado para responder de manera r\u00e1pida y eficaz a una amplia variedad de emergencias. Su experiencia abarca:<\/p>\n<ul>\n<li>Primeros auxilios y respuesta m\u00e9dica<\/li>\n<li>Gesti\u00f3n de riesgos industriales<\/li>\n<li>Rescates en altura<\/li>\n<li>Operaciones de combate de incendios<\/li>\n<li>Rescates vehiculares y en espacios confinados<\/li>\n<\/ul>\n<p>Gracias a sus diversas habilidades y compromiso, el equipo de emergencia garantiza que cada situaci\u00f3n sea manejada con profesionalismo y cuidado, reforzando una cultura de seguridad en todo el sitio.<\/p>\n<\/div><\/div><\/div><div class=\"fusion-layout-column fusion_builder_column fusion-builder-column-5 fusion_builder_column_1_1 1_1 fusion-flex-column\" style=\"--awb-padding-right:20%;--awb-padding-right-medium:0px;--awb-bg-size:cover;--awb-width-large:100%;--awb-margin-top-large:0px;--awb-spacing-right-large:0.98%;--awb-margin-bottom-large:20px;--awb-spacing-left-large:0.98%;--awb-width-medium:100%;--awb-order-medium:0;--awb-spacing-right-medium:0.98%;--awb-spacing-left-medium:0.98%;--awb-width-small:100%;--awb-order-small:0;--awb-spacing-right-small:0.98%;--awb-spacing-left-small:0.98%;\"><div class=\"fusion-column-wrapper fusion-column-has-shadow fusion-flex-justify-content-flex-start fusion-content-layout-column\"><div class=\"fusion-text fusion-text-4\"><h2>Un servicio m\u00e9dico que responde cuando la altitud exige m\u00e1s<\/h2>\n<\/div><\/div><\/div><div class=\"fusion-layout-column fusion_builder_column fusion-builder-column-6 fusion_builder_column_1_2 1_2 fusion-flex-column\" style=\"--awb-bg-size:cover;--awb-width-large:50%;--awb-margin-top-large:0px;--awb-spacing-right-large:1.96%;--awb-margin-bottom-large:50px;--awb-spacing-left-large:1.96%;--awb-width-medium:50%;--awb-order-medium:0;--awb-spacing-right-medium:1.96%;--awb-spacing-left-medium:1.96%;--awb-width-small:100%;--awb-order-small:0;--awb-spacing-right-small:0.98%;--awb-spacing-left-small:0.98%;\"><div class=\"fusion-column-wrapper fusion-column-has-shadow fusion-flex-justify-content-flex-start fusion-content-layout-column\"><div class=\"fusion-text fusion-text-5\"><p>La altitud presenta riesgos concretos: niveles de ox\u00edgeno m\u00e1s bajos, s\u00edntomas que pueden aparecer sin previo aviso, una aparici\u00f3n m\u00e1s r\u00e1pida de la fatiga y grandes distancias hacia centros m\u00e9dicos urbanos. Por ello, hemos implementado un plan integral basado en equipamiento de alta calidad, protocolos s\u00f3lidos y capacitaci\u00f3n continua.<\/p>\n<\/div><\/div><\/div><div class=\"fusion-layout-column fusion_builder_column fusion-builder-column-7 fusion_builder_column_1_2 1_2 fusion-flex-column block-16-9\" style=\"--awb-bg-size:cover;--awb-width-large:50%;--awb-margin-top-large:0px;--awb-spacing-right-large:1.96%;--awb-margin-bottom-large:50px;--awb-spacing-left-large:1.96%;--awb-width-medium:50%;--awb-order-medium:0;--awb-spacing-right-medium:1.96%;--awb-spacing-left-medium:1.96%;--awb-width-small:100%;--awb-order-small:0;--awb-spacing-right-small:0.98%;--awb-spacing-left-small:0.98%;\"><div class=\"fusion-column-wrapper fusion-column-has-shadow fusion-flex-justify-content-flex-start fusion-content-layout-column\"><div class=\"fusion-image-element \" style=\"--awb-caption-title-font-family:var(--h2_typography-font-family);--awb-caption-title-font-weight:var(--h2_typography-font-weight);--awb-caption-title-font-style:var(--h2_typography-font-style);--awb-caption-title-size:var(--h2_typography-font-size);--awb-caption-title-transform:var(--h2_typography-text-transform);--awb-caption-title-line-height:var(--h2_typography-line-height);--awb-caption-title-letter-spacing:var(--h2_typography-letter-spacing);\"><span class=\" fusion-imageframe imageframe-none imageframe-3 hover-type-none\"><img decoding=\"async\" width=\"800\" height=\"450\" alt=\"Emergency Squad\" title=\"Eramet-Eramine-Hyperbaric-chamber\" src=\"https:\/\/eramine.eramet.com\/wp-content\/uploads\/sites\/23\/2025\/05\/Eramet-Eramine-Hyperbaric-chamber.jpg\" data-orig-src=\"https:\/\/eramine.eramet.com\/wp-content\/uploads\/sites\/23\/2025\/05\/Eramet-Eramine-Hyperbaric-chamber-800x450.jpg\" class=\"lazyload img-responsive wp-image-52789\" srcset=\"data:image\/svg+xml,%3Csvg%20xmlns%3D%27http%3A%2F%2Fwww.w3.org%2F2000%2Fsvg%27%20width%3D%271920%27%20height%3D%271080%27%20viewBox%3D%270%200%201920%201080%27%3E%3Crect%20width%3D%271920%27%20height%3D%271080%27%20fill-opacity%3D%220%22%2F%3E%3C%2Fsvg%3E\" data-srcset=\"https:\/\/eramine.eramet.com\/wp-content\/uploads\/sites\/23\/2025\/05\/Eramet-Eramine-Hyperbaric-chamber-200x113.jpg 200w, https:\/\/eramine.eramet.com\/wp-content\/uploads\/sites\/23\/2025\/05\/Eramet-Eramine-Hyperbaric-chamber-400x225.jpg 400w, https:\/\/eramine.eramet.com\/wp-content\/uploads\/sites\/23\/2025\/05\/Eramet-Eramine-Hyperbaric-chamber-600x338.jpg 600w, https:\/\/eramine.eramet.com\/wp-content\/uploads\/sites\/23\/2025\/05\/Eramet-Eramine-Hyperbaric-chamber-800x450.jpg 800w, https:\/\/eramine.eramet.com\/wp-content\/uploads\/sites\/23\/2025\/05\/Eramet-Eramine-Hyperbaric-chamber-1200x675.jpg 1200w, https:\/\/eramine.eramet.com\/wp-content\/uploads\/sites\/23\/2025\/05\/Eramet-Eramine-Hyperbaric-chamber.jpg 1920w\" data-sizes=\"auto\" data-orig-sizes=\"(max-width: 640px) 100vw, 800px\" \/><\/span><\/div><\/div><\/div><div class=\"fusion-layout-column fusion_builder_column fusion-builder-column-8 fusion_builder_column_1_2 1_2 fusion-flex-column block-16-9\" style=\"--awb-bg-size:cover;--awb-width-large:50%;--awb-margin-top-large:0px;--awb-spacing-right-large:1.96%;--awb-margin-bottom-large:50px;--awb-spacing-left-large:1.96%;--awb-width-medium:50%;--awb-order-medium:0;--awb-spacing-right-medium:1.96%;--awb-spacing-left-medium:1.96%;--awb-width-small:100%;--awb-order-small:0;--awb-spacing-right-small:0.98%;--awb-spacing-left-small:0.98%;\"><div class=\"fusion-column-wrapper fusion-column-has-shadow fusion-flex-justify-content-flex-start fusion-content-layout-column\"><div class=\"fusion-image-element \" style=\"--awb-caption-title-font-family:var(--h2_typography-font-family);--awb-caption-title-font-weight:var(--h2_typography-font-weight);--awb-caption-title-font-style:var(--h2_typography-font-style);--awb-caption-title-size:var(--h2_typography-font-size);--awb-caption-title-transform:var(--h2_typography-text-transform);--awb-caption-title-line-height:var(--h2_typography-line-height);--awb-caption-title-letter-spacing:var(--h2_typography-letter-spacing);\"><span class=\" fusion-imageframe imageframe-none imageframe-4 hover-type-none\"><img decoding=\"async\" width=\"800\" height=\"450\" alt=\"Emergency Squad\" title=\"Eramet-Eramine-Plane\" src=\"https:\/\/eramine.eramet.com\/wp-content\/uploads\/sites\/23\/2025\/05\/Eramet-Eramine-Plane.jpg\" data-orig-src=\"https:\/\/eramine.eramet.com\/wp-content\/uploads\/sites\/23\/2025\/05\/Eramet-Eramine-Plane-800x450.jpg\" class=\"lazyload img-responsive wp-image-52791\" srcset=\"data:image\/svg+xml,%3Csvg%20xmlns%3D%27http%3A%2F%2Fwww.w3.org%2F2000%2Fsvg%27%20width%3D%271920%27%20height%3D%271080%27%20viewBox%3D%270%200%201920%201080%27%3E%3Crect%20width%3D%271920%27%20height%3D%271080%27%20fill-opacity%3D%220%22%2F%3E%3C%2Fsvg%3E\" data-srcset=\"https:\/\/eramine.eramet.com\/wp-content\/uploads\/sites\/23\/2025\/05\/Eramet-Eramine-Plane-200x113.jpg 200w, https:\/\/eramine.eramet.com\/wp-content\/uploads\/sites\/23\/2025\/05\/Eramet-Eramine-Plane-400x225.jpg 400w, https:\/\/eramine.eramet.com\/wp-content\/uploads\/sites\/23\/2025\/05\/Eramet-Eramine-Plane-600x338.jpg 600w, https:\/\/eramine.eramet.com\/wp-content\/uploads\/sites\/23\/2025\/05\/Eramet-Eramine-Plane-800x450.jpg 800w, https:\/\/eramine.eramet.com\/wp-content\/uploads\/sites\/23\/2025\/05\/Eramet-Eramine-Plane-1200x675.jpg 1200w, https:\/\/eramine.eramet.com\/wp-content\/uploads\/sites\/23\/2025\/05\/Eramet-Eramine-Plane.jpg 1920w\" data-sizes=\"auto\" data-orig-sizes=\"(max-width: 640px) 100vw, 800px\" \/><\/span><\/div><\/div><\/div><div class=\"fusion-layout-column fusion_builder_column fusion-builder-column-9 fusion_builder_column_1_2 1_2 fusion-flex-column\" style=\"--awb-bg-size:cover;--awb-width-large:50%;--awb-margin-top-large:0px;--awb-spacing-right-large:1.96%;--awb-margin-bottom-large:50px;--awb-spacing-left-large:1.96%;--awb-width-medium:50%;--awb-order-medium:0;--awb-spacing-right-medium:1.96%;--awb-spacing-left-medium:1.96%;--awb-width-small:100%;--awb-order-small:0;--awb-spacing-right-small:0.98%;--awb-spacing-left-small:0.98%;\"><div class=\"fusion-column-wrapper fusion-column-has-shadow fusion-flex-justify-content-flex-start fusion-content-layout-column\"><div class=\"fusion-text fusion-text-6\"><ul>\n<li>Un servicio m\u00e9dico 24\/7 operado por ECCO.<\/li>\n<li>Dos ambulancias 4\u00d74 equipadas para terrenos complejos.<\/li>\n<li>Laboratorios m\u00f3viles, una c\u00e1mara hiperb\u00e1rica, medicaci\u00f3n cr\u00edtica y tecnolog\u00eda avanzada como un ec\u00f3grafo port\u00e1til.<\/li>\n<li>Protocolos auditados por nuestros equipos y por el Grupo Eramet.<\/li>\n<li>Procedimientos actualizados de aeroevacuaci\u00f3n.<\/li>\n<li>Campa\u00f1as sanitarias programadas y simulacros de emergencia.<\/li>\n<li>Y un acuerdo con otra operaci\u00f3n minera ubicada cerca de nuestra operaci\u00f3n que ampl\u00eda nuestra capacidad de respuesta.<\/li>\n<\/ul>\n<\/div><\/div><\/div><\/div><\/div>\n","protected":false},"excerpt":{"rendered":"","protected":false},"author":4,"featured_media":0,"parent":53368,"menu_order":2,"comment_status":"closed","ping_status":"closed","template":"","meta":{"footnotes":""},"class_list":["post-53398","page","type-page","status-publish","hentry"],"yoast_head":"<!-- This site is optimized with the Yoast SEO plugin v26.8 - https:\/\/yoast.com\/product\/yoast-seo-wordpress\/ -->\n<title>Salud y Seguridad - Eramet Eramine<\/title>\n<meta name=\"robots\" content=\"index, follow, max-snippet:-1, max-image-preview:large, max-video-preview:-1\" \/>\n<link rel=\"canonical\" href=\"https:\/\/eramine.eramet.com\/es\/compromisos\/salud-seguridad\/\" \/>\n<meta property=\"og:locale\" content=\"es_ES\" \/>\n<meta property=\"og:type\" content=\"article\" \/>\n<meta property=\"og:title\" content=\"Salud y Seguridad - Eramet Eramine\" \/>\n<meta property=\"og:url\" content=\"https:\/\/eramine.eramet.com\/es\/compromisos\/salud-seguridad\/\" \/>\n<meta property=\"og:site_name\" content=\"Eramet Eramine\" \/>\n<meta property=\"article:modified_time\" content=\"2026-03-30T19:32:37+00:00\" \/>\n<meta name=\"twitter:card\" content=\"summary_large_image\" \/>\n<meta name=\"twitter:label1\" content=\"Tiempo de lectura\" \/>\n\t<meta name=\"twitter:data1\" content=\"3 minutos\" \/>\n<script type=\"application\/ld+json\" class=\"yoast-schema-graph\">{\"@context\":\"https:\/\/schema.org\",\"@graph\":[{\"@type\":\"WebPage\",\"@id\":\"https:\/\/eramine.eramet.com\/es\/compromisos\/salud-seguridad\/\",\"url\":\"https:\/\/eramine.eramet.com\/es\/compromisos\/salud-seguridad\/\",\"name\":\"Salud y Seguridad - Eramet Eramine\",\"isPartOf\":{\"@id\":\"https:\/\/eramine.eramet.com\/es\/#website\"},\"datePublished\":\"2024-12-10T16:55:31+00:00\",\"dateModified\":\"2026-03-30T19:32:37+00:00\",\"breadcrumb\":{\"@id\":\"https:\/\/eramine.eramet.com\/es\/compromisos\/salud-seguridad\/#breadcrumb\"},\"inLanguage\":\"es\",\"potentialAction\":[{\"@type\":\"ReadAction\",\"target\":[\"https:\/\/eramine.eramet.com\/es\/compromisos\/salud-seguridad\/\"]}]},{\"@type\":\"BreadcrumbList\",\"@id\":\"https:\/\/eramine.eramet.com\/es\/compromisos\/salud-seguridad\/#breadcrumb\",\"itemListElement\":[{\"@type\":\"ListItem\",\"position\":1,\"name\":\"Home\",\"item\":\"https:\/\/eramine.eramet.com\/es\/\"},{\"@type\":\"ListItem\",\"position\":2,\"name\":\"Compromisos\",\"item\":\"https:\/\/eramine.eramet.com\/es\/compromisos\/\"},{\"@type\":\"ListItem\",\"position\":3,\"name\":\"Salud y Seguridad\"}]},{\"@type\":\"WebSite\",\"@id\":\"https:\/\/eramine.eramet.com\/es\/#website\",\"url\":\"https:\/\/eramine.eramet.com\/es\/\",\"name\":\"Eramet Eramine\",\"description\":\"\",\"potentialAction\":[{\"@type\":\"SearchAction\",\"target\":{\"@type\":\"EntryPoint\",\"urlTemplate\":\"https:\/\/eramine.eramet.com\/es\/?s={search_term_string}\"},\"query-input\":{\"@type\":\"PropertyValueSpecification\",\"valueRequired\":true,\"valueName\":\"search_term_string\"}}],\"inLanguage\":\"es\"}]}<\/script>\n<!-- \/ Yoast SEO plugin. -->","yoast_head_json":{"title":"Salud y Seguridad - Eramet Eramine","robots":{"index":"index","follow":"follow","max-snippet":"max-snippet:-1","max-image-preview":"max-image-preview:large","max-video-preview":"max-video-preview:-1"},"canonical":"https:\/\/eramine.eramet.com\/es\/compromisos\/salud-seguridad\/","og_locale":"es_ES","og_type":"article","og_title":"Salud y Seguridad - Eramet Eramine","og_url":"https:\/\/eramine.eramet.com\/es\/compromisos\/salud-seguridad\/","og_site_name":"Eramet Eramine","article_modified_time":"2026-03-30T19:32:37+00:00","twitter_card":"summary_large_image","twitter_misc":{"Tiempo de lectura":"3 minutos"},"schema":{"@context":"https:\/\/schema.org","@graph":[{"@type":"WebPage","@id":"https:\/\/eramine.eramet.com\/es\/compromisos\/salud-seguridad\/","url":"https:\/\/eramine.eramet.com\/es\/compromisos\/salud-seguridad\/","name":"Salud y Seguridad - Eramet Eramine","isPartOf":{"@id":"https:\/\/eramine.eramet.com\/es\/#website"},"datePublished":"2024-12-10T16:55:31+00:00","dateModified":"2026-03-30T19:32:37+00:00","breadcrumb":{"@id":"https:\/\/eramine.eramet.com\/es\/compromisos\/salud-seguridad\/#breadcrumb"},"inLanguage":"es","potentialAction":[{"@type":"ReadAction","target":["https:\/\/eramine.eramet.com\/es\/compromisos\/salud-seguridad\/"]}]},{"@type":"BreadcrumbList","@id":"https:\/\/eramine.eramet.com\/es\/compromisos\/salud-seguridad\/#breadcrumb","itemListElement":[{"@type":"ListItem","position":1,"name":"Home","item":"https:\/\/eramine.eramet.com\/es\/"},{"@type":"ListItem","position":2,"name":"Compromisos","item":"https:\/\/eramine.eramet.com\/es\/compromisos\/"},{"@type":"ListItem","position":3,"name":"Salud y Seguridad"}]},{"@type":"WebSite","@id":"https:\/\/eramine.eramet.com\/es\/#website","url":"https:\/\/eramine.eramet.com\/es\/","name":"Eramet Eramine","description":"","potentialAction":[{"@type":"SearchAction","target":{"@type":"EntryPoint","urlTemplate":"https:\/\/eramine.eramet.com\/es\/?s={search_term_string}"},"query-input":{"@type":"PropertyValueSpecification","valueRequired":true,"valueName":"search_term_string"}}],"inLanguage":"es"}]}},"acf":[],"_links":{"self":[{"href":"https:\/\/eramine.eramet.com\/es\/wp-json\/wp\/v2\/pages\/53398","targetHints":{"allow":["GET"]}}],"collection":[{"href":"https:\/\/eramine.eramet.com\/es\/wp-json\/wp\/v2\/pages"}],"about":[{"href":"https:\/\/eramine.eramet.com\/es\/wp-json\/wp\/v2\/types\/page"}],"author":[{"embeddable":true,"href":"https:\/\/eramine.eramet.com\/es\/wp-json\/wp\/v2\/users\/4"}],"replies":[{"embeddable":true,"href":"https:\/\/eramine.eramet.com\/es\/wp-json\/wp\/v2\/comments?post=53398"}],"version-history":[{"count":7,"href":"https:\/\/eramine.eramet.com\/es\/wp-json\/wp\/v2\/pages\/53398\/revisions"}],"predecessor-version":[{"id":53524,"href":"https:\/\/eramine.eramet.com\/es\/wp-json\/wp\/v2\/pages\/53398\/revisions\/53524"}],"up":[{"embeddable":true,"href":"https:\/\/eramine.eramet.com\/es\/wp-json\/wp\/v2\/pages\/53368"}],"wp:attachment":[{"href":"https:\/\/eramine.eramet.com\/es\/wp-json\/wp\/v2\/media?parent=53398"}],"curies":[{"name":"wp","href":"https:\/\/api.w.org\/{rel}","templated":true}]}}