{"id":53408,"date":"2024-11-15T11:29:55","date_gmt":"2024-11-15T14:29:55","guid":{"rendered":"https:\/\/eramine.eramet.ovh\/compromisos\/ethics-integrity\/"},"modified":"2026-04-28T13:25:41","modified_gmt":"2026-04-28T16:25:41","slug":"etica-integridad","status":"publish","type":"page","link":"https:\/\/eramine.eramet.com\/es\/compromisos\/etica-integridad\/","title":{"rendered":"\u00c9tica e Integridad"},"content":{"rendered":"<p><div class=\"fusion-fullwidth fullwidth-box fusion-builder-row-1 fusion-flex-container has-pattern-background has-mask-background nonhundred-percent-fullwidth non-hundred-percent-height-scrolling\" style=\"--awb-border-radius-top-left:0px;--awb-border-radius-top-right:0px;--awb-border-radius-bottom-right:0px;--awb-border-radius-bottom-left:0px;--awb-flex-wrap:wrap;\" ><div class=\"fusion-builder-row fusion-row fusion-flex-align-items-stretch fusion-flex-justify-content-center fusion-flex-content-wrap\" style=\"max-width:1468.8px;margin-left: calc(-2% \/ 2 );margin-right: calc(-2% \/ 2 );\"><div class=\"fusion-layout-column fusion_builder_column fusion-builder-column-0 fusion_builder_column_1_1 1_1 fusion-flex-column\" style=\"--awb-padding-right:20%;--awb-padding-right-medium:0px;--awb-bg-size:cover;--awb-width-large:100%;--awb-margin-top-large:0px;--awb-spacing-right-large:0.98%;--awb-margin-bottom-large:20px;--awb-spacing-left-large:0.98%;--awb-width-medium:100%;--awb-order-medium:0;--awb-spacing-right-medium:0.98%;--awb-spacing-left-medium:0.98%;--awb-width-small:100%;--awb-order-small:0;--awb-spacing-right-small:0.98%;--awb-spacing-left-small:0.98%;\"><div class=\"fusion-column-wrapper fusion-column-has-shadow fusion-flex-justify-content-flex-start fusion-content-layout-column\"><div class=\"fusion-text fusion-text-1\"><h2 class=\"fusion-responsive-typography-calculated\" style=\"--fontsize: 30;line-height: 1.2\" data-fontsize=\"30\" data-lineheight=\"36px\">Nuestra cultura se basa en la \u00e9tica<\/h2>\n<p>En Eramet Eramine, las relaciones comerciales y con las partes interesadas se basan en una \u00e9tica s\u00f3lida, detallada en la <a href=\"https:\/\/www.eramet.com\/es\/grupo\/gobernanza\/etica-y-cumplimiento\/codigo-etico\/\" target=\"_blank\" rel=\"noopener\"><strong>El C\u00f3digo de \u00c9tica de Eramet<\/strong><\/a>. Hemos logrado construir un v\u00ednculo de confianza y respeto mutuo entre nuestros grupos de relacionamiento. La confianza, la integridad y la transparencia forman parte de nuestros valores. En ese marco, implementamos un programa anticorrupci\u00f3n para promover la transparencia en nuestras operaciones y crear una cultura de cumplimiento y gesti\u00f3n de riesgos.<\/p>\n<\/div><\/div><\/div><\/div><\/div><div class=\"fusion-fullwidth fullwidth-box fusion-builder-row-2 fusion-flex-container has-pattern-background has-mask-background nonhundred-percent-fullwidth non-hundred-percent-height-scrolling\" style=\"--awb-border-radius-top-left:0px;--awb-border-radius-top-right:0px;--awb-border-radius-bottom-right:0px;--awb-border-radius-bottom-left:0px;--awb-flex-wrap:wrap;\" ><div class=\"fusion-builder-row fusion-row fusion-flex-align-items-stretch fusion-flex-justify-content-center fusion-flex-content-wrap\" style=\"max-width:1468.8px;margin-left: calc(-2% \/ 2 );margin-right: calc(-2% \/ 2 );\"><div class=\"fusion-layout-column fusion_builder_column fusion-builder-column-1 fusion_builder_column_1_1 1_1 fusion-flex-column\" style=\"--awb-padding-right:20%;--awb-padding-right-medium:0px;--awb-bg-size:cover;--awb-width-large:100%;--awb-margin-top-large:0px;--awb-spacing-right-large:0.98%;--awb-margin-bottom-large:20px;--awb-spacing-left-large:0.98%;--awb-width-medium:100%;--awb-order-medium:0;--awb-spacing-right-medium:0.98%;--awb-spacing-left-medium:0.98%;--awb-width-small:100%;--awb-order-small:0;--awb-spacing-right-small:0.98%;--awb-spacing-left-small:0.98%;\"><div class=\"fusion-column-wrapper fusion-column-has-shadow fusion-flex-justify-content-flex-start fusion-content-layout-column\"><div class=\"fusion-text fusion-text-2\"><h2 class=\"fusion-responsive-typography-calculated\" style=\"--fontsize: 30;line-height: 1.2\" data-fontsize=\"30\" data-lineheight=\"36px\">Una plataforma de denuncias disponible para todos<\/h2>\n<\/div><\/div><\/div><div class=\"fusion-layout-column fusion_builder_column fusion-builder-column-2 fusion_builder_column_1_2 1_2 fusion-flex-column\" style=\"--awb-bg-size:cover;--awb-width-large:50%;--awb-margin-top-large:0px;--awb-spacing-right-large:1.96%;--awb-margin-bottom-large:50px;--awb-spacing-left-large:1.96%;--awb-width-medium:50%;--awb-order-medium:0;--awb-spacing-right-medium:1.96%;--awb-spacing-left-medium:1.96%;--awb-width-small:100%;--awb-order-small:0;--awb-spacing-right-small:0.98%;--awb-spacing-left-small:0.98%;\"><div class=\"fusion-column-wrapper fusion-column-has-shadow fusion-flex-justify-content-flex-start fusion-content-layout-column\"><div class=\"fusion-text fusion-text-3\"><p>Cualquier persona que considere que se ha vulnerado un valor o principio de nuestro C\u00f3digo de \u00c9tica est\u00e1 invitada a reportarlo.:<\/p>\n<ul>\n<li>A Eramet Eramine (Argentina) llamando al n\u00famero gratuito disponible:<br \/><strong>00687 24 58 00<\/strong><\/li>\n<li>Un buz\u00f3n de voz est\u00e1 disponible las 24 horas, los 7 d\u00edas de la semana.<\/li>\n<li>O a la plataforma de denuncias Ethic Line:<br \/><a href=\"https:\/\/ethicline.eramet.com\/\" target=\"_blank\" rel=\"noopener\"><strong>https:\/\/ethicline.eramet.com\/<\/strong><\/a><\/li>\n<\/ul>\n<\/div><div style=\"text-align:left;\"><a class=\"fusion-button button-flat fusion-button-default-size button-custom fusion-button-default button-1 fusion-button-default-span fusion-button-default-type CTA-arrow fusion-has-button-gradient\" style=\"--button_accent_color:var(--awb-color7);--button_accent_hover_color:var(--awb-color3);--button_border_hover_color:var(--awb-color7);--button_border_width-top:0;--button_border_width-right:0;--button_border_width-bottom:0;--button_border_width-left:0;--button-border-radius-top-left:0;--button-border-radius-top-right:0;--button-border-radius-bottom-right:0;--button-border-radius-bottom-left:0;--button_gradient_angle:180deg;--button_gradient_top_color:var(--awb-custom_color_7);--button_gradient_bottom_color:var(--awb-custom_color_7);--button_gradient_top_color_hover:rgba(226,226,226,0);--button_gradient_bottom_color_hover:var(--awb-custom_color_3);--button_font_size:16px;--button_padding-right:70px;--button_padding-left:0px;--button_margin-top:30px;\" target=\"_blank\" rel=\"noopener noreferrer\" href=\"https:\/\/ethicline.eramet.com\/\"><span class=\"fusion-button-text\">CLICK AQU\u00cd PARA REPORTAR UNA MALA CONDUCTA <\/span><\/a><\/div><\/div><\/div><div class=\"fusion-layout-column fusion_builder_column fusion-builder-column-3 fusion_builder_column_1_2 1_2 fusion-flex-column block-16-9\" style=\"--awb-bg-size:cover;--awb-width-large:50%;--awb-margin-top-large:0px;--awb-spacing-right-large:1.96%;--awb-margin-bottom-large:50px;--awb-spacing-left-large:1.96%;--awb-width-medium:50%;--awb-order-medium:0;--awb-spacing-right-medium:1.96%;--awb-spacing-left-medium:1.96%;--awb-width-small:100%;--awb-order-small:0;--awb-spacing-right-small:0.98%;--awb-spacing-left-small:0.98%;\"><div class=\"fusion-column-wrapper fusion-column-has-shadow fusion-flex-justify-content-flex-start fusion-content-layout-column\"><div class=\"fusion-image-element \" style=\"text-align:center;--awb-margin-bottom:50px;--awb-caption-title-font-family:var(--h2_typography-font-family);--awb-caption-title-font-weight:var(--h2_typography-font-weight);--awb-caption-title-font-style:var(--h2_typography-font-style);--awb-caption-title-size:var(--h2_typography-font-size);--awb-caption-title-transform:var(--h2_typography-text-transform);--awb-caption-title-line-height:var(--h2_typography-line-height);--awb-caption-title-letter-spacing:var(--h2_typography-letter-spacing);\"><span class=\" fusion-imageframe imageframe-none imageframe-1 hover-type-none\"><a class=\"fusion-no-lightbox\" href=\"https:\/\/ethicline.eramet.com\/\" target=\"_blank\" aria-label=\"Eramet-IntegrityLine\" rel=\"noopener noreferrer\"><img decoding=\"async\" width=\"200\" height=\"154\" src=\"data:image\/svg+xml,%3Csvg%20xmlns%3D%27http%3A%2F%2Fwww.w3.org%2F2000%2Fsvg%27%20width%3D%27200%27%20height%3D%27154%27%20viewBox%3D%270%200%20200%20154%27%3E%3Crect%20width%3D%27200%27%20height%3D%27154%27%20fill-opacity%3D%220%22%2F%3E%3C%2Fsvg%3E\" data-orig-src=\"https:\/\/eramine.eramet.com\/wp-content\/uploads\/sites\/23\/2024\/12\/Eramet-IntegrityLine.png\" alt class=\"lazyload img-responsive wp-image-51828\"\/><\/a><\/span><\/div><div class=\"fusion-image-element \" style=\"text-align:center;--awb-caption-title-font-family:var(--h2_typography-font-family);--awb-caption-title-font-weight:var(--h2_typography-font-weight);--awb-caption-title-font-style:var(--h2_typography-font-style);--awb-caption-title-size:var(--h2_typography-font-size);--awb-caption-title-transform:var(--h2_typography-text-transform);--awb-caption-title-line-height:var(--h2_typography-line-height);--awb-caption-title-letter-spacing:var(--h2_typography-letter-spacing);\"><span class=\" fusion-imageframe imageframe-none imageframe-2 hover-type-none\"><a class=\"fusion-no-lightbox\" href=\"https:\/\/ethicline.eramet.com\/\" target=\"_blank\" aria-label=\"EthicLine-QRcode\" rel=\"noopener noreferrer\"><img decoding=\"async\" width=\"150\" height=\"150\" alt=\"EthicLine QR code\" src=\"https:\/\/eramine.eramet.com\/wp-content\/uploads\/sites\/23\/2025\/02\/EthicLine-QRcode.png\" data-orig-src=\"https:\/\/eramine.eramet.com\/wp-content\/uploads\/sites\/23\/2025\/02\/EthicLine-QRcode-150x150.png\" class=\"lazyload img-responsive wp-image-52237\" srcset=\"data:image\/svg+xml,%3Csvg%20xmlns%3D%27http%3A%2F%2Fwww.w3.org%2F2000%2Fsvg%27%20width%3D%27432%27%20height%3D%27432%27%20viewBox%3D%270%200%20432%20432%27%3E%3Crect%20width%3D%27432%27%20height%3D%27432%27%20fill-opacity%3D%220%22%2F%3E%3C%2Fsvg%3E\" data-srcset=\"https:\/\/eramine.eramet.com\/wp-content\/uploads\/sites\/23\/2025\/02\/EthicLine-QRcode-200x200.png 200w, https:\/\/eramine.eramet.com\/wp-content\/uploads\/sites\/23\/2025\/02\/EthicLine-QRcode-400x400.png 400w, https:\/\/eramine.eramet.com\/wp-content\/uploads\/sites\/23\/2025\/02\/EthicLine-QRcode.png 432w\" data-sizes=\"auto\" data-orig-sizes=\"(max-width: 640px) 100vw, 150px\" \/><\/a><\/span><\/div><\/div><\/div><div class=\"fusion-layout-column fusion_builder_column fusion-builder-column-4 fusion_builder_column_1_1 1_1 fusion-flex-column\" style=\"--awb-bg-size:cover;--awb-width-large:100%;--awb-margin-top-large:0px;--awb-spacing-right-large:0.98%;--awb-margin-bottom-large:20px;--awb-spacing-left-large:0.98%;--awb-width-medium:100%;--awb-order-medium:0;--awb-spacing-right-medium:0.98%;--awb-spacing-left-medium:0.98%;--awb-width-small:100%;--awb-order-small:0;--awb-spacing-right-small:0.98%;--awb-spacing-left-small:0.98%;\"><div class=\"fusion-column-wrapper fusion-column-has-shadow fusion-flex-justify-content-flex-start fusion-content-layout-column\"><div class=\"fusion-text fusion-text-4\" style=\"--awb-margin-right:25%;\"><h3 class=\"fusion-responsive-typography-calculated\" style=\"--fontsize: 24;line-height: 1.2\" data-fontsize=\"24\" data-lineheight=\"28.8px\">Reportar mala conducta: \u00bfc\u00f3mo funciona?<\/h3>\n<ul>\n<li><strong>Accesibilidad<\/strong>: Disponible para todos los empleados de Eramet Eramine y partes interesadas externas.<\/li>\n<li><strong>Confidencialidad<\/strong>: Las alertas pueden enviarse de forma an\u00f3nima; las investigaciones siguen un procedimiento altamente confidencial.<\/li>\n<li><strong>Imparcialidad<\/strong>: Cada reporte se gestiona con rigor e imparcialidad para garantizar la precisi\u00f3n y la equidad en el proceso.<\/li>\n<li><strong>Requisitos<\/strong>: Los reportes deben estar respaldados por hechos, informaci\u00f3n o documentos que permitan la discusi\u00f3n con el Responsable de \u00c9tica y Cumplimiento.<\/li>\n<li><strong>Seguimiento<\/strong>: Se realizan las investigaciones necesarias para verificar los hechos, y se toman medidas correctivas cuando corresponde.<\/li>\n<\/ul>\n<\/div><\/div><\/div><\/div><\/div><div class=\"fusion-fullwidth fullwidth-box fusion-builder-row-3 fusion-flex-container has-pattern-background has-mask-background nonhundred-percent-fullwidth non-hundred-percent-height-scrolling\" style=\"--awb-border-radius-top-left:0px;--awb-border-radius-top-right:0px;--awb-border-radius-bottom-right:0px;--awb-border-radius-bottom-left:0px;--awb-flex-wrap:wrap;\" ><div class=\"fusion-builder-row fusion-row fusion-flex-align-items-stretch fusion-flex-justify-content-center fusion-flex-content-wrap\" style=\"max-width:1468.8px;margin-left: calc(-2% \/ 2 );margin-right: calc(-2% \/ 2 );\"><div class=\"fusion-layout-column fusion_builder_column fusion-builder-column-5 fusion_builder_column_1_2 1_2 fusion-flex-column block-16-9\" style=\"--awb-bg-size:cover;--awb-width-large:50%;--awb-margin-top-large:0px;--awb-spacing-right-large:1.96%;--awb-margin-bottom-large:50px;--awb-spacing-left-large:1.96%;--awb-width-medium:50%;--awb-order-medium:0;--awb-spacing-right-medium:1.96%;--awb-spacing-left-medium:1.96%;--awb-width-small:100%;--awb-order-small:0;--awb-spacing-right-small:0.98%;--awb-spacing-left-small:0.98%;\"><div class=\"fusion-column-wrapper fusion-column-has-shadow fusion-flex-justify-content-flex-start fusion-content-layout-column\"><div class=\"fusion-image-element \" style=\"--awb-caption-title-font-family:var(--h2_typography-font-family);--awb-caption-title-font-weight:var(--h2_typography-font-weight);--awb-caption-title-font-style:var(--h2_typography-font-style);--awb-caption-title-size:var(--h2_typography-font-size);--awb-caption-title-transform:var(--h2_typography-text-transform);--awb-caption-title-line-height:var(--h2_typography-line-height);--awb-caption-title-letter-spacing:var(--h2_typography-letter-spacing);\"><span class=\" fusion-imageframe imageframe-none imageframe-3 hover-type-none\"><img decoding=\"async\" width=\"800\" height=\"450\" title=\"Eramine-Ethics-Integrity\" src=\"https:\/\/eramine.eramet.com\/wp-content\/uploads\/sites\/23\/2026\/03\/Eramine-Ethics-Integrity.jpg\" data-orig-src=\"https:\/\/eramine.eramet.com\/wp-content\/uploads\/sites\/23\/2026\/03\/Eramine-Ethics-Integrity-800x450.jpg\" alt class=\"lazyload img-responsive wp-image-53242\" srcset=\"data:image\/svg+xml,%3Csvg%20xmlns%3D%27http%3A%2F%2Fwww.w3.org%2F2000%2Fsvg%27%20width%3D%271920%27%20height%3D%271080%27%20viewBox%3D%270%200%201920%201080%27%3E%3Crect%20width%3D%271920%27%20height%3D%271080%27%20fill-opacity%3D%220%22%2F%3E%3C%2Fsvg%3E\" data-srcset=\"https:\/\/eramine.eramet.com\/wp-content\/uploads\/sites\/23\/2026\/03\/Eramine-Ethics-Integrity-200x113.jpg 200w, https:\/\/eramine.eramet.com\/wp-content\/uploads\/sites\/23\/2026\/03\/Eramine-Ethics-Integrity-400x225.jpg 400w, https:\/\/eramine.eramet.com\/wp-content\/uploads\/sites\/23\/2026\/03\/Eramine-Ethics-Integrity-600x338.jpg 600w, https:\/\/eramine.eramet.com\/wp-content\/uploads\/sites\/23\/2026\/03\/Eramine-Ethics-Integrity-800x450.jpg 800w, https:\/\/eramine.eramet.com\/wp-content\/uploads\/sites\/23\/2026\/03\/Eramine-Ethics-Integrity-1200x675.jpg 1200w, https:\/\/eramine.eramet.com\/wp-content\/uploads\/sites\/23\/2026\/03\/Eramine-Ethics-Integrity.jpg 1920w\" data-sizes=\"auto\" data-orig-sizes=\"(max-width: 640px) 100vw, 800px\" \/><\/span><\/div><\/div><\/div><div class=\"fusion-layout-column fusion_builder_column fusion-builder-column-6 fusion_builder_column_1_2 1_2 fusion-flex-column block-16-9\" style=\"--awb-bg-size:cover;--awb-width-large:50%;--awb-margin-top-large:0px;--awb-spacing-right-large:1.96%;--awb-margin-bottom-large:50px;--awb-spacing-left-large:1.96%;--awb-width-medium:50%;--awb-order-medium:0;--awb-spacing-right-medium:1.96%;--awb-spacing-left-medium:1.96%;--awb-width-small:100%;--awb-order-small:0;--awb-spacing-right-small:0.98%;--awb-spacing-left-small:0.98%;\"><div class=\"fusion-column-wrapper fusion-column-has-shadow fusion-flex-justify-content-flex-start fusion-content-layout-column\"><div class=\"fusion-text fusion-text-5\"><h2 data-fontsize=\"24\" data-lineheight=\"28.8px\">Nuestras Pol\u00edticas<\/h2>\n<ul>\n<li><a href=\"https:\/\/www.eramet.com\/es\/grupo\/gobernanza\/etica-y-cumplimiento\/codigo-etico\/\" target=\"_blank\" rel=\"noopener\"><strong>Carta de \u00c9tica \u2013 Eramet<\/strong><\/a><\/li>\n<li><a href=\"https:\/\/www.eramet.com\/es\/grupo\/gobernanza\/etica-y-cumplimiento\/anticorrupcion-politica-y-guia-de-conducta\/\" target=\"_blank\" rel=\"noopener\"><strong>Pol\u00edtica y gu\u00eda anticorrupci\u00f3n \u2013 Eramet<\/strong><\/a><\/li>\n<li><a href=\"https:\/\/www.eramet.com\/es\/grupo\/gobernanza\/codigo-y-politicas\/\" target=\"_blank\" rel=\"noopener\"><strong>Pol\u00edtica de derechos humanos y otras pol\u00edticas \u2013 Eramet<\/strong><\/a><\/li>\n<\/ul>\n<\/div><\/div><\/div><\/div><\/div><\/p>\n","protected":false},"excerpt":{"rendered":"","protected":false},"author":4,"featured_media":0,"parent":53368,"menu_order":3,"comment_status":"closed","ping_status":"closed","template":"","meta":{"footnotes":""},"class_list":["post-53408","page","type-page","status-publish","hentry"],"yoast_head":"<!-- This site is optimized with the Yoast SEO plugin v26.8 - https:\/\/yoast.com\/product\/yoast-seo-wordpress\/ -->\n<title>\u00c9tica e Integridad - Eramet Eramine<\/title>\n<meta name=\"robots\" content=\"index, follow, max-snippet:-1, max-image-preview:large, max-video-preview:-1\" \/>\n<link rel=\"canonical\" href=\"https:\/\/eramine.eramet.com\/es\/compromisos\/etica-integridad\/\" \/>\n<meta property=\"og:locale\" content=\"es_ES\" \/>\n<meta property=\"og:type\" content=\"article\" \/>\n<meta property=\"og:title\" content=\"\u00c9tica e Integridad - Eramet Eramine\" \/>\n<meta property=\"og:url\" content=\"https:\/\/eramine.eramet.com\/es\/compromisos\/etica-integridad\/\" \/>\n<meta property=\"og:site_name\" content=\"Eramet Eramine\" \/>\n<meta property=\"article:modified_time\" content=\"2026-04-28T16:25:41+00:00\" \/>\n<meta name=\"twitter:card\" content=\"summary_large_image\" \/>\n<meta name=\"twitter:label1\" content=\"Tiempo de lectura\" \/>\n\t<meta name=\"twitter:data1\" content=\"2 minutos\" \/>\n<script type=\"application\/ld+json\" class=\"yoast-schema-graph\">{\"@context\":\"https:\/\/schema.org\",\"@graph\":[{\"@type\":\"WebPage\",\"@id\":\"https:\/\/eramine.eramet.com\/es\/compromisos\/etica-integridad\/\",\"url\":\"https:\/\/eramine.eramet.com\/es\/compromisos\/etica-integridad\/\",\"name\":\"\u00c9tica e Integridad - Eramet Eramine\",\"isPartOf\":{\"@id\":\"https:\/\/eramine.eramet.com\/es\/#website\"},\"datePublished\":\"2024-11-15T14:29:55+00:00\",\"dateModified\":\"2026-04-28T16:25:41+00:00\",\"breadcrumb\":{\"@id\":\"https:\/\/eramine.eramet.com\/es\/compromisos\/etica-integridad\/#breadcrumb\"},\"inLanguage\":\"es\",\"potentialAction\":[{\"@type\":\"ReadAction\",\"target\":[\"https:\/\/eramine.eramet.com\/es\/compromisos\/etica-integridad\/\"]}]},{\"@type\":\"BreadcrumbList\",\"@id\":\"https:\/\/eramine.eramet.com\/es\/compromisos\/etica-integridad\/#breadcrumb\",\"itemListElement\":[{\"@type\":\"ListItem\",\"position\":1,\"name\":\"Home\",\"item\":\"https:\/\/eramine.eramet.com\/es\/\"},{\"@type\":\"ListItem\",\"position\":2,\"name\":\"Compromisos\",\"item\":\"https:\/\/eramine.eramet.com\/es\/compromisos\/\"},{\"@type\":\"ListItem\",\"position\":3,\"name\":\"\u00c9tica e Integridad\"}]},{\"@type\":\"WebSite\",\"@id\":\"https:\/\/eramine.eramet.com\/es\/#website\",\"url\":\"https:\/\/eramine.eramet.com\/es\/\",\"name\":\"Eramet Eramine\",\"description\":\"\",\"potentialAction\":[{\"@type\":\"SearchAction\",\"target\":{\"@type\":\"EntryPoint\",\"urlTemplate\":\"https:\/\/eramine.eramet.com\/es\/?s={search_term_string}\"},\"query-input\":{\"@type\":\"PropertyValueSpecification\",\"valueRequired\":true,\"valueName\":\"search_term_string\"}}],\"inLanguage\":\"es\"}]}<\/script>\n<!-- \/ Yoast SEO plugin. -->","yoast_head_json":{"title":"\u00c9tica e Integridad - Eramet Eramine","robots":{"index":"index","follow":"follow","max-snippet":"max-snippet:-1","max-image-preview":"max-image-preview:large","max-video-preview":"max-video-preview:-1"},"canonical":"https:\/\/eramine.eramet.com\/es\/compromisos\/etica-integridad\/","og_locale":"es_ES","og_type":"article","og_title":"\u00c9tica e Integridad - Eramet Eramine","og_url":"https:\/\/eramine.eramet.com\/es\/compromisos\/etica-integridad\/","og_site_name":"Eramet Eramine","article_modified_time":"2026-04-28T16:25:41+00:00","twitter_card":"summary_large_image","twitter_misc":{"Tiempo de lectura":"2 minutos"},"schema":{"@context":"https:\/\/schema.org","@graph":[{"@type":"WebPage","@id":"https:\/\/eramine.eramet.com\/es\/compromisos\/etica-integridad\/","url":"https:\/\/eramine.eramet.com\/es\/compromisos\/etica-integridad\/","name":"\u00c9tica e Integridad - Eramet Eramine","isPartOf":{"@id":"https:\/\/eramine.eramet.com\/es\/#website"},"datePublished":"2024-11-15T14:29:55+00:00","dateModified":"2026-04-28T16:25:41+00:00","breadcrumb":{"@id":"https:\/\/eramine.eramet.com\/es\/compromisos\/etica-integridad\/#breadcrumb"},"inLanguage":"es","potentialAction":[{"@type":"ReadAction","target":["https:\/\/eramine.eramet.com\/es\/compromisos\/etica-integridad\/"]}]},{"@type":"BreadcrumbList","@id":"https:\/\/eramine.eramet.com\/es\/compromisos\/etica-integridad\/#breadcrumb","itemListElement":[{"@type":"ListItem","position":1,"name":"Home","item":"https:\/\/eramine.eramet.com\/es\/"},{"@type":"ListItem","position":2,"name":"Compromisos","item":"https:\/\/eramine.eramet.com\/es\/compromisos\/"},{"@type":"ListItem","position":3,"name":"\u00c9tica e Integridad"}]},{"@type":"WebSite","@id":"https:\/\/eramine.eramet.com\/es\/#website","url":"https:\/\/eramine.eramet.com\/es\/","name":"Eramet Eramine","description":"","potentialAction":[{"@type":"SearchAction","target":{"@type":"EntryPoint","urlTemplate":"https:\/\/eramine.eramet.com\/es\/?s={search_term_string}"},"query-input":{"@type":"PropertyValueSpecification","valueRequired":true,"valueName":"search_term_string"}}],"inLanguage":"es"}]}},"acf":[],"_links":{"self":[{"href":"https:\/\/eramine.eramet.com\/es\/wp-json\/wp\/v2\/pages\/53408","targetHints":{"allow":["GET"]}}],"collection":[{"href":"https:\/\/eramine.eramet.com\/es\/wp-json\/wp\/v2\/pages"}],"about":[{"href":"https:\/\/eramine.eramet.com\/es\/wp-json\/wp\/v2\/types\/page"}],"author":[{"embeddable":true,"href":"https:\/\/eramine.eramet.com\/es\/wp-json\/wp\/v2\/users\/4"}],"replies":[{"embeddable":true,"href":"https:\/\/eramine.eramet.com\/es\/wp-json\/wp\/v2\/comments?post=53408"}],"version-history":[{"count":10,"href":"https:\/\/eramine.eramet.com\/es\/wp-json\/wp\/v2\/pages\/53408\/revisions"}],"predecessor-version":[{"id":53627,"href":"https:\/\/eramine.eramet.com\/es\/wp-json\/wp\/v2\/pages\/53408\/revisions\/53627"}],"up":[{"embeddable":true,"href":"https:\/\/eramine.eramet.com\/es\/wp-json\/wp\/v2\/pages\/53368"}],"wp:attachment":[{"href":"https:\/\/eramine.eramet.com\/es\/wp-json\/wp\/v2\/media?parent=53408"}],"curies":[{"name":"wp","href":"https:\/\/api.w.org\/{rel}","templated":true}]}}