{"id":53412,"date":"2024-12-10T15:31:40","date_gmt":"2024-12-10T18:31:40","guid":{"rendered":"https:\/\/eramine.eramet.ovh\/compromisos\/dialogue\/"},"modified":"2026-04-10T12:41:59","modified_gmt":"2026-04-10T15:41:59","slug":"dialogo","status":"publish","type":"page","link":"https:\/\/eramine.eramet.com\/es\/compromisos\/dialogo\/","title":{"rendered":"Di\u00e1logo"},"content":{"rendered":"<p><div class=\"fusion-fullwidth fullwidth-box fusion-builder-row-1 fusion-flex-container has-pattern-background has-mask-background nonhundred-percent-fullwidth non-hundred-percent-height-scrolling\" style=\"--awb-border-radius-top-left:0px;--awb-border-radius-top-right:0px;--awb-border-radius-bottom-right:0px;--awb-border-radius-bottom-left:0px;--awb-flex-wrap:wrap;\" ><div class=\"fusion-builder-row fusion-row fusion-flex-align-items-stretch fusion-flex-justify-content-center fusion-flex-content-wrap\" style=\"max-width:1468.8px;margin-left: calc(-2% \/ 2 );margin-right: calc(-2% \/ 2 );\"><div class=\"fusion-layout-column fusion_builder_column fusion-builder-column-0 fusion_builder_column_1_2 1_2 fusion-flex-column\" style=\"--awb-bg-size:cover;--awb-width-large:50%;--awb-margin-top-large:0px;--awb-spacing-right-large:1.96%;--awb-margin-bottom-large:50px;--awb-spacing-left-large:1.96%;--awb-width-medium:50%;--awb-order-medium:0;--awb-spacing-right-medium:1.96%;--awb-spacing-left-medium:1.96%;--awb-width-small:100%;--awb-order-small:0;--awb-spacing-right-small:0.98%;--awb-spacing-left-small:0.98%;\"><div class=\"fusion-column-wrapper fusion-column-has-shadow fusion-flex-justify-content-flex-start fusion-content-layout-column\"><div class=\"fusion-text fusion-text-1\"><p>El sitio minero est\u00e1 ubicado en una zona particularmente remota. Nuestros vecinos m\u00e1s cercanos son los <em>puesteros<\/em>, personas semin\u00f3mades dedicadas a la cr\u00eda de ganado. Tienen varias viviendas, conocidas como <em>puestos<\/em>, y se desplazan entre ellas a lo largo del a\u00f1o en busca de los mejores pastos. Viven dentro de un radio de 11 kil\u00f3metros de la planta. El pueblo m\u00e1s cercano, <strong>Santa Rosa de los Pastos Grandes<\/strong>, con una poblaci\u00f3n de aproximada de 260 habitantes, se encuentra a 74 kil\u00f3metros, mientras que la localidad m\u00e1s cercana, <strong>San Antonio de los Cobres<\/strong>, est\u00e1 aproximadamente a 100 kil\u00f3metros del Sitio, camino a Salta.<\/p>\n<\/div><div class=\"fusion-text fusion-text-2\"><p>En 2010, antes del inicio de la fase de exploraci\u00f3n, nuestros equipos iniciaron un proceso de estudio y establecimiento de di\u00e1logo con las comunidades locales, particularmente con la <strong>comunidad Kolla de Santa Rosa de los Pastos Grandes<\/strong>, reconocida como poblaci\u00f3n ind\u00edgena por la Provincia de Salta y la Naci\u00f3n Argentina.<\/p>\n<ul>\n<li>Realizamos la <strong>Consulta Previa, Libre e Informada (CPLI)<\/strong>, siguiendo las disposiciones del Convenio 169 de la OIT, en la cual la comunidad expres\u00f3 su apoyo al proyecto.<\/li>\n<li>Tambi\u00e9n llevamos a cabo la Audiencia P\u00fablica para la Renovaci\u00f3n Bianual del <strong>Estudio de Impacto Ambiental y Social (EIAyS)<\/strong>, cumpliendo as\u00ed con el art\u00edculo 49 de la norma 7070\/00.<\/li>\n<\/ul>\n<\/div><div class=\"fusion-text fusion-text-3\"><p>Ahora que las operaciones industriales han comenzado en el Sitio, la informaci\u00f3n regular a las comunidades locales contin\u00faa siendo una prioridad por medio de distintos canales y mecanismos. Desde el inicio de la construcci\u00f3n, hemos emitido m\u00e1s de <strong>200 comunicaciones<\/strong> a los <em>puesteros<\/em> y comunidades cercanas. Asimismo, recibimos consultas e inquietudes de las distintas partes interesadas a trav\u00e9s de diversos canales que nos permiten alcanzar a cada p\u00fablico. Todas ellas son respondidas en tiempo y forma, en l\u00ednea con nuestras pol\u00edticas de Derechos Humanos y procedimientos internos.<\/p>\n<\/div><\/div><\/div><div class=\"fusion-layout-column fusion_builder_column fusion-builder-column-1 fusion_builder_column_1_2 1_2 fusion-flex-column block-16-9\" style=\"--awb-bg-size:cover;--awb-width-large:50%;--awb-margin-top-large:0px;--awb-spacing-right-large:1.96%;--awb-margin-bottom-large:50px;--awb-spacing-left-large:1.96%;--awb-width-medium:50%;--awb-order-medium:0;--awb-spacing-right-medium:1.96%;--awb-spacing-left-medium:1.96%;--awb-width-small:100%;--awb-order-small:0;--awb-spacing-right-small:0.98%;--awb-spacing-left-small:0.98%;\"><div class=\"fusion-column-wrapper fusion-column-has-shadow fusion-flex-justify-content-flex-start fusion-content-layout-column\"><div class=\"fusion-image-element \" style=\"--awb-caption-title-font-family:var(--h2_typography-font-family);--awb-caption-title-font-weight:var(--h2_typography-font-weight);--awb-caption-title-font-style:var(--h2_typography-font-style);--awb-caption-title-size:var(--h2_typography-font-size);--awb-caption-title-transform:var(--h2_typography-text-transform);--awb-caption-title-line-height:var(--h2_typography-line-height);--awb-caption-title-letter-spacing:var(--h2_typography-letter-spacing);\"><span class=\" fusion-imageframe imageframe-none imageframe-1 hover-type-none\"><img decoding=\"async\" width=\"800\" height=\"450\" alt=\"Community dialogue\" title=\"Dialogue-2\" src=\"https:\/\/eramine.eramet.com\/wp-content\/uploads\/sites\/23\/2026\/03\/Dialogue-2-1.jpg\" data-orig-src=\"https:\/\/eramine.eramet.com\/wp-content\/uploads\/sites\/23\/2026\/03\/Dialogue-2-1-800x450.jpg\" class=\"lazyload img-responsive wp-image-53230\" srcset=\"data:image\/svg+xml,%3Csvg%20xmlns%3D%27http%3A%2F%2Fwww.w3.org%2F2000%2Fsvg%27%20width%3D%271920%27%20height%3D%271080%27%20viewBox%3D%270%200%201920%201080%27%3E%3Crect%20width%3D%271920%27%20height%3D%271080%27%20fill-opacity%3D%220%22%2F%3E%3C%2Fsvg%3E\" data-srcset=\"https:\/\/eramine.eramet.com\/wp-content\/uploads\/sites\/23\/2026\/03\/Dialogue-2-1-200x113.jpg 200w, https:\/\/eramine.eramet.com\/wp-content\/uploads\/sites\/23\/2026\/03\/Dialogue-2-1-400x225.jpg 400w, https:\/\/eramine.eramet.com\/wp-content\/uploads\/sites\/23\/2026\/03\/Dialogue-2-1-600x338.jpg 600w, https:\/\/eramine.eramet.com\/wp-content\/uploads\/sites\/23\/2026\/03\/Dialogue-2-1-800x450.jpg 800w, https:\/\/eramine.eramet.com\/wp-content\/uploads\/sites\/23\/2026\/03\/Dialogue-2-1-1200x675.jpg 1200w, https:\/\/eramine.eramet.com\/wp-content\/uploads\/sites\/23\/2026\/03\/Dialogue-2-1.jpg 1920w\" data-sizes=\"auto\" data-orig-sizes=\"(max-width: 640px) 100vw, 800px\" \/><\/span><\/div><\/div><\/div><div class=\"fusion-layout-column fusion_builder_column fusion-builder-column-2 fusion_builder_column_1_1 1_1 fusion-flex-column\" style=\"--awb-bg-size:cover;--awb-width-large:100%;--awb-margin-top-large:0px;--awb-spacing-right-large:0.98%;--awb-margin-bottom-large:50px;--awb-spacing-left-large:0.98%;--awb-width-medium:100%;--awb-order-medium:0;--awb-spacing-right-medium:0.98%;--awb-spacing-left-medium:0.98%;--awb-width-small:100%;--awb-order-small:0;--awb-spacing-right-small:0.98%;--awb-spacing-left-small:0.98%;\"><div class=\"fusion-column-wrapper fusion-column-has-shadow fusion-flex-justify-content-flex-start fusion-content-layout-column\"><div style=\"text-align:left;\"><a class=\"fusion-button button-flat fusion-button-default-size button-custom fusion-button-default button-1 fusion-button-default-span fusion-button-default-type CTA-arrow fusion-has-button-gradient\" style=\"--button_accent_color:var(--awb-color7);--button_accent_hover_color:var(--awb-color3);--button_border_hover_color:var(--awb-color7);--button_border_width-top:0;--button_border_width-right:0;--button_border_width-bottom:0;--button_border_width-left:0;--button-border-radius-top-left:0;--button-border-radius-top-right:0;--button-border-radius-bottom-right:0;--button-border-radius-bottom-left:0;--button_gradient_angle:180deg;--button_gradient_top_color:var(--awb-custom_color_7);--button_gradient_bottom_color:var(--awb-custom_color_7);--button_gradient_top_color_hover:rgba(226,226,226,0);--button_gradient_bottom_color_hover:var(--awb-custom_color_3);--button_font_size:16px;--button_padding-right:70px;--button_padding-left:0px;--button_margin-top:30px;\" target=\"_self\" href=\"https:\/\/eramine.eramet.com\/es\/compromisos\/dialogo\/mecanismo-reclamos\/\"><span class=\"fusion-button-text\">VER M\u00c1S SOBRE EL MECANISMO DE RECLAMOS<\/span><\/a><\/div><\/div><\/div><\/div><\/div><div class=\"fusion-fullwidth fullwidth-box fusion-builder-row-2 fusion-flex-container has-pattern-background has-mask-background nonhundred-percent-fullwidth non-hundred-percent-height-scrolling\" style=\"--awb-border-radius-top-left:0px;--awb-border-radius-top-right:0px;--awb-border-radius-bottom-right:0px;--awb-border-radius-bottom-left:0px;--awb-flex-wrap:wrap;\" ><div class=\"fusion-builder-row fusion-row fusion-flex-align-items-flex-start fusion-flex-content-wrap\" style=\"max-width:1468.8px;margin-left: calc(-2% \/ 2 );margin-right: calc(-2% \/ 2 );\"><div class=\"fusion-layout-column fusion_builder_column fusion-builder-column-3 fusion_builder_column_1_1 1_1 fusion-flex-column dark\" style=\"--awb-padding-top:30px;--awb-padding-right:30px;--awb-padding-bottom:30px;--awb-padding-left:30px;--awb-overflow:hidden;--awb-bg-color:var(--awb-custom_color_6);--awb-bg-color-hover:var(--awb-custom_color_6);--awb-bg-size:cover;--awb-border-radius:10px 10px 10px 10px;--awb-width-large:100%;--awb-margin-top-large:0px;--awb-spacing-right-large:0.98%;--awb-margin-bottom-large:20px;--awb-spacing-left-large:0.98%;--awb-width-medium:100%;--awb-order-medium:0;--awb-spacing-right-medium:0.98%;--awb-spacing-left-medium:0.98%;--awb-width-small:100%;--awb-order-small:0;--awb-spacing-right-small:0.98%;--awb-spacing-left-small:0.98%;\"><div class=\"fusion-column-wrapper fusion-column-has-shadow fusion-flex-justify-content-flex-start fusion-content-layout-column\"><div class=\"fusion-text fusion-text-4\"><h2>Miner\u00eda Responsable en Acci\u00f3n<\/h2>\n<p>Eramet Eramine ha iniciado el proceso de auditor\u00eda conforme a <a href=\"https:\/\/responsiblemining.net\/\" target=\"_blank\" rel=\"noopener\"><strong>IRMA (Initiative for Responsible Mining Assurance)<\/strong><\/a>, reconocida como la norma m\u00e1s completa y rigurosa para pr\u00e1cticas mineras industriales a gran escala.<\/p>\n<p>La gobernanza de IRMA re\u00fane a m\u00faltiples partes interesadas con igualdad de derechos, incluyendo ONG, la industria minera, sindicatos internacionales, compradores intermedios, inversores e instituciones financieras. Su marco aborda una amplia gama de temas cr\u00edticos, tales como:<\/p>\n<ul>\n<li><strong>Derechos humanos y \u00e9tica<\/strong><\/li>\n<li><strong>Di\u00e1logo comunitario y mecanismos de reclamos<\/strong><\/li>\n<li><strong>Gesti\u00f3n ambiental y de biodiversidad<\/strong><\/li>\n<li><strong>Transparencia financiera<\/strong><\/li>\n<\/ul>\n<p>La ambici\u00f3n de Eramet es clara: para <strong>2027<\/strong>, todos sus sitios mineros estar\u00e1n comprometidos con este proceso de verificaci\u00f3n independiente, reforzando su compromiso con una miner\u00eda responsable y sostenible.<\/p>\n<\/div><\/div><\/div><\/div><\/div><\/p>\n","protected":false},"excerpt":{"rendered":"","protected":false},"author":4,"featured_media":0,"parent":53368,"menu_order":4,"comment_status":"closed","ping_status":"closed","template":"","meta":{"footnotes":""},"class_list":["post-53412","page","type-page","status-publish","hentry"],"yoast_head":"<!-- This site is optimized with the Yoast SEO plugin v26.8 - https:\/\/yoast.com\/product\/yoast-seo-wordpress\/ -->\n<title>Di\u00e1logo - Eramet Eramine<\/title>\n<meta name=\"robots\" content=\"index, follow, max-snippet:-1, max-image-preview:large, max-video-preview:-1\" \/>\n<link rel=\"canonical\" href=\"https:\/\/eramine.eramet.com\/es\/compromisos\/dialogo\/\" \/>\n<meta property=\"og:locale\" content=\"es_ES\" \/>\n<meta property=\"og:type\" content=\"article\" \/>\n<meta property=\"og:title\" content=\"Di\u00e1logo - Eramet Eramine\" \/>\n<meta property=\"og:url\" content=\"https:\/\/eramine.eramet.com\/es\/compromisos\/dialogo\/\" \/>\n<meta property=\"og:site_name\" content=\"Eramet Eramine\" \/>\n<meta property=\"article:modified_time\" content=\"2026-04-10T15:41:59+00:00\" \/>\n<meta name=\"twitter:card\" content=\"summary_large_image\" \/>\n<meta name=\"twitter:label1\" content=\"Tiempo de lectura\" \/>\n\t<meta name=\"twitter:data1\" content=\"3 minutos\" \/>\n<script type=\"application\/ld+json\" class=\"yoast-schema-graph\">{\"@context\":\"https:\/\/schema.org\",\"@graph\":[{\"@type\":\"WebPage\",\"@id\":\"https:\/\/eramine.eramet.com\/es\/compromisos\/dialogo\/\",\"url\":\"https:\/\/eramine.eramet.com\/es\/compromisos\/dialogo\/\",\"name\":\"Di\u00e1logo - Eramet Eramine\",\"isPartOf\":{\"@id\":\"https:\/\/eramine.eramet.com\/es\/#website\"},\"datePublished\":\"2024-12-10T18:31:40+00:00\",\"dateModified\":\"2026-04-10T15:41:59+00:00\",\"breadcrumb\":{\"@id\":\"https:\/\/eramine.eramet.com\/es\/compromisos\/dialogo\/#breadcrumb\"},\"inLanguage\":\"es\",\"potentialAction\":[{\"@type\":\"ReadAction\",\"target\":[\"https:\/\/eramine.eramet.com\/es\/compromisos\/dialogo\/\"]}]},{\"@type\":\"BreadcrumbList\",\"@id\":\"https:\/\/eramine.eramet.com\/es\/compromisos\/dialogo\/#breadcrumb\",\"itemListElement\":[{\"@type\":\"ListItem\",\"position\":1,\"name\":\"Home\",\"item\":\"https:\/\/eramine.eramet.com\/es\/\"},{\"@type\":\"ListItem\",\"position\":2,\"name\":\"Compromisos\",\"item\":\"https:\/\/eramine.eramet.com\/es\/compromisos\/\"},{\"@type\":\"ListItem\",\"position\":3,\"name\":\"Di\u00e1logo\"}]},{\"@type\":\"WebSite\",\"@id\":\"https:\/\/eramine.eramet.com\/es\/#website\",\"url\":\"https:\/\/eramine.eramet.com\/es\/\",\"name\":\"Eramet Eramine\",\"description\":\"\",\"potentialAction\":[{\"@type\":\"SearchAction\",\"target\":{\"@type\":\"EntryPoint\",\"urlTemplate\":\"https:\/\/eramine.eramet.com\/es\/?s={search_term_string}\"},\"query-input\":{\"@type\":\"PropertyValueSpecification\",\"valueRequired\":true,\"valueName\":\"search_term_string\"}}],\"inLanguage\":\"es\"}]}<\/script>\n<!-- \/ Yoast SEO plugin. -->","yoast_head_json":{"title":"Di\u00e1logo - Eramet Eramine","robots":{"index":"index","follow":"follow","max-snippet":"max-snippet:-1","max-image-preview":"max-image-preview:large","max-video-preview":"max-video-preview:-1"},"canonical":"https:\/\/eramine.eramet.com\/es\/compromisos\/dialogo\/","og_locale":"es_ES","og_type":"article","og_title":"Di\u00e1logo - Eramet Eramine","og_url":"https:\/\/eramine.eramet.com\/es\/compromisos\/dialogo\/","og_site_name":"Eramet Eramine","article_modified_time":"2026-04-10T15:41:59+00:00","twitter_card":"summary_large_image","twitter_misc":{"Tiempo de lectura":"3 minutos"},"schema":{"@context":"https:\/\/schema.org","@graph":[{"@type":"WebPage","@id":"https:\/\/eramine.eramet.com\/es\/compromisos\/dialogo\/","url":"https:\/\/eramine.eramet.com\/es\/compromisos\/dialogo\/","name":"Di\u00e1logo - Eramet Eramine","isPartOf":{"@id":"https:\/\/eramine.eramet.com\/es\/#website"},"datePublished":"2024-12-10T18:31:40+00:00","dateModified":"2026-04-10T15:41:59+00:00","breadcrumb":{"@id":"https:\/\/eramine.eramet.com\/es\/compromisos\/dialogo\/#breadcrumb"},"inLanguage":"es","potentialAction":[{"@type":"ReadAction","target":["https:\/\/eramine.eramet.com\/es\/compromisos\/dialogo\/"]}]},{"@type":"BreadcrumbList","@id":"https:\/\/eramine.eramet.com\/es\/compromisos\/dialogo\/#breadcrumb","itemListElement":[{"@type":"ListItem","position":1,"name":"Home","item":"https:\/\/eramine.eramet.com\/es\/"},{"@type":"ListItem","position":2,"name":"Compromisos","item":"https:\/\/eramine.eramet.com\/es\/compromisos\/"},{"@type":"ListItem","position":3,"name":"Di\u00e1logo"}]},{"@type":"WebSite","@id":"https:\/\/eramine.eramet.com\/es\/#website","url":"https:\/\/eramine.eramet.com\/es\/","name":"Eramet Eramine","description":"","potentialAction":[{"@type":"SearchAction","target":{"@type":"EntryPoint","urlTemplate":"https:\/\/eramine.eramet.com\/es\/?s={search_term_string}"},"query-input":{"@type":"PropertyValueSpecification","valueRequired":true,"valueName":"search_term_string"}}],"inLanguage":"es"}]}},"acf":[],"_links":{"self":[{"href":"https:\/\/eramine.eramet.com\/es\/wp-json\/wp\/v2\/pages\/53412","targetHints":{"allow":["GET"]}}],"collection":[{"href":"https:\/\/eramine.eramet.com\/es\/wp-json\/wp\/v2\/pages"}],"about":[{"href":"https:\/\/eramine.eramet.com\/es\/wp-json\/wp\/v2\/types\/page"}],"author":[{"embeddable":true,"href":"https:\/\/eramine.eramet.com\/es\/wp-json\/wp\/v2\/users\/4"}],"replies":[{"embeddable":true,"href":"https:\/\/eramine.eramet.com\/es\/wp-json\/wp\/v2\/comments?post=53412"}],"version-history":[{"count":6,"href":"https:\/\/eramine.eramet.com\/es\/wp-json\/wp\/v2\/pages\/53412\/revisions"}],"predecessor-version":[{"id":53535,"href":"https:\/\/eramine.eramet.com\/es\/wp-json\/wp\/v2\/pages\/53412\/revisions\/53535"}],"up":[{"embeddable":true,"href":"https:\/\/eramine.eramet.com\/es\/wp-json\/wp\/v2\/pages\/53368"}],"wp:attachment":[{"href":"https:\/\/eramine.eramet.com\/es\/wp-json\/wp\/v2\/media?parent=53412"}],"curies":[{"name":"wp","href":"https:\/\/api.w.org\/{rel}","templated":true}]}}